{"id":10138,"date":"2021-12-10T19:21:40","date_gmt":"2021-12-10T19:21:40","guid":{"rendered":"https:\/\/wilug.srtv.cl\/?page_id=10138"},"modified":"2025-06-05T21:07:19","modified_gmt":"2025-06-05T21:07:19","slug":"sucursales","status":"publish","type":"page","link":"https:\/\/wilug.cl\/index.php\/sucursales\/","title":{"rendered":"Sucursales"},"content":{"rendered":"<section class=\"l-section wpb_row us_custom_278d8c57 height_custom\"><div class=\"l-section-h i-cf\"><div class=\"g-cols vc_row type_default valign_top\"><div class=\"vc_col-sm-12 wpb_column vc_column_container\"><div class=\"vc_column-inner us_custom_e645dbf4\"><div class=\"wpb_wrapper\"><div class=\"wpb_text_column us_custom_432d3f53\" ><div class=\"wpb_wrapper\"><div class=\"et_pb_module et_pb_text et_pb_text_2 et_pb_text_align_left et_pb_bg_layout_light et_had_animation\">\n<div class=\"et_pb_text_inner\">\n<h3><strong>SUCURSALES<\/strong><\/h3>\n<\/div>\n<\/div>\n<div class=\"et_pb_module et_pb_text et_pb_text_3 et_pb_text_align_left et_pb_bg_layout_light\">\n<div class=\"et_pb_text_inner\">\n<p>En nuestra oficinas tenemos todos los servicios disponibles para ti y tu empresa, los profesionales m\u00e1s capacitados para atender todas tus dudas o necesidades. Cont\u00e1ctanos para entregarte la informaci\u00f3n que necesitas.<\/p>\n<\/div>\n<\/div>\n<\/div><\/div><\/div><\/div><\/div><\/div><\/div><\/section><section class=\"l-section wpb_row us_custom_278d8c57 height_custom\"><div class=\"l-section-h i-cf\"><div class=\"g-cols vc_row type_default valign_top\"><div class=\"vc_col-sm-4 wpb_column vc_column_container sucursal\"><div class=\"vc_column-inner\"><div class=\"wpb_wrapper\"><div class=\"w-separator size_small\"><\/div><div class=\"wpb_text_column us_custom_eb849559\" ><div class=\"wpb_wrapper\"><h4>Sucursal Express<\/h4>\n<\/div><\/div>[vc_raw_html css=\u00bb%7B%22default%22%3A%7B%22text-align%22%3A%22center%22%7D%7D\u00bb]JTNDaWZyYW1lJTIwc3JjJTNEJTIyaHR0cHMlM0ElMkYlMkZ3d3cuZ29vZ2xlLmNvbSUyRm1hcHMlMkZlbWJlZCUzRnBiJTNEJTIxMW0xNCUyMTFtOCUyMTFtMyUyMTFkMjIxMjE1LjE5NzM5NTMwNSUyMTJkLTcxLjM0NDk3NCUyMTNkLTI5Ljk2NTQxOCUyMTNtMiUyMTFpMTAyNCUyMTJpNzY4JTIxNGYxMy4xJTIxM20zJTIxMW0yJTIxMXMweDAlMjUzQTB4MmVlNWFjNzFjYWQyNjFjZiUyMTJzQXJ0aWN1bG9zJTI1MjBEZSUyNTIwU2VndXJpZGFkJTI1MjBXaWx1ZyUyNTIwTGltaXRhZGElMjE1ZTAlMjEzbTIlMjExc2VzLTQxOSUyMTJzY2wlMjE0djE2MzkxNjY5MjIyOTclMjE1bTIlMjExc2VzLTQxOSUyMTJzY2wlMjIlMjB3aWR0aCUzRCUyMjQwMCUyMiUyMGhlaWdodCUzRCUyMjE1MCUyMiUyMHN0eWxlJTNEJTIyYm9yZGVyJTNBMCUzQiUyMiUyMGFsbG93ZnVsbHNjcmVlbiUzRCUyMiUyMiUyMGxvYWRpbmclM0QlMjJsYXp5JTIyJTNFJTNDJTJGaWZyYW1lJTNF[\/vc_raw_html]<div class=\"wpb_text_column us_custom_daad4fe6\" ><div class=\"wpb_wrapper\"><div class=\"datos-sucursal\">\n<div class=\"dato loca\"><img decoding=\"async\" src=\"\/wp-content\/uploads\/2021\/12\/loca.png\" \/>Pedro\u00a0Aguirre\u00a0Cerda #865, El Llano, Coquimbo<\/div>\n<div class=\"dato tel\"><img decoding=\"async\" src=\"https:\/\/wilug.cl\/wp-content\/uploads\/2023\/08\/time.png\" \/>8.30 a 18.00 hrs de Lunes a Viernes<\/div>\n<\/div>\n<\/div><\/div><\/div><\/div><\/div><div class=\"vc_col-sm-4 wpb_column vc_column_container sucursal\"><div class=\"vc_column-inner\"><div class=\"wpb_wrapper\"><div class=\"w-separator size_small\"><\/div><div class=\"wpb_text_column us_custom_eb849559\" ><div class=\"wpb_wrapper\"><h4>Sucursal Copiap\u00f3<\/h4>\n<\/div><\/div>[vc_raw_html]JTNDaWZyYW1lJTIwc3JjJTNEJTIyaHR0cHMlM0ElMkYlMkZ3d3cuZ29vZ2xlLmNvbSUyRm1hcHMlMkZlbWJlZCUzRnBiJTNEJTIxMW0xNCUyMTFtOCUyMTFtMyUyMTFkMTQxNzEuNjM5MzYxODA2NTMlMjEyZC03MC4zMjMzMDQwMDAwMDAwMSUyMTNkLTI3LjM3ODUzMSUyMTNtMiUyMTFpMTAyNCUyMTJpNzY4JTIxNGYxMy4xJTIxM20zJTIxMW0yJTIxMXMweDk2OTgwNDYyZGJmYzUzOTMlMjUzQTB4NzJmMWYzNDYzOTgzMGMzYiUyMTJzTG9zJTI1MjBBcm9tb3MlMjUyMDE3MDUlMjUyQyUyNTIwQ29waWFwJTI1QzMlMjVCMyUyNTJDJTI1MjBBdGFjYW1hJTIxNWUwJTIxM20yJTIxMXNlcy00MTklMjEyc2NsJTIxNHYxNjM5MTY1MjUwODU3JTIxNW0yJTIxMXNlcy00MTklMjEyc2NsJTIyJTIwd2lkdGglM0QlMjI0MDAlMjIlMjBoZWlnaHQlM0QlMjIxNTAlMjIlMjBzdHlsZSUzRCUyMmJvcmRlciUzQTAlM0IlMjIlMjBhbGxvd2Z1bGxzY3JlZW4lM0QlMjIlMjIlMjBsb2FkaW5nJTNEJTIybGF6eSUyMiUzRSUzQyUyRmlmcmFtZSUzRQ==[\/vc_raw_html]<div class=\"wpb_text_column\" ><div class=\"wpb_wrapper\"><div class=\"datos-sucursal\">\n<div class=\"dato loca\"><img decoding=\"async\" src=\"\/wp-content\/uploads\/2021\/12\/loca.png\" \/>Los Aromos #1705, Copiap\u00f3<\/div>\n<div class=\"dato tel\"><img decoding=\"async\" src=\"https:\/\/wilug.cl\/wp-content\/uploads\/2023\/08\/time.png\" \/>8.30 a 18.00 hrs de Lunes a Viernes<\/div>\n<\/div>\n<\/div><\/div><\/div><\/div><\/div><div class=\"vc_col-sm-4 wpb_column vc_column_container sucursal\"><div class=\"vc_column-inner\"><div class=\"wpb_wrapper\"><div class=\"w-separator size_small\"><\/div><div class=\"wpb_text_column us_custom_eb849559\" ><div class=\"wpb_wrapper\"><h4>Sucursal Antofagasta<\/h4>\n<\/div><\/div>[vc_raw_html]JTNDaWZyYW1lJTIwc3JjJTNEJTIyaHR0cHMlM0ElMkYlMkZ3d3cuZ29vZ2xlLmNvbSUyRm1hcHMlMkZlbWJlZCUzRnBiJTNEJTIxMW0xOCUyMTFtMTIlMjExbTMlMjExZDM2NTYuMDUxMzUyNzI0OTMyJTIxMmQtNzAuMzg5Mzk0NzI0NjY4NTglMjEzZC0yMy42MDI0OTExNzg3NzE1OSUyMTJtMyUyMTFmMCUyMTJmMCUyMTNmMCUyMTNtMiUyMTFpMTAyNCUyMTJpNzY4JTIxNGYxMy4xJTIxM20zJTIxMW0yJTIxMXMweDk2YWUyYjExZjA4ZWFkOWIlMjUzQTB4OWI1ZmM4OTIwMjYzMzhmNiUyMTJzU29jYWRpbiUyNTIwQW50b2ZhZ2FzdGElMjE1ZTAlMjEzbTIlMjExc2VzLTQxOSUyMTJzY2wlMjE0djE3NDkxNTcwNjg4NDAlMjE1bTIlMjExc2VzLTQxOSUyMTJzY2wlMjIlMjB3aWR0aCUzRCUyMjQwMCUyMiUyMGhlaWdodCUzRCUyMjE1MCUyMiUyMHN0eWxlJTNEJTIyYm9yZGVyJTNBMCUzQiUyMiUyMGFsbG93ZnVsbHNjcmVlbiUzRCUyMiUyMiUyMGxvYWRpbmclM0QlMjJsYXp5JTIyJTIwcmVmZXJyZXJwb2xpY3klM0QlMjJuby1yZWZlcnJlci13aGVuLWRvd25ncmFkZSUyMiUzRSUzQyUyRmlmcmFtZSUzRQ==[\/vc_raw_html]<div class=\"wpb_text_column\" ><div class=\"wpb_wrapper\"><div class=\"datos-sucursal\">\n<div class=\"dato loca\"><img decoding=\"async\" src=\"\/wp-content\/uploads\/2021\/12\/loca.png\" \/>Av. Industrial 7280 Galp\u00f3n 9, Barrio Industrial, Antofagasta<\/div>\n<div class=\"dato tel\"><\/div>\n<div class=\"dato tel\"><img decoding=\"async\" src=\"https:\/\/wilug.cl\/wp-content\/uploads\/2023\/08\/time.png\" \/>8.30 a 18.00 hrs de Lunes a Viernes<\/div>\n<\/div>\n<\/div><\/div><\/div><\/div><\/div><\/div><\/div><\/section><section class=\"l-section wpb_row us_custom_887a049b height_custom\"><div class=\"l-section-h i-cf\"><div class=\"g-cols vc_row type_default valign_middle\"><div class=\"vc_col-sm-4 wpb_column vc_column_container sucursal\"><div class=\"vc_column-inner\"><div class=\"wpb_wrapper\"><div class=\"w-separator size_small\"><\/div><div class=\"wpb_text_column us_custom_eb849559\" ><div class=\"wpb_wrapper\"><h4 class=\"et_pb_module_header\">Sucursal Coquimbo<\/h4>\n<\/div><\/div>[vc_raw_html css=\u00bb%7B%22default%22%3A%7B%22text-align%22%3A%22center%22%7D%7D\u00bb]JTNDaWZyYW1lJTIwc3JjJTNEJTIyaHR0cHMlM0ElMkYlMkZ3d3cuZ29vZ2xlLmNvbSUyRm1hcHMlMkZlbWJlZCUzRnBiJTNEJTIxMW0xNCUyMTFtOCUyMTFtMyUyMTFkMTM4MjQuOTkyNTU1Mzg4OTElMjEyZC03MS4yNjY5OTQlMjEzZC0yOS45NzIyOTgwMDAwMDAwMDIlMjEzbTIlMjExaTEwMjQlMjEyaTc2OCUyMTRmMTMuMSUyMTNtMyUyMTFtMiUyMTFzMHgwJTI1M0EweGY4MTE4Njc4NzM5NmRmZmElMjEyc1dpbHVnJTIxNWUwJTIxM20yJTIxMXNlcy00MTklMjEyc2NsJTIxNHYxNjM5MTY2ODc3MTAzJTIxNW0yJTIxMXNlcy00MTklMjEyc2NsJTIyJTIwd2lkdGglM0QlMjI0MDAlMjIlMjBoZWlnaHQlM0QlMjIxNTAlMjIlMjBzdHlsZSUzRCUyMmJvcmRlciUzQTAlM0IlMjIlMjBhbGxvd2Z1bGxzY3JlZW4lM0QlMjIlMjIlMjBsb2FkaW5nJTNEJTIybGF6eSUyMiUzRSUzQyUyRmlmcmFtZSUzRQ==[\/vc_raw_html]<div class=\"wpb_text_column\" ><div class=\"wpb_wrapper\"><div class=\"datos-sucursal\">\n<div class=\"dato loca\"><img decoding=\"async\" src=\"\/wp-content\/uploads\/2021\/12\/loca.png\" \/>Los Carpinteros #1250, Barrio Industrial, Coquimbo<\/div>\n<div class=\"dato tel\"><img decoding=\"async\" src=\"https:\/\/wilug.cl\/wp-content\/uploads\/2023\/08\/time.png\" \/>8.30 a 17.30 de Lunes a Jueves<br \/>\n8.30 a 14.30 Viernes<\/div>\n<\/div>\n<\/div><\/div><\/div><\/div><\/div><div class=\"vc_col-sm-4 wpb_column vc_column_container sucursal\"><div class=\"vc_column-inner\"><div class=\"wpb_wrapper\"><div class=\"w-separator size_small\"><\/div><div class=\"wpb_text_column us_custom_eb849559\" ><div class=\"wpb_wrapper\"><h4 class=\"et_pb_module_header\">Sucursal Santiago<\/h4>\n<\/div><\/div>[vc_raw_html css=\u00bb%7B%22default%22%3A%7B%22text-align%22%3A%22center%22%7D%7D\u00bb]JTNDaWZyYW1lJTIwc3JjJTNEJTIyaHR0cHMlM0ElMkYlMkZ3d3cuZ29vZ2xlLmNvbSUyRm1hcHMlMkZlbWJlZCUzRnBiJTNEJTIxMW0xNCUyMTFtOCUyMTFtMyUyMTFkMTMzMjMuMjYwODI2MzA5ODg1JTIxMmQtNzAuNzYyNzE3JTIxM2QtMzMuNDAxOTg1JTIxM20yJTIxMWkxMDI0JTIxMmk3NjglMjE0ZjEzLjElMjEzbTMlMjExbTIlMjExczB4OTY2MmMxOWZkMTdmNTY2ZiUyNTNBMHhhNDg5YTAzNDg2YzFkNjIwJTIxMnNBdi4lMjUyMFZlbnRpc3F1ZXJvJTI1MjAxMjI1JTI1MkMlMjUyMFJlbmNhJTI1MkMlMjUyMFJlZ2klMjVDMyUyNUIzbiUyNTIwTWV0cm9wb2xpdGFuYSUyMTVlMCUyMTNtMiUyMTFzZXMtNDE5JTIxMnNjbCUyMTR2MTYzOTE2Njk3MDY1MCUyMTVtMiUyMTFzZXMtNDE5JTIxMnNjbCUyMiUyMHdpZHRoJTNEJTIyNDAwJTIyJTIwaGVpZ2h0JTNEJTIyMTUwJTIyJTIwc3R5bGUlM0QlMjJib3JkZXIlM0EwJTNCJTIyJTIwYWxsb3dmdWxsc2NyZWVuJTNEJTIyJTIyJTIwbG9hZGluZyUzRCUyMmxhenklMjIlM0UlM0MlMkZpZnJhbWUlM0U=[\/vc_raw_html]<div class=\"wpb_text_column\" ><div class=\"wpb_wrapper\"><div class=\"datos-sucursal\">\n<div class=\"dato loca\"><img decoding=\"async\" src=\"\/wp-content\/uploads\/2021\/12\/loca.png\" \/>Av. El Ventisquero #1225<\/div>\n<div class=\"dato tel\"><img decoding=\"async\" src=\"https:\/\/wilug.cl\/wp-content\/uploads\/2023\/08\/time.png\" \/>8.30 a 18.00 hrs de Lunes a Viernes<\/div>\n<\/div>\n<\/div><\/div><\/div><\/div><\/div><div class=\"vc_col-sm-4 wpb_column vc_column_container sucursal\"><div class=\"vc_column-inner\"><div class=\"wpb_wrapper\"><div class=\"w-iconbox iconpos_left style_default color_primary align_center no_text\"><div class=\"w-iconbox-icon\"><i class=\"fas fa-blank\"><\/i><\/div><div class=\"w-iconbox-meta\"><h4 class=\"w-iconbox-title\">Cont\u00e1ctatenos<\/h4><\/div><\/div><div class=\"w-separator size_small\"><\/div><div class=\"w-iconbox us_custom_0ebe48c2 iconpos_left style_default color_primary align_center\"><a href=\"mailto:ventas@wilug.cl\" class=\"w-iconbox-link\" aria-label=\"Correo\"><div class=\"w-iconbox-icon\"><i class=\"fas fa-envelope\"><\/i><\/div><\/a><div class=\"w-iconbox-meta\"><a href=\"mailto:ventas@wilug.cl\" class=\"w-iconbox-link\" aria-label=\"Correo\"><span class=\"w-iconbox-title\" style=\"font-size:16px;\">Correo<\/span><\/a><div class=\"w-iconbox-text\"><p><a href=\"mailto:ventas@wilug.cl\">ventas@wilug.cl<\/a><\/p>\n<\/div><\/div><\/div><div class=\"w-separator size_small\"><\/div><div class=\"w-iconbox us_custom_0ebe48c2 iconpos_left style_default color_primary align_center\"><a href=\"mailto:ventas@wilug.cl\" class=\"w-iconbox-link\" aria-label=\"Tel\u00e9fono\"><div class=\"w-iconbox-icon\"><i class=\"fas fa-mobile\"><\/i><\/div><\/a><div class=\"w-iconbox-meta\"><a href=\"mailto:ventas@wilug.cl\" class=\"w-iconbox-link\" aria-label=\"Tel\u00e9fono\"><span class=\"w-iconbox-title\" style=\"font-size:16px;\">Tel\u00e9fono<\/span><\/a><div class=\"w-iconbox-text\"><p><a href=\"tel:\u202a56512478900\u202c\">\u202a+56 512478900\u202c<\/a><\/p>\n<\/div><\/div><\/div><\/div><\/div><\/div><\/div><\/div><\/section>\n","protected":false},"excerpt":{"rendered":"SUCURSALES En nuestra oficinas tenemos todos los servicios disponibles para ti y tu empresa, los profesionales m\u00e1s capacitados para atender todas tus dudas o necesidades. Cont\u00e1ctanos para entregarte la informaci\u00f3n que necesitas. Sucursal Express [vc_raw_html css=\"%7B%22default%22%3A%7B%22text-align%22%3A%22center%22%7D%7D\"]JTNDaWZyYW1lJTIwc3JjJTNEJTIyaHR0cHMlM0ElMkYlMkZ3d3cuZ29vZ2xlLmNvbSUyRm1hcHMlMkZlbWJlZCUzRnBiJTNEJTIxMW0xNCUyMTFtOCUyMTFtMyUyMTFkMjIxMjE1LjE5NzM5NTMwNSUyMTJkLTcxLjM0NDk3NCUyMTNkLTI5Ljk2NTQxOCUyMTNtMiUyMTFpMTAyNCUyMTJpNzY4JTIxNGYxMy4xJTIxM20zJTIxMW0yJTIxMXMweDAlMjUzQTB4MmVlNWFjNzFjYWQyNjFjZiUyMTJzQXJ0aWN1bG9zJTI1MjBEZSUyNTIwU2VndXJpZGFkJTI1MjBXaWx1ZyUyNTIwTGltaXRhZGElMjE1ZTAlMjEzbTIlMjExc2VzLTQxOSUyMTJzY2wlMjE0djE2MzkxNjY5MjIyOTclMjE1bTIlMjExc2VzLTQxOSUyMTJzY2wlMjIlMjB3aWR0aCUzRCUyMjQwMCUyMiUyMGhlaWdodCUzRCUyMjE1MCUyMiUyMHN0eWxlJTNEJTIyYm9yZGVyJTNBMCUzQiUyMiUyMGFsbG93ZnVsbHNjcmVlbiUzRCUyMiUyMiUyMGxvYWRpbmclM0QlMjJsYXp5JTIyJTNFJTNDJTJGaWZyYW1lJTNF[\/vc_raw_html] Pedro\u00a0Aguirre\u00a0Cerda #865, El Llano, Coquimbo 8.30 a 18.00 hrs de Lunes a Viernes Sucursal Copiap\u00f3 [vc_raw_html]JTNDaWZyYW1lJTIwc3JjJTNEJTIyaHR0cHMlM0ElMkYlMkZ3d3cuZ29vZ2xlLmNvbSUyRm1hcHMlMkZlbWJlZCUzRnBiJTNEJTIxMW0xNCUyMTFtOCUyMTFtMyUyMTFkMTQxNzEuNjM5MzYxODA2NTMlMjEyZC03MC4zMjMzMDQwMDAwMDAwMSUyMTNkLTI3LjM3ODUzMSUyMTNtMiUyMTFpMTAyNCUyMTJpNzY4JTIxNGYxMy4xJTIxM20zJTIxMW0yJTIxMXMweDk2OTgwNDYyZGJmYzUzOTMlMjUzQTB4NzJmMWYzNDYzOTgzMGMzYiUyMTJzTG9zJTI1MjBBcm9tb3MlMjUyMDE3MDUlMjUyQyUyNTIwQ29waWFwJTI1QzMlMjVCMyUyNTJDJTI1MjBBdGFjYW1hJTIxNWUwJTIxM20yJTIxMXNlcy00MTklMjEyc2NsJTIxNHYxNjM5MTY1MjUwODU3JTIxNW0yJTIxMXNlcy00MTklMjEyc2NsJTIyJTIwd2lkdGglM0QlMjI0MDAlMjIlMjBoZWlnaHQlM0QlMjIxNTAlMjIlMjBzdHlsZSUzRCUyMmJvcmRlciUzQTAlM0IlMjIlMjBhbGxvd2Z1bGxzY3JlZW4lM0QlMjIlMjIlMjBsb2FkaW5nJTNEJTIybGF6eSUyMiUzRSUzQyUyRmlmcmFtZSUzRQ==[\/vc_raw_html] Los Aromos #1705,...","protected":false},"author":5,"featured_media":0,"parent":0,"menu_order":0,"comment_status":"closed","ping_status":"closed","template":"","meta":{"footnotes":""},"acf":[],"_links":{"self":[{"href":"https:\/\/wilug.cl\/index.php\/wp-json\/wp\/v2\/pages\/10138"}],"collection":[{"href":"https:\/\/wilug.cl\/index.php\/wp-json\/wp\/v2\/pages"}],"about":[{"href":"https:\/\/wilug.cl\/index.php\/wp-json\/wp\/v2\/types\/page"}],"author":[{"embeddable":true,"href":"https:\/\/wilug.cl\/index.php\/wp-json\/wp\/v2\/users\/5"}],"replies":[{"embeddable":true,"href":"https:\/\/wilug.cl\/index.php\/wp-json\/wp\/v2\/comments?post=10138"}],"version-history":[{"count":32,"href":"https:\/\/wilug.cl\/index.php\/wp-json\/wp\/v2\/pages\/10138\/revisions"}],"predecessor-version":[{"id":11662,"href":"https:\/\/wilug.cl\/index.php\/wp-json\/wp\/v2\/pages\/10138\/revisions\/11662"}],"wp:attachment":[{"href":"https:\/\/wilug.cl\/index.php\/wp-json\/wp\/v2\/media?parent=10138"}],"curies":[{"name":"wp","href":"https:\/\/api.w.org\/{rel}","templated":true}]}}