{"id":10160,"date":"2021-12-10T21:08:38","date_gmt":"2021-12-10T21:08:38","guid":{"rendered":"https:\/\/wilug.srtv.cl\/?page_id=10160"},"modified":"2023-12-07T18:20:43","modified_gmt":"2023-12-07T18:20:43","slug":"mantencion","status":"publish","type":"page","link":"https:\/\/wilug.cl\/index.php\/mantencion\/","title":{"rendered":"Mantenci\u00f3n"},"content":{"rendered":"<section class=\"l-section wpb_row us_custom_b6a72ce1 height_custom\"><div class=\"l-section-h i-cf\"><div class=\"g-cols vc_row type_default valign_top\"><div class=\"vc_col-sm-12 wpb_column vc_column_container\"><div class=\"vc_column-inner\"><div class=\"wpb_wrapper\"><div class=\"w-slider style_none fit_scaledown\"><div class=\"w-slider-h\"><div class=\"royalSlider\"><div class=\"rsContent\"><a class=\"rsImg\" data-rsw=\"1920\" data-rsh=\"1080\" href=\"https:\/\/wilug.cl\/wp-content\/uploads\/2021\/12\/mantencion-red-humeda.png\"><span data-alt=\"\"><\/span><\/a><\/div><div class=\"rsContent\"><a class=\"rsImg\" data-rsw=\"1920\" data-rsh=\"1080\" href=\"https:\/\/wilug.cl\/wp-content\/uploads\/2021\/12\/mantencion-de-sistemas.png\"><span data-alt=\"\"><\/span><\/a><\/div><div class=\"rsContent\"><a class=\"rsImg\" data-rsw=\"1500\" data-rsh=\"844\" href=\"https:\/\/wilug.cl\/wp-content\/uploads\/2021\/12\/mantencion-extintores.png\"><span data-alt=\"\"><\/span><\/a><\/div><\/div><img decoding=\"async\" src=\"https:\/\/wilug.cl\/wp-content\/uploads\/2021\/12\/mantencion-red-humeda.png\" width=\"1920\" height=\"1080\" alt loading=\"lazy\"><\/div><div class=\"w-slider-json\" onclick='return {&quot;loop&quot;:true,&quot;fadeInLoadedSlide&quot;:false,&quot;slidesSpacing&quot;:0,&quot;imageScalePadding&quot;:0,&quot;numImagesToPreload&quot;:2,&quot;arrowsNav&quot;:true,&quot;arrowsNavAutoHide&quot;:true,&quot;transitionType&quot;:&quot;move&quot;,&quot;transitionSpeed&quot;:300,&quot;block&quot;:{&quot;moveEffect&quot;:&quot;none&quot;,&quot;speed&quot;:300},&quot;controlNavigation&quot;:&quot;none&quot;,&quot;autoplay&quot;:{&quot;enabled&quot;:true,&quot;pauseOnHover&quot;:false,&quot;delay&quot;:4000},&quot;imageScaleMode&quot;:&quot;fit-if-smaller&quot;,&quot;autoScaleSlider&quot;:true,&quot;autoScaleSliderWidth&quot;:1920,&quot;autoScaleSliderHeight&quot;:1080,&quot;fitInViewport&quot;:false}'><\/div><\/div><\/div><\/div><\/div><\/div><\/div><\/section><section class=\"l-section wpb_row height_custom\"><div class=\"l-section-h i-cf\"><div class=\"g-cols vc_row type_default valign_top\"><div class=\"vc_col-sm-6 wpb_column vc_column_container\"><div class=\"vc_column-inner\"><div class=\"wpb_wrapper\"><div class=\"w-image align_center\"><div class=\"w-image-h\"><img loading=\"lazy\" decoding=\"async\" width=\"1000\" height=\"667\" src=\"https:\/\/wilug.cl\/wp-content\/uploads\/2021\/12\/conceptual-crop.png\" class=\"attachment-full size-full\" alt=\"\" srcset=\"https:\/\/wilug.cl\/wp-content\/uploads\/2021\/12\/conceptual-crop.png 1000w, https:\/\/wilug.cl\/wp-content\/uploads\/2021\/12\/conceptual-crop-300x200.png 300w, https:\/\/wilug.cl\/wp-content\/uploads\/2021\/12\/conceptual-crop-500x334.png 500w, https:\/\/wilug.cl\/wp-content\/uploads\/2021\/12\/conceptual-crop-600x400.png 600w\" sizes=\"(max-width: 1000px) 100vw, 1000px\" \/><\/div><\/div><div class=\"w-separator size_small\"><\/div><div class=\"w-image align_center\"><div class=\"w-image-h\"><img loading=\"lazy\" decoding=\"async\" width=\"300\" height=\"115\" src=\"https:\/\/wilug.cl\/wp-content\/uploads\/2021\/12\/Recurso-1logo-wilug-300x115.png\" class=\"attachment-medium size-medium\" alt=\"\" srcset=\"https:\/\/wilug.cl\/wp-content\/uploads\/2021\/12\/Recurso-1logo-wilug-300x115.png 300w, https:\/\/wilug.cl\/wp-content\/uploads\/2021\/12\/Recurso-1logo-wilug-1024x393.png 1024w, https:\/\/wilug.cl\/wp-content\/uploads\/2021\/12\/Recurso-1logo-wilug-500x192.png 500w, https:\/\/wilug.cl\/wp-content\/uploads\/2021\/12\/Recurso-1logo-wilug-600x230.png 600w, https:\/\/wilug.cl\/wp-content\/uploads\/2021\/12\/Recurso-1logo-wilug.png 1500w\" sizes=\"(max-width: 300px) 100vw, 300px\" \/><\/div><\/div><\/div><\/div><\/div><div class=\"vc_col-sm-6 wpb_column vc_column_container\"><div class=\"vc_column-inner\"><div class=\"wpb_wrapper\"><div class=\"w-separator size_medium\"><\/div><div class=\"wpb_text_column\" ><div class=\"wpb_wrapper\"><h2 class=\"p1\"><strong>MANTENCIONES<\/strong><\/h2>\n<p>Nuestra propuesta de mantenimiento consiste en implementar el concepto de mantenimiento integral, el que considera:<\/p>\n<ul>\n<li><strong>Mantenimiento Preventivo<\/strong>, visitas peri\u00f3dicas con actividades rutinarias que permiten detectar cualquier tipo de anomal\u00eda presente en los sistemas. Cuyo objetivo es asegurar el correcto funcionamiento de los sistemas.<\/li>\n<li><strong>Mantenimiento Correctivo<\/strong>, son atenciones eventuales destinadas a efectuar mejoras, reparaciones y atenciones extraordinarias para dar continuidad operacional a los sistemas.<\/li>\n<li><strong>Atenciones de emergencia<\/strong>, son visitas que puede solicitar el cliente en modalidad 24\u00d77, con tiempos de respuesta definidos para para brindar alg\u00fan tipo de soluci\u00f3n a una aver\u00eda del tipo catastr\u00f3fica.<\/li>\n<li><strong>Atenciones de Soporte y capacitaci\u00f3n<\/strong>, son visitas solicitadas por los clientes con el fin de brindar soporte necesario para implementar alguna mejora al funcionamiento de los sistemas, o bien, capacitar al personal de seguridad en la operaci\u00f3n de los sistemas.<\/li>\n<\/ul>\n<\/div><\/div><\/div><\/div><\/div><\/div><\/div><\/section><section class=\"l-section wpb_row height_custom\"><div class=\"l-section-h i-cf\"><div class=\"g-cols vc_row type_default valign_top\"><div class=\"vc_col-sm-12 wpb_column vc_column_container\"><div class=\"vc_column-inner\"><div class=\"wpb_wrapper\"><div class=\"wpb_text_column\" ><div class=\"wpb_wrapper\"><div class=\"et_pb_module et_pb_text et_pb_text_10 et_pb_text_align_left et_pb_bg_layout_light\">\n<div class=\"et_pb_text_inner\">\n<h2><strong>CERTIFICACIONES<\/strong><\/h2>\n<div>Ayudamos a nuestros clientes a perfeccionar el desempe\u00f1o de sus actividades y demostrar su compromiso con la excelencia y mejora continua ante sus clientes finales. A trav\u00e9s de nuestros auditores expertos\u00a0<strong>certificamos los principales est\u00e1ndares internacionales de calidad<\/strong>\u00a0(ISO 9001),\u00a0<strong>medioambiente<\/strong>\u00a0(ISO 14001),\u00a0<strong>seguridad y salud en el trabajo<\/strong>\u00a0(ISO 45001),\u00a0<strong>seguridad de la informaci\u00f3n<\/strong>\u00a0(ISO 27001) o\u00a0<strong>sostenibilidad y cambio clim\u00e1tico<\/strong>\u00a0(reducci\u00f3n de emisiones). Certificamos tambi\u00e9n una gran variedad de est\u00e1ndares nacionales, sectoriales (BRC, IFS, GLOBALG.A.P., IATF 16949) y particulares.<\/div>\n<div><\/div>\n<div><\/div>\n<div><\/div>\n<div><\/div>\n<div><\/div>\n<\/div>\n<\/div>\n<\/div><\/div><div class=\"w-image align_center\"><div class=\"w-image-h\"><img loading=\"lazy\" decoding=\"async\" width=\"1753\" height=\"587\" src=\"https:\/\/wilug.cl\/wp-content\/uploads\/2021\/12\/Certificaciones.png\" class=\"attachment-full size-full\" alt=\"\" srcset=\"https:\/\/wilug.cl\/wp-content\/uploads\/2021\/12\/Certificaciones.png 1753w, https:\/\/wilug.cl\/wp-content\/uploads\/2021\/12\/Certificaciones-300x100.png 300w, https:\/\/wilug.cl\/wp-content\/uploads\/2021\/12\/Certificaciones-1024x343.png 1024w, https:\/\/wilug.cl\/wp-content\/uploads\/2021\/12\/Certificaciones-1536x514.png 1536w, https:\/\/wilug.cl\/wp-content\/uploads\/2021\/12\/Certificaciones-500x167.png 500w, https:\/\/wilug.cl\/wp-content\/uploads\/2021\/12\/Certificaciones-600x201.png 600w\" sizes=\"(max-width: 1753px) 100vw, 1753px\" \/><\/div><\/div><\/div><\/div><\/div><\/div><\/div><\/section><section class=\"l-section wpb_row height_custom with_overlay\"><div class=\"l-section-overlay\" style=\"background: #0c71c3\"><\/div><div class=\"l-section-h i-cf\"><div class=\"g-cols vc_row type_default valign_top\"><div class=\"vc_col-sm-12 wpb_column vc_column_container\"><div class=\"vc_column-inner\"><div class=\"wpb_wrapper\"><div class=\"w-grid type_carousel layout_blog_1 valign_center\" id=\"carrusel-mantencion\"><style id=\"carrusel-mantencion_css\">#carrusel-mantencion .owl-nav div{font-size:1.8rem}<\/style><style>.layout_blog_1 .w-grid-item-h{}.layout_blog_1 .usg_post_image_1{margin-bottom:0.5rem!important}.layout_blog_1 .usg_post_title_1{font-size:1rem!important}<\/style><div class=\"w-grid-list owl-carousel navstyle_circle navpos_outside with_dots\" >\t<article class=\"w-grid-item post-10192 attachment type-attachment status-inherit hentry\" data-id=\"10192\">\n\t\t<div class=\"w-grid-item-h\">\n\t\t\t\t\t\t<div class=\"w-post-elm post_image usg_post_image_1 stretched\"><a href=\"https:\/\/wilug.cl\/index.php\/mantencion\/gnl-quintero-3\/\" aria-label=\"gnl quintero\"><img loading=\"lazy\" decoding=\"async\" width=\"1200\" height=\"510\" src=\"https:\/\/wilug.cl\/wp-content\/uploads\/2021\/12\/gnl-quintero-1.jpg\" class=\"attachment-us_600_600_crop size-us_600_600_crop\" alt=\"\" srcset=\"https:\/\/wilug.cl\/wp-content\/uploads\/2021\/12\/gnl-quintero-1.jpg 1200w, https:\/\/wilug.cl\/wp-content\/uploads\/2021\/12\/gnl-quintero-1-300x128.jpg 300w, https:\/\/wilug.cl\/wp-content\/uploads\/2021\/12\/gnl-quintero-1-1024x435.jpg 1024w, https:\/\/wilug.cl\/wp-content\/uploads\/2021\/12\/gnl-quintero-1-500x213.jpg 500w, https:\/\/wilug.cl\/wp-content\/uploads\/2021\/12\/gnl-quintero-1-600x255.jpg 600w\" sizes=\"(max-width: 1200px) 100vw, 1200px\" \/><\/a><\/div><h2 class=\"w-post-elm post_title usg_post_title_1 entry-title color_link_inherit\"><a href=\"https:\/\/wilug.cl\/index.php\/mantencion\/gnl-quintero-3\/\">gnl quintero<\/a><\/h2>\t\t<\/div>\n\t<\/article>\n\t<article class=\"w-grid-item post-10191 attachment type-attachment status-inherit hentry\" data-id=\"10191\">\n\t\t<div class=\"w-grid-item-h\">\n\t\t\t\t\t\t<div class=\"w-post-elm post_image usg_post_image_1 stretched\"><a href=\"https:\/\/wilug.cl\/index.php\/mantencion\/antucoya-2\/\" aria-label=\"antucoya\"><img loading=\"lazy\" decoding=\"async\" width=\"2000\" height=\"850\" src=\"https:\/\/wilug.cl\/wp-content\/uploads\/2021\/12\/antucoya-1.jpg\" class=\"attachment-us_600_600_crop size-us_600_600_crop\" alt=\"\" srcset=\"https:\/\/wilug.cl\/wp-content\/uploads\/2021\/12\/antucoya-1.jpg 2000w, https:\/\/wilug.cl\/wp-content\/uploads\/2021\/12\/antucoya-1-300x128.jpg 300w, https:\/\/wilug.cl\/wp-content\/uploads\/2021\/12\/antucoya-1-1024x435.jpg 1024w, https:\/\/wilug.cl\/wp-content\/uploads\/2021\/12\/antucoya-1-1536x653.jpg 1536w, https:\/\/wilug.cl\/wp-content\/uploads\/2021\/12\/antucoya-1-500x213.jpg 500w, https:\/\/wilug.cl\/wp-content\/uploads\/2021\/12\/antucoya-1-600x255.jpg 600w\" sizes=\"(max-width: 2000px) 100vw, 2000px\" \/><\/a><\/div><h2 class=\"w-post-elm post_title usg_post_title_1 entry-title color_link_inherit\"><a href=\"https:\/\/wilug.cl\/index.php\/mantencion\/antucoya-2\/\">antucoya<\/a><\/h2>\t\t<\/div>\n\t<\/article>\n\t<article class=\"w-grid-item post-10190 attachment type-attachment status-inherit hentry\" data-id=\"10190\">\n\t\t<div class=\"w-grid-item-h\">\n\t\t\t\t\t\t<div class=\"w-post-elm post_image usg_post_image_1 stretched\"><a href=\"https:\/\/wilug.cl\/index.php\/mantencion\/pelambres-2\/\" aria-label=\"pelambres\"><img loading=\"lazy\" decoding=\"async\" width=\"2000\" height=\"850\" src=\"https:\/\/wilug.cl\/wp-content\/uploads\/2021\/12\/pelambres-1.jpg\" class=\"attachment-us_600_600_crop size-us_600_600_crop\" alt=\"\" srcset=\"https:\/\/wilug.cl\/wp-content\/uploads\/2021\/12\/pelambres-1.jpg 2000w, https:\/\/wilug.cl\/wp-content\/uploads\/2021\/12\/pelambres-1-300x128.jpg 300w, https:\/\/wilug.cl\/wp-content\/uploads\/2021\/12\/pelambres-1-1024x435.jpg 1024w, https:\/\/wilug.cl\/wp-content\/uploads\/2021\/12\/pelambres-1-1536x653.jpg 1536w, https:\/\/wilug.cl\/wp-content\/uploads\/2021\/12\/pelambres-1-500x213.jpg 500w, https:\/\/wilug.cl\/wp-content\/uploads\/2021\/12\/pelambres-1-600x255.jpg 600w\" sizes=\"(max-width: 2000px) 100vw, 2000px\" \/><\/a><\/div><h2 class=\"w-post-elm post_title usg_post_title_1 entry-title color_link_inherit\"><a href=\"https:\/\/wilug.cl\/index.php\/mantencion\/pelambres-2\/\">pelambres<\/a><\/h2>\t\t<\/div>\n\t<\/article>\n\t<article class=\"w-grid-item post-10189 attachment type-attachment status-inherit hentry\" data-id=\"10189\">\n\t\t<div class=\"w-grid-item-h\">\n\t\t\t\t\t\t<div class=\"w-post-elm post_image usg_post_image_1 stretched\"><a href=\"https:\/\/wilug.cl\/index.php\/mantencion\/mall-plaza\/\" aria-label=\"mall plaza\"><img loading=\"lazy\" decoding=\"async\" width=\"1276\" height=\"542\" src=\"https:\/\/wilug.cl\/wp-content\/uploads\/2021\/12\/mall-plaza-1.jpg\" class=\"attachment-us_600_600_crop size-us_600_600_crop\" alt=\"\" srcset=\"https:\/\/wilug.cl\/wp-content\/uploads\/2021\/12\/mall-plaza-1.jpg 1276w, https:\/\/wilug.cl\/wp-content\/uploads\/2021\/12\/mall-plaza-1-300x127.jpg 300w, https:\/\/wilug.cl\/wp-content\/uploads\/2021\/12\/mall-plaza-1-1024x435.jpg 1024w, https:\/\/wilug.cl\/wp-content\/uploads\/2021\/12\/mall-plaza-1-500x212.jpg 500w, https:\/\/wilug.cl\/wp-content\/uploads\/2021\/12\/mall-plaza-1-600x255.jpg 600w\" sizes=\"(max-width: 1276px) 100vw, 1276px\" \/><\/a><\/div><h2 class=\"w-post-elm post_title usg_post_title_1 entry-title color_link_inherit\"><a href=\"https:\/\/wilug.cl\/index.php\/mantencion\/mall-plaza\/\">mall plaza<\/a><\/h2>\t\t<\/div>\n\t<\/article>\n\t<article class=\"w-grid-item post-10188 attachment type-attachment status-inherit hentry\" data-id=\"10188\">\n\t\t<div class=\"w-grid-item-h\">\n\t\t\t\t\t\t<div class=\"w-post-elm post_image usg_post_image_1 stretched\"><a href=\"https:\/\/wilug.cl\/index.php\/mantencion\/grupo-falabella-2\/\" aria-label=\"grupo falabella\"><img loading=\"lazy\" decoding=\"async\" width=\"1600\" height=\"680\" src=\"https:\/\/wilug.cl\/wp-content\/uploads\/2021\/12\/grupo-falabella-1.jpg\" class=\"attachment-us_600_600_crop size-us_600_600_crop\" alt=\"\" srcset=\"https:\/\/wilug.cl\/wp-content\/uploads\/2021\/12\/grupo-falabella-1.jpg 1600w, https:\/\/wilug.cl\/wp-content\/uploads\/2021\/12\/grupo-falabella-1-300x128.jpg 300w, https:\/\/wilug.cl\/wp-content\/uploads\/2021\/12\/grupo-falabella-1-1024x435.jpg 1024w, https:\/\/wilug.cl\/wp-content\/uploads\/2021\/12\/grupo-falabella-1-1536x653.jpg 1536w, https:\/\/wilug.cl\/wp-content\/uploads\/2021\/12\/grupo-falabella-1-500x213.jpg 500w, https:\/\/wilug.cl\/wp-content\/uploads\/2021\/12\/grupo-falabella-1-600x255.jpg 600w\" sizes=\"(max-width: 1600px) 100vw, 1600px\" \/><\/a><\/div><h2 class=\"w-post-elm post_title usg_post_title_1 entry-title color_link_inherit\"><a href=\"https:\/\/wilug.cl\/index.php\/mantencion\/grupo-falabella-2\/\">grupo falabella<\/a><\/h2>\t\t<\/div>\n\t<\/article>\n<\/div><div class=\"g-preloader type_1\">\n\t<div><\/div>\n<\/div>\n\t<div class=\"w-grid-json hidden\" onclick='return {&quot;action&quot;:&quot;us_ajax_grid&quot;,&quot;ajax_url&quot;:&quot;https:\\\/\\\/wilug.cl\\\/wp-admin\\\/admin-ajax.php&quot;,&quot;infinite_scroll&quot;:0,&quot;max_num_pages&quot;:1,&quot;pagination&quot;:&quot;none&quot;,&quot;permalink_url&quot;:&quot;https:\\\/\\\/wilug.cl\\\/wp-json\\\/wp\\\/v2\\\/pages\\\/10160&quot;,&quot;template_vars&quot;:{&quot;columns&quot;:&quot;1&quot;,&quot;exclude_items&quot;:&quot;none&quot;,&quot;img_size&quot;:&quot;default&quot;,&quot;ignore_items_size&quot;:false,&quot;items_layout&quot;:&quot;blog_1&quot;,&quot;items_offset&quot;:&quot;1&quot;,&quot;load_animation&quot;:&quot;none&quot;,&quot;overriding_link&quot;:&quot;none&quot;,&quot;post_id&quot;:10160,&quot;query_args&quot;:{&quot;post_type&quot;:[&quot;attachment&quot;],&quot;post__in&quot;:[&quot;10188&quot;,&quot;10189&quot;,&quot;10190&quot;,&quot;10191&quot;,&quot;10192&quot;],&quot;post_status&quot;:&quot;inherit&quot;,&quot;post_mime_type&quot;:&quot;image&quot;,&quot;posts_per_page&quot;:&quot;10&quot;},&quot;orderby_query_args&quot;:{&quot;orderby&quot;:{&quot;date&quot;:&quot;DESC&quot;}},&quot;type&quot;:&quot;carousel&quot;,&quot;us_grid_ajax_index&quot;:1,&quot;us_grid_filter_params&quot;:null,&quot;us_grid_index&quot;:1,&quot;_us_grid_post_type&quot;:&quot;attachment&quot;},&quot;carousel_settings&quot;:{&quot;autoHeight&quot;:0,&quot;autoplay&quot;:0,&quot;carousel_fade&quot;:0,&quot;center&quot;:0,&quot;dots&quot;:1,&quot;items&quot;:&quot;1&quot;,&quot;loop&quot;:false,&quot;nav&quot;:1,&quot;slideby&quot;:&quot;1&quot;,&quot;smooth_play&quot;:0,&quot;speed&quot;:250,&quot;timeout&quot;:3000,&quot;transition&quot;:&quot;&quot;},&quot;carousel_breakpoints&quot;:{&quot;1200&quot;:{&quot;items&quot;:1},&quot;900&quot;:{&quot;autoHeight&quot;:0,&quot;autoplay&quot;:1,&quot;autoplayHoverPause&quot;:1,&quot;items&quot;:&quot;1&quot;,&quot;loop&quot;:true},&quot;600&quot;:{&quot;autoHeight&quot;:0,&quot;autoplay&quot;:1,&quot;autoplayHoverPause&quot;:1,&quot;items&quot;:&quot;1&quot;,&quot;loop&quot;:true},&quot;0&quot;:{&quot;autoHeight&quot;:0,&quot;autoplay&quot;:1,&quot;autoplayHoverPause&quot;:1,&quot;items&quot;:1,&quot;loop&quot;:true}}}'><\/div>\n\t<\/div><\/div><\/div><\/div><\/div><\/div><\/section><section class=\"l-section wpb_row height_custom\"><div class=\"l-section-h i-cf\"><div class=\"g-cols vc_row type_default valign_top\"><div class=\"vc_col-sm-12 wpb_column vc_column_container\"><div class=\"vc_column-inner\"><div class=\"wpb_wrapper\"><div class=\"wpb_text_column us_custom_eb849559\" ><div class=\"wpb_wrapper\"><h2><strong>EQUIPOS EN FAENAS MINERAS<\/strong><\/h2>\n<h3>Contamos con equipos de trabajo que desarrollan sistemas de detecci\u00f3n o extinci\u00f3n en las empresas mineras m\u00e1s grandes de Chile.<\/h3>\n<\/div><\/div><div class=\"w-separator size_small\"><\/div><div class=\"w-image align_center\"><div class=\"w-image-h\"><img loading=\"lazy\" decoding=\"async\" width=\"1536\" height=\"842\" src=\"https:\/\/wilug.cl\/wp-content\/uploads\/2021\/12\/Captura-de-pantalla-2019-10-01-a-las-17.44.16-1536x842-1.png\" class=\"attachment-full size-full\" alt=\"\" srcset=\"https:\/\/wilug.cl\/wp-content\/uploads\/2021\/12\/Captura-de-pantalla-2019-10-01-a-las-17.44.16-1536x842-1.png 1536w, https:\/\/wilug.cl\/wp-content\/uploads\/2021\/12\/Captura-de-pantalla-2019-10-01-a-las-17.44.16-1536x842-1-300x164.png 300w, https:\/\/wilug.cl\/wp-content\/uploads\/2021\/12\/Captura-de-pantalla-2019-10-01-a-las-17.44.16-1536x842-1-1024x561.png 1024w, https:\/\/wilug.cl\/wp-content\/uploads\/2021\/12\/Captura-de-pantalla-2019-10-01-a-las-17.44.16-1536x842-1-500x274.png 500w, https:\/\/wilug.cl\/wp-content\/uploads\/2021\/12\/Captura-de-pantalla-2019-10-01-a-las-17.44.16-1536x842-1-600x329.png 600w\" sizes=\"(max-width: 1536px) 100vw, 1536px\" \/><\/div><\/div><\/div><\/div><\/div><\/div><\/div><\/section><section class=\"l-section wpb_row height_custom\" id=\"formulario-contacto\"><div class=\"l-section-h i-cf\"><div class=\"g-cols vc_row type_default valign_top\"><div class=\"vc_col-sm-12 wpb_column vc_column_container\"><div class=\"vc_column-inner\"><div class=\"wpb_wrapper\"><div class=\"wpb_text_column us_custom_eb849559\" ><div class=\"wpb_wrapper\"><h3><strong>FORMULARIO DE CONTACTO<\/strong><\/h3>\n<\/div><\/div><div class=\"w-separator size_small\"><\/div><\/div><\/div><\/div><div class=\"vc_col-sm-6 wpb_column vc_column_container\"><div class=\"vc_column-inner\"><div class=\"wpb_wrapper\"><div class=\"w-image style_circle align_center\"><div class=\"w-image-h\"><img loading=\"lazy\" decoding=\"async\" width=\"300\" height=\"240\" src=\"https:\/\/wilug.cl\/wp-content\/uploads\/2021\/12\/call-center-woman-300x240.jpeg\" class=\"attachment-medium size-medium\" alt=\"\" srcset=\"https:\/\/wilug.cl\/wp-content\/uploads\/2021\/12\/call-center-woman-300x240.jpeg 300w, https:\/\/wilug.cl\/wp-content\/uploads\/2021\/12\/call-center-woman.jpeg 500w\" sizes=\"(max-width: 300px) 100vw, 300px\" \/><\/div><\/div><div class=\"w-separator size_small\"><\/div><div class=\"wpb_text_column us_custom_eb849559\" ><div class=\"wpb_wrapper\"><p><!--\n\n\n\n\n<h2><strong>GUSTAVO<\/strong>\u00a0FLORES GARRI<\/h2>\n\n\n\n\n\n\n\n\n<h4><strong>L\u00edder Equipo Operaciones<\/strong><\/h4>\n\n\n\n\n--><\/p>\n<p><img decoding=\"async\" class=\"emoji\" role=\"img\" draggable=\"false\" src=\"https:\/\/s.w.org\/images\/core\/emoji\/13.1.0\/svg\/2709.svg\" alt=\"\u2709\" \/>\u00a0<a href=\"mailto:carla.paz@wilug.cl\">carla.paz@wilug.cl<\/a>\u00a0\u00a0<img decoding=\"async\" class=\"emoji\" role=\"img\" draggable=\"false\" src=\"https:\/\/s.w.org\/images\/core\/emoji\/13.1.0\/svg\/1f4de.svg\" alt=\"\ud83d\udcde\" \/>\u00a0<strong>+569 8502 4823<\/strong><\/p>\n<\/div><\/div><\/div><\/div><\/div><div class=\"vc_col-sm-6 wpb_column vc_column_container\"><div class=\"vc_column-inner\"><div class=\"wpb_wrapper\">[vc_raw_html]JTVCY29udGFjdC1mb3JtLTclMjBpZCUzRCUyMjExJTIyJTIwdGl0bGUlM0QlMjJGb3JtdWxhcmlvJTIwZGUlMjBjb250YWN0byUyMDElMjIlNUQ=[\/vc_raw_html]<\/div><\/div><\/div><\/div><\/div><\/section>\n","protected":false},"excerpt":{"rendered":"","protected":false},"author":5,"featured_media":0,"parent":0,"menu_order":0,"comment_status":"closed","ping_status":"closed","template":"","meta":{"footnotes":""},"acf":[],"_links":{"self":[{"href":"https:\/\/wilug.cl\/index.php\/wp-json\/wp\/v2\/pages\/10160"}],"collection":[{"href":"https:\/\/wilug.cl\/index.php\/wp-json\/wp\/v2\/pages"}],"about":[{"href":"https:\/\/wilug.cl\/index.php\/wp-json\/wp\/v2\/types\/page"}],"author":[{"embeddable":true,"href":"https:\/\/wilug.cl\/index.php\/wp-json\/wp\/v2\/users\/5"}],"replies":[{"embeddable":true,"href":"https:\/\/wilug.cl\/index.php\/wp-json\/wp\/v2\/comments?post=10160"}],"version-history":[{"count":28,"href":"https:\/\/wilug.cl\/index.php\/wp-json\/wp\/v2\/pages\/10160\/revisions"}],"predecessor-version":[{"id":11176,"href":"https:\/\/wilug.cl\/index.php\/wp-json\/wp\/v2\/pages\/10160\/revisions\/11176"}],"wp:attachment":[{"href":"https:\/\/wilug.cl\/index.php\/wp-json\/wp\/v2\/media?parent=10160"}],"curies":[{"name":"wp","href":"https:\/\/api.w.org\/{rel}","templated":true}]}}