{"id":10202,"date":"2021-12-13T15:00:31","date_gmt":"2021-12-13T15:00:31","guid":{"rendered":"https:\/\/wilug.srtv.cl\/?page_id=10202"},"modified":"2023-12-07T18:20:44","modified_gmt":"2023-12-07T18:20:44","slug":"mantencion-de-red-humeda","status":"publish","type":"page","link":"https:\/\/wilug.cl\/index.php\/mantencion-de-red-humeda\/","title":{"rendered":"Mantenci\u00f3n de red h\u00fameda"},"content":{"rendered":"<section class=\"l-section wpb_row us_custom_b6a72ce1 height_custom\"><div class=\"l-section-h i-cf\"><div class=\"g-cols vc_row type_default valign_top\"><div class=\"vc_col-sm-12 wpb_column vc_column_container\"><div class=\"vc_column-inner\"><div class=\"wpb_wrapper\"><\/div><\/div><\/div><\/div><\/div><\/section><section class=\"l-section wpb_row height_custom\"><div class=\"l-section-h i-cf\"><div class=\"g-cols vc_row type_default valign_top\"><div class=\"vc_col-sm-6 wpb_column vc_column_container\"><div class=\"vc_column-inner\"><div class=\"wpb_wrapper\"><div class=\"w-image align_center\"><div class=\"w-image-h\"><img loading=\"lazy\" decoding=\"async\" width=\"1920\" height=\"1080\" src=\"https:\/\/wilug.cl\/wp-content\/uploads\/2021\/12\/mantencion-red-humeda.png\" class=\"attachment-full size-full\" alt=\"\" srcset=\"https:\/\/wilug.cl\/wp-content\/uploads\/2021\/12\/mantencion-red-humeda.png 1920w, https:\/\/wilug.cl\/wp-content\/uploads\/2021\/12\/mantencion-red-humeda-300x169.png 300w, https:\/\/wilug.cl\/wp-content\/uploads\/2021\/12\/mantencion-red-humeda-1024x576.png 1024w, https:\/\/wilug.cl\/wp-content\/uploads\/2021\/12\/mantencion-red-humeda-1536x864.png 1536w, https:\/\/wilug.cl\/wp-content\/uploads\/2021\/12\/mantencion-red-humeda-500x281.png 500w, https:\/\/wilug.cl\/wp-content\/uploads\/2021\/12\/mantencion-red-humeda-600x338.png 600w\" sizes=\"(max-width: 1920px) 100vw, 1920px\" \/><\/div><\/div><\/div><\/div><\/div><div class=\"vc_col-sm-6 wpb_column vc_column_container\"><div class=\"vc_column-inner\"><div class=\"wpb_wrapper\"><div class=\"wpb_text_column us_custom_a5c88937\" ><div class=\"wpb_wrapper\"><p>Contamos con planes de mantenimiento preventivos que consideran la inspecci\u00f3n, mantenci\u00f3n y prueba de los sistemas de la red h\u00fameda contra incendios. La inspecci\u00f3n de la red h\u00fameda cada cierto tiempo es importante para asegurar el funcionamiento cuando sea necesaria.<\/p>\n<div class=\"botones-triples\"><a class=\"cotizar\" href=\"\/index.php\/mantencion\/#formulario-contacto\">COTIZAR<\/a> <a class=\"llamar\" href=\"tel:800400222\">LLAMAR<\/a> <a class=\"tienda-online\" href=\"\/index.php\/categoria-producto\/accesorios\/\">VISITA NUESTRA TIENDA ONLINE<\/a><\/div>\n<\/div><\/div><\/div><\/div><\/div><\/div><\/div><\/section>\n","protected":false},"excerpt":{"rendered":"Contamos con planes de mantenimiento preventivos que consideran la inspecci\u00f3n, mantenci\u00f3n y prueba de los sistemas de la red h\u00fameda contra incendios. La inspecci\u00f3n de la red h\u00fameda cada cierto tiempo es importante para asegurar el funcionamiento cuando sea necesaria. COTIZAR LLAMAR VISITA NUESTRA TIENDA ONLINE","protected":false},"author":5,"featured_media":0,"parent":0,"menu_order":0,"comment_status":"closed","ping_status":"closed","template":"","meta":{"footnotes":""},"acf":[],"_links":{"self":[{"href":"https:\/\/wilug.cl\/index.php\/wp-json\/wp\/v2\/pages\/10202"}],"collection":[{"href":"https:\/\/wilug.cl\/index.php\/wp-json\/wp\/v2\/pages"}],"about":[{"href":"https:\/\/wilug.cl\/index.php\/wp-json\/wp\/v2\/types\/page"}],"author":[{"embeddable":true,"href":"https:\/\/wilug.cl\/index.php\/wp-json\/wp\/v2\/users\/5"}],"replies":[{"embeddable":true,"href":"https:\/\/wilug.cl\/index.php\/wp-json\/wp\/v2\/comments?post=10202"}],"version-history":[{"count":6,"href":"https:\/\/wilug.cl\/index.php\/wp-json\/wp\/v2\/pages\/10202\/revisions"}],"predecessor-version":[{"id":10508,"href":"https:\/\/wilug.cl\/index.php\/wp-json\/wp\/v2\/pages\/10202\/revisions\/10508"}],"wp:attachment":[{"href":"https:\/\/wilug.cl\/index.php\/wp-json\/wp\/v2\/media?parent=10202"}],"curies":[{"name":"wp","href":"https:\/\/api.w.org\/{rel}","templated":true}]}}