{"id":10207,"date":"2021-12-13T15:14:38","date_gmt":"2021-12-13T15:14:38","guid":{"rendered":"https:\/\/wilug.srtv.cl\/?page_id=10207"},"modified":"2023-12-07T18:20:44","modified_gmt":"2023-12-07T18:20:44","slug":"mantencion-de-extintores","status":"publish","type":"page","link":"https:\/\/wilug.cl\/index.php\/mantencion-de-extintores\/","title":{"rendered":"Mantenci\u00f3n de extintores"},"content":{"rendered":"<section class=\"l-section wpb_row us_custom_b6a72ce1 height_custom\"><div class=\"l-section-h i-cf\"><div class=\"g-cols vc_row type_default valign_top\"><div class=\"vc_col-sm-12 wpb_column vc_column_container\"><div class=\"vc_column-inner\"><div class=\"wpb_wrapper\"><\/div><\/div><\/div><\/div><\/div><\/section><section class=\"l-section wpb_row height_custom\"><div class=\"l-section-h i-cf\"><div class=\"g-cols vc_row type_default valign_top\"><div class=\"vc_col-sm-6 wpb_column vc_column_container\"><div class=\"vc_column-inner\"><div class=\"wpb_wrapper\"><div class=\"w-image align_center\"><div class=\"w-image-h\"><img loading=\"lazy\" decoding=\"async\" width=\"1500\" height=\"844\" src=\"https:\/\/wilug.cl\/wp-content\/uploads\/2021\/12\/mantencion-extintores.png\" class=\"attachment-full size-full\" alt=\"\" srcset=\"https:\/\/wilug.cl\/wp-content\/uploads\/2021\/12\/mantencion-extintores.png 1500w, https:\/\/wilug.cl\/wp-content\/uploads\/2021\/12\/mantencion-extintores-300x169.png 300w, https:\/\/wilug.cl\/wp-content\/uploads\/2021\/12\/mantencion-extintores-1024x576.png 1024w, https:\/\/wilug.cl\/wp-content\/uploads\/2021\/12\/mantencion-extintores-500x281.png 500w, https:\/\/wilug.cl\/wp-content\/uploads\/2021\/12\/mantencion-extintores-600x338.png 600w\" sizes=\"(max-width: 1500px) 100vw, 1500px\" \/><\/div><\/div><\/div><\/div><\/div><div class=\"vc_col-sm-6 wpb_column vc_column_container\"><div class=\"vc_column-inner\"><div class=\"wpb_wrapper\"><div class=\"wpb_text_column us_custom_a5c88937\" ><div class=\"wpb_wrapper\"><p>Brindamos el servicio de mantenci\u00f3n para extintores, donde hacemos su debida inspecci\u00f3n para asegurarnos que funcionen correctamente, de forma peri\u00f3dica, de forma que siempre estar\u00e1n listos cuando se requieran, con sus debidos reemplazos o rellenos, brindamos el servicio de mantenimiento e inspecci\u00f3n de extintores, no dudes en contactarnos si necesitas asesor\u00eda especializada.<\/p>\n<div class=\"botones-triples\"><a class=\"cotizar\" href=\"\/index.php\/mantencion\/#formulario-contacto\">COTIZAR<\/a> <a class=\"llamar\" href=\"tel:800400222\">LLAMAR<\/a> <a class=\"tienda-online\" href=\"\/index.php\/categoria-producto\/accesorios\/\">VISITA NUESTRA TIENDA ONLINE<\/a><\/div>\n<\/div><\/div><\/div><\/div><\/div><\/div><\/div><\/section>\n","protected":false},"excerpt":{"rendered":"Brindamos el servicio de mantenci\u00f3n para extintores, donde hacemos su debida inspecci\u00f3n para asegurarnos que funcionen correctamente, de forma peri\u00f3dica, de forma que siempre estar\u00e1n listos cuando se requieran, con sus debidos reemplazos o rellenos, brindamos el servicio de mantenimiento e inspecci\u00f3n de extintores, no dudes en contactarnos si necesitas asesor\u00eda especializada. COTIZAR LLAMAR VISITA...","protected":false},"author":5,"featured_media":0,"parent":0,"menu_order":0,"comment_status":"closed","ping_status":"closed","template":"","meta":{"footnotes":""},"acf":[],"_links":{"self":[{"href":"https:\/\/wilug.cl\/index.php\/wp-json\/wp\/v2\/pages\/10207"}],"collection":[{"href":"https:\/\/wilug.cl\/index.php\/wp-json\/wp\/v2\/pages"}],"about":[{"href":"https:\/\/wilug.cl\/index.php\/wp-json\/wp\/v2\/types\/page"}],"author":[{"embeddable":true,"href":"https:\/\/wilug.cl\/index.php\/wp-json\/wp\/v2\/users\/5"}],"replies":[{"embeddable":true,"href":"https:\/\/wilug.cl\/index.php\/wp-json\/wp\/v2\/comments?post=10207"}],"version-history":[{"count":9,"href":"https:\/\/wilug.cl\/index.php\/wp-json\/wp\/v2\/pages\/10207\/revisions"}],"predecessor-version":[{"id":10509,"href":"https:\/\/wilug.cl\/index.php\/wp-json\/wp\/v2\/pages\/10207\/revisions\/10509"}],"wp:attachment":[{"href":"https:\/\/wilug.cl\/index.php\/wp-json\/wp\/v2\/media?parent=10207"}],"curies":[{"name":"wp","href":"https:\/\/api.w.org\/{rel}","templated":true}]}}