{"id":10214,"date":"2021-12-13T15:22:11","date_gmt":"2021-12-13T15:22:11","guid":{"rendered":"https:\/\/wilug.srtv.cl\/?page_id=10214"},"modified":"2023-12-07T18:20:44","modified_gmt":"2023-12-07T18:20:44","slug":"mantencion-de-sistemas-contra-incendio","status":"publish","type":"page","link":"https:\/\/wilug.cl\/index.php\/mantencion-de-sistemas-contra-incendio\/","title":{"rendered":"Mantenci\u00f3n de sistemas contra incendio"},"content":{"rendered":"<section class=\"l-section wpb_row us_custom_b6a72ce1 height_custom\"><div class=\"l-section-h i-cf\"><div class=\"g-cols vc_row type_default valign_top\"><div class=\"vc_col-sm-12 wpb_column vc_column_container\"><div class=\"vc_column-inner\"><div class=\"wpb_wrapper\"><\/div><\/div><\/div><\/div><\/div><\/section><section class=\"l-section wpb_row height_custom\"><div class=\"l-section-h i-cf\"><div class=\"g-cols vc_row type_default valign_top\"><div class=\"vc_col-sm-6 wpb_column vc_column_container\"><div class=\"vc_column-inner\"><div class=\"wpb_wrapper\"><div class=\"w-image align_center\"><div class=\"w-image-h\"><img loading=\"lazy\" decoding=\"async\" width=\"1920\" height=\"1080\" src=\"https:\/\/wilug.cl\/wp-content\/uploads\/2021\/12\/mantencion-de-sistemas.png\" class=\"attachment-full size-full\" alt=\"\" srcset=\"https:\/\/wilug.cl\/wp-content\/uploads\/2021\/12\/mantencion-de-sistemas.png 1920w, https:\/\/wilug.cl\/wp-content\/uploads\/2021\/12\/mantencion-de-sistemas-300x169.png 300w, https:\/\/wilug.cl\/wp-content\/uploads\/2021\/12\/mantencion-de-sistemas-1024x576.png 1024w, https:\/\/wilug.cl\/wp-content\/uploads\/2021\/12\/mantencion-de-sistemas-1536x864.png 1536w, https:\/\/wilug.cl\/wp-content\/uploads\/2021\/12\/mantencion-de-sistemas-500x281.png 500w, https:\/\/wilug.cl\/wp-content\/uploads\/2021\/12\/mantencion-de-sistemas-600x338.png 600w\" sizes=\"(max-width: 1920px) 100vw, 1920px\" \/><\/div><\/div><\/div><\/div><\/div><div class=\"vc_col-sm-6 wpb_column vc_column_container\"><div class=\"vc_column-inner\"><div class=\"wpb_wrapper\"><div class=\"wpb_text_column us_custom_a5c88937\" ><div class=\"wpb_wrapper\"><p>Realizamos mantenci\u00f3n de sistemas contra incendio, incluyendo el mantenimiento e inspecci\u00f3n preventivos que considera la prueba de los equipos y sistemas, para asegurar el correcto funcionamiento del sistema contra incendio cuando sea\u00a0 requerido.<\/p>\n<p>Con equipos de trabajo con una amplia experiencia, certificaci\u00f3n de f\u00e1brica y normas internacionales NFFPA, asesoramos en los siguientes \u00e1mbitos:<\/p>\n<ul>\n<li>EXTINTORES PORT\u00c1TILES Y RODANTES<\/li>\n<li>DETECCI\u00d3N Y ALARMA DE INCENDIO<\/li>\n<li>SISTEMAS CCTV Y SEGURIDAD ELECTR\u00d3NICA<\/li>\n<li>ROCIADORES AUTOM\u00c1TICOS CONTRA INCENDIOS<\/li>\n<li>ESPUMAS CONTRA INCENDIOS<\/li>\n<li>Y MUCHO M\u00c1S.<\/li>\n<\/ul>\n<div class=\"botones-triples\"><a class=\"cotizar\" href=\"\/index.php\/mantencion\/#formulario-contacto\">COTIZAR<\/a> <a class=\"llamar\" href=\"tel:800400222\">LLAMAR<\/a> <a class=\"tienda-online\" href=\"\/index.php\/categoria-producto\/accesorios\/\">VISITA NUESTRA TIENDA ONLINE<\/a><\/div>\n<\/div><\/div><\/div><\/div><\/div><\/div><\/div><\/section>\n","protected":false},"excerpt":{"rendered":"Realizamos mantenci\u00f3n de sistemas contra incendio, incluyendo el mantenimiento e inspecci\u00f3n preventivos que considera la prueba de los equipos y sistemas, para asegurar el correcto funcionamiento del sistema contra incendio cuando sea\u00a0 requerido. Con equipos de trabajo con una amplia experiencia, certificaci\u00f3n de f\u00e1brica y normas internacionales NFFPA, asesoramos en los siguientes \u00e1mbitos: EXTINTORES PORT\u00c1TILES...","protected":false},"author":5,"featured_media":0,"parent":0,"menu_order":0,"comment_status":"closed","ping_status":"closed","template":"","meta":{"footnotes":""},"acf":[],"_links":{"self":[{"href":"https:\/\/wilug.cl\/index.php\/wp-json\/wp\/v2\/pages\/10214"}],"collection":[{"href":"https:\/\/wilug.cl\/index.php\/wp-json\/wp\/v2\/pages"}],"about":[{"href":"https:\/\/wilug.cl\/index.php\/wp-json\/wp\/v2\/types\/page"}],"author":[{"embeddable":true,"href":"https:\/\/wilug.cl\/index.php\/wp-json\/wp\/v2\/users\/5"}],"replies":[{"embeddable":true,"href":"https:\/\/wilug.cl\/index.php\/wp-json\/wp\/v2\/comments?post=10214"}],"version-history":[{"count":4,"href":"https:\/\/wilug.cl\/index.php\/wp-json\/wp\/v2\/pages\/10214\/revisions"}],"predecessor-version":[{"id":10510,"href":"https:\/\/wilug.cl\/index.php\/wp-json\/wp\/v2\/pages\/10214\/revisions\/10510"}],"wp:attachment":[{"href":"https:\/\/wilug.cl\/index.php\/wp-json\/wp\/v2\/media?parent=10214"}],"curies":[{"name":"wp","href":"https:\/\/api.w.org\/{rel}","templated":true}]}}