{"id":10248,"date":"2021-12-13T20:06:57","date_gmt":"2021-12-13T20:06:57","guid":{"rendered":"https:\/\/wilug.srtv.cl\/?page_id=10248"},"modified":"2023-12-07T18:20:44","modified_gmt":"2023-12-07T18:20:44","slug":"sistema-de-extincion-contra-incendio-en-base-a-agua","status":"publish","type":"page","link":"https:\/\/wilug.cl\/index.php\/sistema-de-extincion-contra-incendio-en-base-a-agua\/","title":{"rendered":"Sistema de extinci\u00f3n contra incendio en base a agua"},"content":{"rendered":"<section class=\"l-section wpb_row height_custom\"><div class=\"l-section-h i-cf\"><div class=\"g-cols vc_row type_default valign_top\"><div class=\"vc_col-sm-6 wpb_column vc_column_container\"><div class=\"vc_column-inner\"><div class=\"wpb_wrapper\"><div class=\"w-slider style_none fit_scaledown\"><div class=\"w-slider-h\"><div class=\"royalSlider\"><div class=\"rsContent\"><a class=\"rsImg\" data-rsw=\"550\" data-rsh=\"315\" href=\"https:\/\/wilug.cl\/wp-content\/uploads\/2021\/12\/Sistema-de-extincion-contra-incendio-en-base-a-agua-1.png\"><span data-alt=\"\"><\/span><\/a><\/div><div class=\"rsContent\"><a class=\"rsImg\" data-rsw=\"550\" data-rsh=\"315\" href=\"https:\/\/wilug.cl\/wp-content\/uploads\/2021\/12\/Sistema-de-extincion-contra-incendio-en-base-a-agua-2.png\"><span data-alt=\"\"><\/span><\/a><\/div><div class=\"rsContent\"><a class=\"rsImg\" data-rsw=\"550\" data-rsh=\"315\" href=\"https:\/\/wilug.cl\/wp-content\/uploads\/2021\/12\/Sistema-de-extincion-contra-incendio-en-base-a-agua-3.png\"><span data-alt=\"\"><\/span><\/a><\/div><\/div><img decoding=\"async\" src=\"https:\/\/wilug.cl\/wp-content\/uploads\/2021\/12\/Sistema-de-extincion-contra-incendio-en-base-a-agua-1.png\" width=\"550\" height=\"315\" alt loading=\"lazy\"><\/div><div class=\"w-slider-json\" onclick='return {&quot;loop&quot;:true,&quot;fadeInLoadedSlide&quot;:false,&quot;slidesSpacing&quot;:0,&quot;imageScalePadding&quot;:0,&quot;numImagesToPreload&quot;:2,&quot;arrowsNav&quot;:true,&quot;arrowsNavAutoHide&quot;:false,&quot;transitionType&quot;:&quot;move&quot;,&quot;transitionSpeed&quot;:300,&quot;block&quot;:{&quot;moveEffect&quot;:&quot;none&quot;,&quot;speed&quot;:300},&quot;controlNavigation&quot;:&quot;none&quot;,&quot;autoplay&quot;:{&quot;enabled&quot;:true,&quot;pauseOnHover&quot;:false,&quot;delay&quot;:3000},&quot;imageScaleMode&quot;:&quot;fit-if-smaller&quot;,&quot;autoScaleSlider&quot;:true,&quot;autoScaleSliderWidth&quot;:550,&quot;autoScaleSliderHeight&quot;:315,&quot;fitInViewport&quot;:false}'><\/div><\/div><\/div><\/div><\/div><div class=\"vc_col-sm-6 wpb_column vc_column_container\"><div class=\"vc_column-inner\"><div class=\"wpb_wrapper\"><div class=\"wpb_text_column us_custom_432d3f53\" ><div class=\"wpb_wrapper\"><h2>Sistema de extinci\u00f3n contra incendio en base a agua<\/h2>\n<p>El agua, el agente de mayor disponibilidad y el de menor costo, es empleado por los sistemas de Sprinklers (rociadores), Diluvio y Water Mist (bruma de agua) para controlar y extinguir\u00a0incendios en instalaciones comerciales e\u00a0industriales, en forma r\u00e1pida, independiente del lugar en que suceda el siniestro, las 24 horas, con o sin intervenci\u00f3n humana, ya que su sistema de accionamiento est\u00e1 basado en la acci\u00f3n del fuego.<\/p>\n<p>Se pueden distinguir varios tipos de sistemas de rociadores, que se utilizan seg\u00fan los riesgos y caracter\u00edsticas de las instalaciones a proteger.<\/p>\n<\/div><\/div><\/div><\/div><\/div><div class=\"vc_col-sm-12 wpb_column vc_column_container\"><div class=\"vc_column-inner\"><div class=\"wpb_wrapper\"><div class=\"wpb_text_column\" ><div class=\"wpb_wrapper\"><h2>TIPOS DE DISPOSITIVOS<\/h2>\n<\/div><\/div><\/div><\/div><\/div><div class=\"vc_col-sm-4 wpb_column vc_column_container\"><div class=\"vc_column-inner\"><div class=\"wpb_wrapper\"><div class=\"wpb_text_column us_custom_432d3f53\" ><div class=\"wpb_wrapper\"><div class=\"et_pb_module et_pb_text et_pb_text_14 et_pb_text_align_left et_pb_bg_layout_light\">\n<div class=\"et_pb_text_inner\">\n<h3>Sistema del tipo seco<\/h3>\n<p>Este es una alternativa a los sistemas h\u00famedos y se recomienda para la protecci\u00f3n de recintos con temperaturas normales bajo cero grados cent\u00edgrados. La Red de Distribuci\u00f3n se supervisa con aire seco comprimido a 1.5 PSI (0.10 bar), la\u00a0que sirve para monitorear la hermeticidad de las ca\u00f1er\u00edas.<\/p>\n<p>Una v\u00e1lvula de alarma seca es la que comanda el sistema, la cual deja pasar el agua cuando se abre un rociador y, por lo tanto, se pierde la presi\u00f3n del sistema de aire comprimido.<\/p>\n<\/div>\n<\/div>\n<div class=\"et_pb_module et_pb_text et_pb_text_15 et_pb_text_align_left et_pb_bg_layout_light\">\n<div class=\"et_pb_text_inner\">\n<h3>Sistema del tipo preacci\u00f3n<\/h3>\n<p>Se considera el uso de rociadores cerrados y constituye una variable al sistema del tipo h\u00famedo. La red de ca\u00f1er\u00edas de distribuci\u00f3n est\u00e1n supervisadas permanentemente con aire a presi\u00f3n de 5 PSI (0.10 bar). El sistema est\u00e1 conectado a la detecci\u00f3n de humo cuyo panel env\u00eda una se\u00f1al el\u00e9ctrica, para dar el aqua, cuando se activa el detector. Se usa para proteger recintos con materiales de costo alto, y que puedan ser da\u00f1ados por la extinci\u00f3n con agua en caso de ruptura accidental de un rociador.<\/p>\n<\/div>\n<\/div>\n<\/div><\/div><\/div><\/div><\/div><div class=\"vc_col-sm-4 wpb_column vc_column_container\"><div class=\"vc_column-inner\"><div class=\"wpb_wrapper\"><div class=\"wpb_text_column us_custom_432d3f53\" ><div class=\"wpb_wrapper\"><h3>Sistema del tipo h\u00famedo<\/h3>\n<p>Su aplicaci\u00f3n es recomendable para recintos donde no se mantienen temperaturas bajo cero grados Celsius, las que podr\u00edan congelar el aqua en el interior de la red de distribuci\u00f3n. Los rociadores a utilizar deben ser de tipo cerrado, es decir, con bulbo de vidrio lleno con l\u00edquido expansor, los que se rompen al llegar a la temperatura de dise\u00f1o, dejando escapar el agua en forma de gotas o chorros, formando una descarga con forma de paraguas. La apertura de los bulbos se produce con temperaturas que fluct\u00faan desde los 57 a los 141 grados cent\u00edgrados, dependiendo del riesgo, condiciones del recinto y contenido.<\/p>\n<\/div><\/div><\/div><\/div><\/div><div class=\"vc_col-sm-4 wpb_column vc_column_container\"><div class=\"vc_column-inner\"><div class=\"wpb_wrapper\"><div class=\"wpb_text_column us_custom_432d3f53\" ><div class=\"wpb_wrapper\"><div class=\"et_pb_module et_pb_text et_pb_text_17 et_pb_text_align_left et_pb_bg_layout_light\">\n<div class=\"et_pb_text_inner\">\n<h3>Sistema del tipo diluvio<\/h3>\n<p>Son sistemas de caracter\u00edsticas similares a los sistemas h\u00famedos, pero con rociadores abiertos, los que descargan (todos) aqua en forma simult\u00e1nea, comandados por una v\u00e1lvula de diluvio que se abre a trav\u00e9s de un impulso el\u00e9ctrico, emitido desde el sistema de detecci\u00f3n<br \/>\nde incendios o debido a la apertura de rociadores pilotos cerrados.<\/p>\n<\/div>\n<\/div>\n<div class=\"et_pb_module et_pb_text et_pb_text_18 et_pb_text_align_left et_pb_bg_layout_light\">\n<div class=\"et_pb_text_inner\">\n<h3>Sistema del tipo doble acci\u00f3n<\/h3>\n<p>Este tipo combina los sistemas del tipo de preacci\u00f3n con sistema seco. Es de doble seguridad, en cuanto a su descarga accidental, ya que para ser accionadas deben actuar en forma conjunta, la apertura de un rociador que deje escapar el aire comprimido que se mantiene en las ca\u00f1er\u00edas, adem\u00e1s de un impulso el\u00e9ctrico, desde los sistemas de detecci\u00f3n de incendio.<\/p>\n<\/div>\n<\/div>\n<\/div><\/div><\/div><\/div><\/div><\/div><\/div><\/section>\n","protected":false},"excerpt":{"rendered":"Sistema de extinci\u00f3n contra incendio en base a agua El agua, el agente de mayor disponibilidad y el de menor costo, es empleado por los sistemas de Sprinklers (rociadores), Diluvio y Water Mist (bruma de agua) para controlar y extinguir\u00a0incendios en instalaciones comerciales e\u00a0industriales, en forma r\u00e1pida, independiente del lugar en que suceda el siniestro,...","protected":false},"author":5,"featured_media":0,"parent":0,"menu_order":0,"comment_status":"closed","ping_status":"closed","template":"","meta":{"footnotes":""},"acf":[],"_links":{"self":[{"href":"https:\/\/wilug.cl\/index.php\/wp-json\/wp\/v2\/pages\/10248"}],"collection":[{"href":"https:\/\/wilug.cl\/index.php\/wp-json\/wp\/v2\/pages"}],"about":[{"href":"https:\/\/wilug.cl\/index.php\/wp-json\/wp\/v2\/types\/page"}],"author":[{"embeddable":true,"href":"https:\/\/wilug.cl\/index.php\/wp-json\/wp\/v2\/users\/5"}],"replies":[{"embeddable":true,"href":"https:\/\/wilug.cl\/index.php\/wp-json\/wp\/v2\/comments?post=10248"}],"version-history":[{"count":2,"href":"https:\/\/wilug.cl\/index.php\/wp-json\/wp\/v2\/pages\/10248\/revisions"}],"predecessor-version":[{"id":10253,"href":"https:\/\/wilug.cl\/index.php\/wp-json\/wp\/v2\/pages\/10248\/revisions\/10253"}],"wp:attachment":[{"href":"https:\/\/wilug.cl\/index.php\/wp-json\/wp\/v2\/media?parent=10248"}],"curies":[{"name":"wp","href":"https:\/\/api.w.org\/{rel}","templated":true}]}}