{"id":10255,"date":"2021-12-13T20:20:44","date_gmt":"2021-12-13T20:20:44","guid":{"rendered":"https:\/\/wilug.srtv.cl\/?page_id=10255"},"modified":"2023-12-07T18:20:44","modified_gmt":"2023-12-07T18:20:44","slug":"sistema-de-deteccion-y-alarma-contra-incendio","status":"publish","type":"page","link":"https:\/\/wilug.cl\/index.php\/sistema-de-deteccion-y-alarma-contra-incendio\/","title":{"rendered":"Sistema de detecci\u00f3n y alarma contra incendio"},"content":{"rendered":"<section class=\"l-section wpb_row height_custom\"><div class=\"l-section-h i-cf\"><div class=\"g-cols vc_row type_default valign_top\"><div class=\"vc_col-sm-6 wpb_column vc_column_container\"><div class=\"vc_column-inner\"><div class=\"wpb_wrapper\"><div class=\"w-slider style_none fit_scaledown\"><div class=\"w-slider-h\"><div class=\"royalSlider\"><div class=\"rsContent\"><a class=\"rsImg\" data-rsw=\"550\" data-rsh=\"550\" href=\"https:\/\/wilug.cl\/wp-content\/uploads\/2021\/12\/Sistema-de-deteccion-y-alarma-contra-incendio-1.png\"><span data-alt=\"\"><\/span><\/a><\/div><div class=\"rsContent\"><a class=\"rsImg\" data-rsw=\"550\" data-rsh=\"550\" href=\"https:\/\/wilug.cl\/wp-content\/uploads\/2021\/12\/Sistema-de-deteccion-y-alarma-contra-incendio-2.png\"><span data-alt=\"\"><\/span><\/a><\/div><\/div><img decoding=\"async\" src=\"https:\/\/wilug.cl\/wp-content\/uploads\/2021\/12\/Sistema-de-deteccion-y-alarma-contra-incendio-1.png\" width=\"550\" height=\"550\" alt loading=\"lazy\"><\/div><div class=\"w-slider-json\" onclick='return {&quot;loop&quot;:true,&quot;fadeInLoadedSlide&quot;:false,&quot;slidesSpacing&quot;:0,&quot;imageScalePadding&quot;:0,&quot;numImagesToPreload&quot;:2,&quot;arrowsNav&quot;:true,&quot;arrowsNavAutoHide&quot;:false,&quot;transitionType&quot;:&quot;move&quot;,&quot;transitionSpeed&quot;:300,&quot;block&quot;:{&quot;moveEffect&quot;:&quot;none&quot;,&quot;speed&quot;:300},&quot;controlNavigation&quot;:&quot;none&quot;,&quot;autoplay&quot;:{&quot;enabled&quot;:true,&quot;pauseOnHover&quot;:false,&quot;delay&quot;:3000},&quot;imageScaleMode&quot;:&quot;fit-if-smaller&quot;,&quot;autoScaleSlider&quot;:true,&quot;autoScaleSliderWidth&quot;:550,&quot;autoScaleSliderHeight&quot;:550,&quot;fitInViewport&quot;:false}'><\/div><\/div><\/div><\/div><\/div><div class=\"vc_col-sm-6 wpb_column vc_column_container\"><div class=\"vc_column-inner\"><div class=\"wpb_wrapper\"><div class=\"wpb_text_column us_custom_432d3f53\" ><div class=\"wpb_wrapper\"><h2>Sistema de detecci\u00f3n y alarma contra incendio<\/h2>\n<p>Un sistema de detecci\u00f3n de incendios est\u00e1 conformado por un conjunto de elementos, equipos y sistemas instalados para asegurar el reconocimiento de un incendio en sus inicios. Permite una intervenci\u00f3n r\u00e1pida y efectiva, brindando un per\u00edodo de tiempo seguro para realizar la evacuaci\u00f3n total, parcial o re ubicaci\u00f3n de las personas en un \u00e1rea segura.<\/p>\n<p>En un panel de control se encuentra la alarma de incendio o la unidad de control la alarma de incendio. El panel recibe la informaci\u00f3n de los dispositivos de campo, dise\u00f1ados para detectar los cambios f\u00edsicos\/qu\u00edmicos asociados al fuego, supervisa su integridad operativa, realiza el control autom\u00e1tico del equipo y la transmisi\u00f3n de la informaci\u00f3n necesaria, preparando a la instalaci\u00f3n para una condici\u00f3n de fuego basada en una secuencia predeterminada. El panel puede tambi\u00e9n suministrar energ\u00eda a cualquier sensor, control, transmisor o rel\u00e9 de control asociado.<\/p>\n<p>Por lo tanto, la funci\u00f3n de un sistema de detecci\u00f3n autom\u00e1tica de incendios es la de identificar el foco de incendio en el menor tiempo posible, de la forma m\u00e1s segura, y alertar al personal entrenado para realizar las acciones apropiadas generar la alarma para realizar evacuaci\u00f3n o relocalizaci\u00f3n de lo ocupantes del predio, comunicar el evento a los servicios de intervenci\u00f3n y tambi\u00e9n permitir la activaci\u00f3n autom\u00e1tica de distintas funciones o sistemas complementarios en el edificio, como sistemas de supresi\u00f3n de incendio, captura de elevadores, control de humos, liberaci\u00f3n de puertas, etc. Los tipos de sistemas son:<\/p>\n<\/div><\/div><\/div><\/div><\/div><div class=\"vc_col-sm-4 wpb_column vc_column_container\"><div class=\"vc_column-inner\"><div class=\"wpb_wrapper\"><div class=\"wpb_text_column us_custom_432d3f53\" ><div class=\"wpb_wrapper\"><h3>Sistemas convencionales<\/h3>\n<p>Emplean uno o varios circuitos de iniciaci\u00f3n, conectando los sensores en cada uno de estos circuitos. Cada circuito es el \u00fanico medio de localizar la alarma de incendio sin tener una identificaci\u00f3n puntual, sino una referencia a una zona asociada.<\/p>\n<\/div><\/div><\/div><\/div><\/div><div class=\"vc_col-sm-4 wpb_column vc_column_container\"><div class=\"vc_column-inner\"><div class=\"wpb_wrapper\"><div class=\"wpb_text_column us_custom_432d3f53\" ><div class=\"wpb_wrapper\"><h3>Sistemas direccionales<\/h3>\n<p>Distribuidos en lazos (SLC), pueden identificar el punto donde se produjo una alarma de incendio mediante una direcci\u00f3n \u00fanica y lo reportan a la central de incendio sin m\u00e1s posibilidades de actuaci\u00f3n.<\/p>\n<\/div><\/div><\/div><\/div><\/div><div class=\"vc_col-sm-4 wpb_column vc_column_container\"><div class=\"vc_column-inner\"><div class=\"wpb_wrapper\"><div class=\"wpb_text_column us_custom_432d3f53\" ><div class=\"wpb_wrapper\"><h3>Sistemas anal\u00f3gicos<\/h3>\n<p>Distribuidos en lazos (SLC), tambi\u00e9n disponen de identificaci\u00f3n puntual de la alarma y de evluaci\u00f3n anal\u00f3gica dispositivo sensor. Adem\u00e1s, pueden permitir acciones como evaluar el nivel ambiental, programar desde la central los valores de cada detector, comunicaci\u00f3n bidireccional, mantenimiento y ajustes desde la misma central, etc.<\/p>\n<\/div><\/div><\/div><\/div><\/div><div class=\"vc_col-sm-12 wpb_column vc_column_container\"><div class=\"vc_column-inner\"><div class=\"wpb_wrapper\"><div class=\"wpb_text_column\" ><div class=\"wpb_wrapper\"><h2>TIPOS DE DISPOSITIVOS<\/h2>\n<\/div><\/div><\/div><\/div><\/div><div class=\"vc_col-sm-4 wpb_column vc_column_container\"><div class=\"vc_column-inner\"><div class=\"wpb_wrapper\"><div class=\"wpb_text_column us_custom_432d3f53\" ><div class=\"wpb_wrapper\"><h3>Detectores de Humo<\/h3>\n<p>Act\u00faan generalmente con mayor rapidez que los t\u00e9rmicos y podemos clasificarlos seg\u00fan su principio de funcionamiento: de ionizaci\u00f3n y fotoel\u00e9ctricos.<\/p>\n<p>Los que funcionan seg\u00fan el principio fotoel\u00e9ctrico responden con m\u00e1s rapidez al humo generado por fuegos de baja energ\u00eda (rescoldos), ya que generalmente se producen part\u00edculas de mayor tama\u00f1o. Los que act\u00faan seg\u00fan el principio de ionizaci\u00f3n, poseen una respuesta algo m\u00e1s r\u00e1pida a fuegos de alta energ\u00eda (con llama), donde se producen elevadas\u00a0cantidades de part\u00edculas de menor tama\u00f1o.<\/p>\n<p>En los detectores sin un adecuado mantenimiento, se puede acumular polvo y\u00a0suciedad en la c\u00e1mara y el detector puede\u00a0comportarse de forma m\u00e1s sensible de lo que corresponde. En un detector fotoel\u00e9ctrico, podr\u00eda\u00a0ocurrir que la luz emitida se refleje en las paredes de la c\u00e1mara de detecci\u00f3n y sea captada por el fotosensor, que actuar\u00e1 a pesar de que no exista humo.<\/p>\n<\/div><\/div><\/div><\/div><\/div><div class=\"vc_col-sm-4 wpb_column vc_column_container\"><div class=\"vc_column-inner\"><div class=\"wpb_wrapper\"><div class=\"wpb_text_column us_custom_432d3f53\" ><div class=\"wpb_wrapper\"><div class=\"et_pb_module et_pb_text et_pb_text_21 et_pb_text_align_left et_pb_bg_layout_light\">\n<div class=\"et_pb_text_inner\">\n<h3>Detector por Aspiraci\u00f3n<\/h3>\n<p>El detector est\u00e1 compuesto por una red de\u00a0ductos, un sistema de aspiraci\u00f3n y una c\u00e1mara\u00a0especial de an\u00e1lisis. Este tipo de equipos opera\u00a0succionando aire que est\u00e1 cercano a los orificios\u00a0de muestreo, en forma continua, a trav\u00e9s de una\u00a0red de ductos. Luego, la muestra de este aire\u00a0transportado pasa a trav\u00e9s de un sistema de\u00a0fitro, para luego introducirla en una c\u00e1mara de\u00a0detecci\u00f3n de humo especializada.<\/p>\n<p>La muestra de aire ingresa a la c\u00e1mara calibrada, donde es expuesta a una fuente de luz l\u00e1ser.\u00a0Cuando hay humo presente, la luz se dispersa\u00a0dentro de la c\u00e1mara de detecci\u00f3n y el sistema\u00a0receptor de lo identifica al instante.<\/p>\n<\/div>\n<\/div>\n<div class=\"et_pb_module et_pb_text et_pb_text_22 et_pb_text_align_left et_pb_bg_layout_light\">\n<div class=\"et_pb_text_inner\">\n<h3>Detector de Gas<\/h3>\n<p>Generalmente, para la detecci\u00f3n de humo\u00a0(incendio) se emplean detectores de gas tipo\u00a0mon\u00f3xido de carbono, especialmente dise\u00f1ados\u00a0para identificar la presencia este gas como\u00a0resultado o producto del fuego en una condici\u00f3n\u00a0de incendio. no se emplean para detecci\u00f3n de\u00a0niveles gas de CO espec\u00edficamente con otro\u00a0objetivo.<\/p>\n<\/div>\n<\/div>\n<\/div><\/div><\/div><\/div><\/div><div class=\"vc_col-sm-4 wpb_column vc_column_container\"><div class=\"vc_column-inner\"><div class=\"wpb_wrapper\"><div class=\"wpb_text_column us_custom_432d3f53\" ><div class=\"wpb_wrapper\"><div class=\"et_pb_module et_pb_text et_pb_text_21 et_pb_text_align_left et_pb_bg_layout_light\">\n<div class=\"et_pb_text_inner\">\n<div class=\"et_pb_module et_pb_text et_pb_text_23 et_pb_text_align_left et_pb_bg_layout_light\">\n<div class=\"et_pb_text_inner\">\n<h3>Detectores de Calor<\/h3>\n<p>Los detectores t\u00e9rmicos comenzaron a emplearse con el desarrollo de rociadores\u00a0autom\u00e1ticos. su aplicaci\u00f3n ideal ser\u00eda donde\u00a0pueden producirse fuegos con elevado\u00a0desprendimiento de calor y r\u00e1pido desarrollo, en\u00a0zonas donde las condiciones ambientales no\u00a0permitan el empleo de otro tipo de dispositivos o\u00a0donde la velocidad de detecci\u00f3n y la protecci\u00f3n\u00a0de la vida humana no sea el objetivo prioritario\u00a0(por ejemplo, bodegas o almacenes aislados sin\u00a0presencia de personal).<\/p>\n<\/div>\n<\/div>\n<div class=\"et_pb_module et_pb_text et_pb_text_24 et_pb_text_align_left et_pb_bg_layout_light\">\n<div class=\"et_pb_text_inner\">\n<h3>Detector de Llama UV-IR<\/h3>\n<p>El dise\u00f1o de este tipo de tecnolog\u00eda ofrece una detecci\u00f3n superior a la de cualquier tecnolog\u00eda de detector infrarrojo (IR) tradicional o ultravioleta e infrarrojo (UV\/IR), ya que realiza un\u00a0an\u00e1lisis del espectro de la energ\u00eda de radiaci\u00f3n IR (1 a 10 Hz) en tres bandas espectrales del infrarrojo. Cada paso de banda est\u00e1 seleccionado e identificado para garantizar el grado m\u00e1ximo de coincidencia con las emisiones de energ\u00eda radiante del fuego y el grado m\u00ednimo de coincidencia con los est\u00edmulos que no est\u00e1n vinculados a una condici\u00f3n de fuego.<\/p>\n<\/div>\n<\/div>\n<h4><span style=\"font-size: 16px;\"> condici\u00f3n de incendio. no se emplean para detecci\u00f3n de niveles gas de CO espec\u00edficamente con otro objetivo.<\/span><\/h4>\n<\/div>\n<\/div>\n<\/div><\/div><\/div><\/div><\/div><\/div><\/div><\/section>\n","protected":false},"excerpt":{"rendered":"Sistema de detecci\u00f3n y alarma contra incendio Un sistema de detecci\u00f3n de incendios est\u00e1 conformado por un conjunto de elementos, equipos y sistemas instalados para asegurar el reconocimiento de un incendio en sus inicios. Permite una intervenci\u00f3n r\u00e1pida y efectiva, brindando un per\u00edodo de tiempo seguro para realizar la evacuaci\u00f3n total, parcial o re ubicaci\u00f3n...","protected":false},"author":5,"featured_media":0,"parent":0,"menu_order":0,"comment_status":"closed","ping_status":"closed","template":"","meta":{"footnotes":""},"acf":[],"_links":{"self":[{"href":"https:\/\/wilug.cl\/index.php\/wp-json\/wp\/v2\/pages\/10255"}],"collection":[{"href":"https:\/\/wilug.cl\/index.php\/wp-json\/wp\/v2\/pages"}],"about":[{"href":"https:\/\/wilug.cl\/index.php\/wp-json\/wp\/v2\/types\/page"}],"author":[{"embeddable":true,"href":"https:\/\/wilug.cl\/index.php\/wp-json\/wp\/v2\/users\/5"}],"replies":[{"embeddable":true,"href":"https:\/\/wilug.cl\/index.php\/wp-json\/wp\/v2\/comments?post=10255"}],"version-history":[{"count":2,"href":"https:\/\/wilug.cl\/index.php\/wp-json\/wp\/v2\/pages\/10255\/revisions"}],"predecessor-version":[{"id":10338,"href":"https:\/\/wilug.cl\/index.php\/wp-json\/wp\/v2\/pages\/10255\/revisions\/10338"}],"wp:attachment":[{"href":"https:\/\/wilug.cl\/index.php\/wp-json\/wp\/v2\/media?parent=10255"}],"curies":[{"name":"wp","href":"https:\/\/api.w.org\/{rel}","templated":true}]}}