{"id":10265,"date":"2021-12-13T20:34:53","date_gmt":"2021-12-13T20:34:53","guid":{"rendered":"https:\/\/wilug.srtv.cl\/?page_id=10265"},"modified":"2023-12-07T18:20:44","modified_gmt":"2023-12-07T18:20:44","slug":"sistema-de-extincion-de-incendio-en-base-a-polvo-quimico","status":"publish","type":"page","link":"https:\/\/wilug.cl\/index.php\/sistema-de-extincion-de-incendio-en-base-a-polvo-quimico\/","title":{"rendered":"Sistema de extinci\u00f3n de incendio en base a polvo qu\u00edmico"},"content":{"rendered":"<section class=\"l-section wpb_row height_custom\"><div class=\"l-section-h i-cf\"><div class=\"g-cols vc_row type_default valign_top\"><div class=\"vc_col-sm-6 wpb_column vc_column_container\"><div class=\"vc_column-inner\"><div class=\"wpb_wrapper\"><div class=\"w-slider style_none fit_scaledown\"><div class=\"w-slider-h\"><div class=\"royalSlider\"><div class=\"rsContent\"><a class=\"rsImg\" data-rsw=\"591\" data-rsh=\"650\" href=\"https:\/\/wilug.cl\/wp-content\/uploads\/2021\/12\/Sistema-de-extincion-de-incendio-en-base-a-polvo-quimico.png\"><span data-alt=\"\"><\/span><\/a><\/div><\/div><img decoding=\"async\" src=\"https:\/\/wilug.cl\/wp-content\/uploads\/2021\/12\/Sistema-de-extincion-de-incendio-en-base-a-polvo-quimico.png\" width=\"591\" height=\"650\" alt loading=\"lazy\"><\/div><div class=\"w-slider-json\" onclick='return {&quot;loop&quot;:true,&quot;fadeInLoadedSlide&quot;:false,&quot;slidesSpacing&quot;:0,&quot;imageScalePadding&quot;:0,&quot;numImagesToPreload&quot;:2,&quot;arrowsNav&quot;:true,&quot;arrowsNavAutoHide&quot;:false,&quot;transitionType&quot;:&quot;move&quot;,&quot;transitionSpeed&quot;:300,&quot;block&quot;:{&quot;moveEffect&quot;:&quot;none&quot;,&quot;speed&quot;:300},&quot;controlNavigation&quot;:&quot;none&quot;,&quot;autoplay&quot;:{&quot;enabled&quot;:true,&quot;pauseOnHover&quot;:false,&quot;delay&quot;:3000},&quot;imageScaleMode&quot;:&quot;fit-if-smaller&quot;,&quot;autoScaleSlider&quot;:true,&quot;autoScaleSliderWidth&quot;:591,&quot;autoScaleSliderHeight&quot;:650,&quot;fitInViewport&quot;:false}'><\/div><\/div><\/div><\/div><\/div><div class=\"vc_col-sm-6 wpb_column vc_column_container\"><div class=\"vc_column-inner\"><div class=\"wpb_wrapper\"><div class=\"wpb_text_column us_custom_432d3f53\" ><div class=\"wpb_wrapper\"><h2>Sistema de extinci\u00f3n de incendio en base a polvo qu\u00edmico<\/h2>\n<p>Este agente es utilizado en la protecci\u00f3n de diversos riesgos industriales, y puede ser empleado el Fosfato de Mono-Amonio (ABC) o el Bicarbonato de Sodio BC) ambos seguros para la inundaci\u00f3n parcial o total del recinto protegido. Se sugiere la aplicaci\u00f3n de \u00e9ste agente para la protecci\u00f3n de bodegas de l\u00edquidos inflamables y materiales de alto riesgo, \u00e1reas de transferencia de aceites hidr\u00e1ulicos, salas de pintura, estaciones de petr\u00f3leo y veh\u00edculos de transporte industrial y minero.<\/p>\n<p>El Sistema de Supresi\u00f3n de Incendios Industriales IND-X es un tipo qu\u00edmico seco presurizado y almacenado previamente con una red fija de distribuci\u00f3n de boquillas. Est\u00e1 listado por Underwriters Laboratories, Inc (UL) y aprobado por Factory Mutual Research Corporation.<\/p>\n<p>El sistema cuenta con detecci\u00f3n y accionamiento autom\u00e1ticos y \/ o de accionamiento manual remoto. Accesorios adicionales est\u00e1n disponibles para apagar la energ\u00eda el\u00e9ctrica a los equipos y para cerrar el flujo de l\u00edneas de gas.<\/p>\n<p>La detecci\u00f3n del sistema de extinci\u00f3n de incendios permite la detecci\u00f3n autom\u00e1tica por medio de enlaces fusibles mec\u00e1nicos espec\u00edficamente confiables o detectores el\u00e9ctricos de temperatura. El sistema de extinci\u00f3n de incendios tiene capacidad para inundaciones totalesy aplicaci\u00f3n local.<\/p>\n<\/div><\/div><\/div><\/div><\/div><div class=\"vc_col-sm-6 wpb_column vc_column_container\"><div class=\"vc_column-inner\"><div class=\"wpb_wrapper\"><div class=\"wpb_text_column us_custom_432d3f53\" ><div class=\"wpb_wrapper\"><h3>Aplicaciones<\/h3>\n<p>El sistema se puede utilizar en casi todos los peligros que se encuentran en entornos industriales. Algunos ejemplos son:<br \/>\n-Edificios de Almacenamiento Peligroso<br \/>\n-Cabinas de pulverizaci\u00f3n<br \/>\n-Dep\u00f3sitos de inmersi\u00f3n<br \/>\n-Taquillas de pintura<br \/>\n-Almacenamiento de l\u00edquidos inflamables<br \/>\n-Habitaciones<br \/>\n-M\u00e1quinas de impresi\u00f3n<br \/>\n-Tanques de Mezclas<br \/>\n-Motores el\u00e9ctricos<br \/>\n-Zapatillas<br \/>\n-Habitaciones Swtichgear<br \/>\n-Transformadores interiores<br \/>\n-Operaciones de acabado de madera<\/p>\n<\/div><\/div><\/div><\/div><\/div><div class=\"vc_col-sm-6 wpb_column vc_column_container\"><div class=\"vc_column-inner\"><div class=\"wpb_wrapper\"><div class=\"wpb_text_column us_custom_432d3f53\" ><div class=\"wpb_wrapper\"><h3>Caracter\u00edsticas<\/h3>\n<p>-Listado UL y aprobado por FM.<br \/>\n-Tres m\u00e9todos de aplicaci\u00f3n b\u00e1sicos: Inundaci\u00f3n total, aplicaci\u00f3n local.<br \/>\n-Detecci\u00f3n mec\u00e1nica o el\u00e9ctrica.<br \/>\n-Aplicaci\u00f3n de inundaci\u00f3n total de baja temperatura.<br \/>\n-M\u00faltiples opciones de inundaci\u00f3n total.<\/p>\n<\/div><\/div><\/div><\/div><\/div><\/div><\/div><\/section>\n","protected":false},"excerpt":{"rendered":"Sistema de extinci\u00f3n de incendio en base a polvo qu\u00edmico Este agente es utilizado en la protecci\u00f3n de diversos riesgos industriales, y puede ser empleado el Fosfato de Mono-Amonio (ABC) o el Bicarbonato de Sodio BC) ambos seguros para la inundaci\u00f3n parcial o total del recinto protegido. Se sugiere la aplicaci\u00f3n de \u00e9ste agente para...","protected":false},"author":5,"featured_media":0,"parent":0,"menu_order":0,"comment_status":"closed","ping_status":"closed","template":"","meta":{"footnotes":""},"acf":[],"_links":{"self":[{"href":"https:\/\/wilug.cl\/index.php\/wp-json\/wp\/v2\/pages\/10265"}],"collection":[{"href":"https:\/\/wilug.cl\/index.php\/wp-json\/wp\/v2\/pages"}],"about":[{"href":"https:\/\/wilug.cl\/index.php\/wp-json\/wp\/v2\/types\/page"}],"author":[{"embeddable":true,"href":"https:\/\/wilug.cl\/index.php\/wp-json\/wp\/v2\/users\/5"}],"replies":[{"embeddable":true,"href":"https:\/\/wilug.cl\/index.php\/wp-json\/wp\/v2\/comments?post=10265"}],"version-history":[{"count":3,"href":"https:\/\/wilug.cl\/index.php\/wp-json\/wp\/v2\/pages\/10265\/revisions"}],"predecessor-version":[{"id":10269,"href":"https:\/\/wilug.cl\/index.php\/wp-json\/wp\/v2\/pages\/10265\/revisions\/10269"}],"wp:attachment":[{"href":"https:\/\/wilug.cl\/index.php\/wp-json\/wp\/v2\/media?parent=10265"}],"curies":[{"name":"wp","href":"https:\/\/api.w.org\/{rel}","templated":true}]}}