{"id":10271,"date":"2021-12-13T20:38:50","date_gmt":"2021-12-13T20:38:50","guid":{"rendered":"https:\/\/wilug.srtv.cl\/?page_id=10271"},"modified":"2023-12-07T18:20:44","modified_gmt":"2023-12-07T18:20:44","slug":"sistema-de-extincion-de-incendio-para-cocinas","status":"publish","type":"page","link":"https:\/\/wilug.cl\/index.php\/sistema-de-extincion-de-incendio-para-cocinas\/","title":{"rendered":"Sistema de extinci\u00f3n de incendio para cocinas"},"content":{"rendered":"<section class=\"l-section wpb_row height_custom\"><div class=\"l-section-h i-cf\"><div class=\"g-cols vc_row type_default valign_top\"><div class=\"vc_col-sm-6 wpb_column vc_column_container\"><div class=\"vc_column-inner\"><div class=\"wpb_wrapper\"><div class=\"w-slider style_none fit_scaledown\"><div class=\"w-slider-h\"><div class=\"royalSlider\"><div class=\"rsContent\"><a class=\"rsImg\" data-rsw=\"581\" data-rsh=\"598\" href=\"https:\/\/wilug.cl\/wp-content\/uploads\/2021\/12\/Sistema-de-extincion-de-incendio-para-cocinas.png\"><span data-alt=\"\"><\/span><\/a><\/div><\/div><img decoding=\"async\" src=\"https:\/\/wilug.cl\/wp-content\/uploads\/2021\/12\/Sistema-de-extincion-de-incendio-para-cocinas.png\" width=\"581\" height=\"598\" alt loading=\"lazy\"><\/div><div class=\"w-slider-json\" onclick='return {&quot;loop&quot;:true,&quot;fadeInLoadedSlide&quot;:false,&quot;slidesSpacing&quot;:0,&quot;imageScalePadding&quot;:0,&quot;numImagesToPreload&quot;:2,&quot;arrowsNav&quot;:true,&quot;arrowsNavAutoHide&quot;:false,&quot;transitionType&quot;:&quot;move&quot;,&quot;transitionSpeed&quot;:300,&quot;block&quot;:{&quot;moveEffect&quot;:&quot;none&quot;,&quot;speed&quot;:300},&quot;controlNavigation&quot;:&quot;none&quot;,&quot;autoplay&quot;:{&quot;enabled&quot;:true,&quot;pauseOnHover&quot;:false,&quot;delay&quot;:3000},&quot;imageScaleMode&quot;:&quot;fit-if-smaller&quot;,&quot;autoScaleSlider&quot;:true,&quot;autoScaleSliderWidth&quot;:581,&quot;autoScaleSliderHeight&quot;:598,&quot;fitInViewport&quot;:false}'><\/div><\/div><\/div><\/div><\/div><div class=\"vc_col-sm-6 wpb_column vc_column_container\"><div class=\"vc_column-inner\"><div class=\"wpb_wrapper\"><div class=\"wpb_text_column us_custom_432d3f53\" ><div class=\"wpb_wrapper\"><h2>Sistema de extinci\u00f3n de incendio para cocinas<\/h2>\n<p>Sistema de autom\u00e1tico, predise\u00f1ado, ideal para proteger \u00e1reas asociadas con equipos de ventilaci\u00f3n, incluso campanas, conductos, c\u00e1maras de conexi\u00f3n y filtros. El sistema tambi\u00e9n protege los equipos auxiliares de extracci\u00f3n de grasa y artefactos de cocina como freidoras, planchas y estufas, parrillas verticales, a carb\u00f3n natural y de tipo cadena, parrillas el\u00e9ctricas, de roca volc\u00e1nica, de mezquite o a gas y woks.<\/p>\n<p>El sistema es especialmente adecuado para uso en restaurantes, hospitales, residencias para ancianos, hoteles, escuelas, aeropuertos y otras instituciones similares. El uso del sistema R-102 se limita a aplicaciones en interiores o lugares que cuentan con protecci\u00f3n clim\u00e1tica dentro de l\u00edmites de temperatura probados. Los conjuntos de tanque y liberaci\u00f3n regulada deben instalarse en un lugar donde la temperatura ambiente no caiga por debajo de los 32 \u00b0F (0 \u00b0C) ni supere los 130 \u00b0F (54 \u00b0C). El sistema debe dise\u00f1arse e instalarse de acuerdo con las pautas del Manual de dise\u00f1o, instalaci\u00f3n, recarga y mantenimiento homologado seg\u00fan especificaciones del<br \/>\nfabricante.<\/p>\n<p>El agente extintor qu\u00edmico h\u00famedo es una mezcla de sales org\u00e1nicas dise\u00f1adas para la extinci\u00f3n r\u00e1pida de las llamas y una protecci\u00f3n adicional de espuma para incendios relacionados con la grasa.<\/p>\n<\/div><\/div><\/div><\/div><\/div><div class=\"vc_col-sm-6 wpb_column vc_column_container\"><div class=\"vc_column-inner\"><div class=\"wpb_wrapper\"><div class=\"wpb_text_column us_custom_432d3f53\" ><div class=\"wpb_wrapper\"><h3>Caracter\u00edsticas<\/h3>\n<p>\u00b7 Agente extintor de pH bajo<br \/>\n\u00b7 Dise\u00f1o comprobado<br \/>\n\u00b7 Funcionamiento confiable con cartucho de gas<br \/>\n\u00b7 Est\u00e9tica atractiva<br \/>\n\u00b7 Homologado seg\u00fan UL \u2013 Cumple con los requisitos de UL 300<br \/>\n\u00b7 Homologado seg\u00fan ULC \u2013 Cumple con los requisitos de ULC\/ORD-C1254.6<\/p>\n<\/div><\/div><\/div><\/div><\/div><div class=\"vc_col-sm-6 wpb_column vc_column_container\"><div class=\"vc_column-inner\"><div class=\"wpb_wrapper\"><\/div><\/div><\/div><\/div><\/div><\/section>\n","protected":false},"excerpt":{"rendered":"Sistema de extinci\u00f3n de incendio para cocinas Sistema de autom\u00e1tico, predise\u00f1ado, ideal para proteger \u00e1reas asociadas con equipos de ventilaci\u00f3n, incluso campanas, conductos, c\u00e1maras de conexi\u00f3n y filtros. El sistema tambi\u00e9n protege los equipos auxiliares de extracci\u00f3n de grasa y artefactos de cocina como freidoras, planchas y estufas, parrillas verticales, a carb\u00f3n natural y de...","protected":false},"author":5,"featured_media":0,"parent":0,"menu_order":0,"comment_status":"closed","ping_status":"closed","template":"","meta":{"footnotes":""},"acf":[],"_links":{"self":[{"href":"https:\/\/wilug.cl\/index.php\/wp-json\/wp\/v2\/pages\/10271"}],"collection":[{"href":"https:\/\/wilug.cl\/index.php\/wp-json\/wp\/v2\/pages"}],"about":[{"href":"https:\/\/wilug.cl\/index.php\/wp-json\/wp\/v2\/types\/page"}],"author":[{"embeddable":true,"href":"https:\/\/wilug.cl\/index.php\/wp-json\/wp\/v2\/users\/5"}],"replies":[{"embeddable":true,"href":"https:\/\/wilug.cl\/index.php\/wp-json\/wp\/v2\/comments?post=10271"}],"version-history":[{"count":2,"href":"https:\/\/wilug.cl\/index.php\/wp-json\/wp\/v2\/pages\/10271\/revisions"}],"predecessor-version":[{"id":10339,"href":"https:\/\/wilug.cl\/index.php\/wp-json\/wp\/v2\/pages\/10271\/revisions\/10339"}],"wp:attachment":[{"href":"https:\/\/wilug.cl\/index.php\/wp-json\/wp\/v2\/media?parent=10271"}],"curies":[{"name":"wp","href":"https:\/\/api.w.org\/{rel}","templated":true}]}}