{"id":10313,"date":"2021-12-16T14:51:08","date_gmt":"2021-12-16T14:51:08","guid":{"rendered":"https:\/\/wilug.srtv.cl\/?page_id=10313"},"modified":"2023-12-07T18:20:44","modified_gmt":"2023-12-07T18:20:44","slug":"red-humeda","status":"publish","type":"page","link":"https:\/\/wilug.cl\/index.php\/red-humeda\/","title":{"rendered":"Red H\u00fameda"},"content":{"rendered":"<section class=\"l-section wpb_row height_custom\"><div class=\"l-section-h i-cf\"><div class=\"g-cols vc_row type_default valign_top\"><div class=\"vc_col-sm-4 wpb_column vc_column_container\"><div class=\"vc_column-inner\"><div class=\"wpb_wrapper\"><div class=\"w-image align_center\"><div class=\"w-image-h\"><img loading=\"lazy\" decoding=\"async\" width=\"600\" height=\"695\" src=\"https:\/\/wilug.cl\/wp-content\/uploads\/2021\/12\/SERVICIOS-07-600x695.png\" class=\"attachment-shop_single size-shop_single\" alt=\"\" srcset=\"https:\/\/wilug.cl\/wp-content\/uploads\/2021\/12\/SERVICIOS-07-600x695.png 600w, https:\/\/wilug.cl\/wp-content\/uploads\/2021\/12\/SERVICIOS-07-259x300.png 259w, https:\/\/wilug.cl\/wp-content\/uploads\/2021\/12\/SERVICIOS-07-884x1024.png 884w, https:\/\/wilug.cl\/wp-content\/uploads\/2021\/12\/SERVICIOS-07-1326x1536.png 1326w, https:\/\/wilug.cl\/wp-content\/uploads\/2021\/12\/SERVICIOS-07-432x500.png 432w\" sizes=\"(max-width: 600px) 100vw, 600px\" \/><\/div><\/div><\/div><\/div><\/div><div class=\"vc_col-sm-8 wpb_column vc_column_container\"><div class=\"vc_column-inner\"><div class=\"wpb_wrapper\"><div class=\"wpb_text_column us_custom_104c09b9\" ><div class=\"wpb_wrapper\"><h2><strong>Red H\u00fameda<\/strong><\/h2>\n<p>Tenemos todo lo que necesitas para la protecci\u00f3n contra incendios, con una amplia variedad de productos que complementan la red h\u00fameda necesaria para la protecci\u00f3n contra incendios, desde los gabinetes de red h\u00fameda y los carretes de mangueras, hasta todos los accesorios necesarios para un sistema completo.<\/p>\n<p>Nuestra gama de productos de nivel mundial esta a la l\u00ednea de las grandes empresas y sus necesidades. Representamos marcas mundiales como Kidde Fire Systems, Thermarestor, Edwars, Buckeye, entre otros.<\/p>\n<div class=\"botones-triples\"><a class=\"cotizar\" href=\"\/index.php\/mantencion\/#formulario-contacto\">COTIZAR<\/a> <a class=\"llamar\" href=\"tel:800400222\">LLAMAR<\/a> <a class=\"tienda-online\" href=\"\/index.php\/categoria-producto\/accesorios\/\">VISITA NUESTRA TIENDA ONLINE<\/a><\/div>\n<\/div><\/div><\/div><\/div><\/div><\/div><\/div><\/section>\n","protected":false},"excerpt":{"rendered":"Red H\u00fameda Tenemos todo lo que necesitas para la protecci\u00f3n contra incendios, con una amplia variedad de productos que complementan la red h\u00fameda necesaria para la protecci\u00f3n contra incendios, desde los gabinetes de red h\u00fameda y los carretes de mangueras, hasta todos los accesorios necesarios para un sistema completo. Nuestra gama de productos de nivel...","protected":false},"author":5,"featured_media":0,"parent":0,"menu_order":0,"comment_status":"closed","ping_status":"closed","template":"","meta":{"footnotes":""},"acf":[],"_links":{"self":[{"href":"https:\/\/wilug.cl\/index.php\/wp-json\/wp\/v2\/pages\/10313"}],"collection":[{"href":"https:\/\/wilug.cl\/index.php\/wp-json\/wp\/v2\/pages"}],"about":[{"href":"https:\/\/wilug.cl\/index.php\/wp-json\/wp\/v2\/types\/page"}],"author":[{"embeddable":true,"href":"https:\/\/wilug.cl\/index.php\/wp-json\/wp\/v2\/users\/5"}],"replies":[{"embeddable":true,"href":"https:\/\/wilug.cl\/index.php\/wp-json\/wp\/v2\/comments?post=10313"}],"version-history":[{"count":5,"href":"https:\/\/wilug.cl\/index.php\/wp-json\/wp\/v2\/pages\/10313\/revisions"}],"predecessor-version":[{"id":10445,"href":"https:\/\/wilug.cl\/index.php\/wp-json\/wp\/v2\/pages\/10313\/revisions\/10445"}],"wp:attachment":[{"href":"https:\/\/wilug.cl\/index.php\/wp-json\/wp\/v2\/media?parent=10313"}],"curies":[{"name":"wp","href":"https:\/\/api.w.org\/{rel}","templated":true}]}}