{"id":10408,"date":"2021-12-20T20:44:46","date_gmt":"2021-12-20T20:44:46","guid":{"rendered":"https:\/\/wilug.srtv.cl\/?page_id=10408"},"modified":"2023-12-07T18:20:44","modified_gmt":"2023-12-07T18:20:44","slug":"noticias","status":"publish","type":"page","link":"https:\/\/wilug.cl\/index.php\/noticias\/","title":{"rendered":"Noticias"},"content":{"rendered":"<section class=\"l-section wpb_row height_custom\"><div class=\"l-section-h i-cf\"><div class=\"g-cols vc_row type_default valign_top\"><div class=\"vc_col-sm-12 wpb_column vc_column_container\"><div class=\"vc_column-inner\"><div class=\"wpb_wrapper\"><div class=\"wpb_text_column us_custom_967b07e2 has_text_color\" ><div class=\"wpb_wrapper\"><h2><strong>NOTICIAS<\/strong><\/h2>\n<\/div><\/div><div class=\"w-separator size_medium\"><\/div><div class=\"w-grid type_grid layout_blog_8 with_pagination overflow_hidden\" id=\"noticias\" data-filterable=\"true\"><style id=\"noticias_css\">#noticias .w-grid-item:not(:last-child){margin-bottom:1.5rem}#noticias .g-loadmore{margin-top:1.5rem}<\/style><style>.layout_blog_8 .w-grid-item-h{}@media(max-width:599px){.layout_blog_8 .usg_post_date_1{display:none!important}}@media(max-width:599px){.layout_blog_8 .usg_post_content_1{display:none!important}}.layout_blog_8 .usg_post_image_1{width:50%!important}.layout_blog_8 .usg_vwrapper_1{width:50%!important;margin-right:0!important}.layout_blog_8 .usg_hwrapper_2{margin-bottom:0!important}.layout_blog_8 .usg_post_taxonomy_1{font-size:14px!important;line-height:1.4!important;font-weight:700!important;text-transform:uppercase!important;margin-right:0.8rem!important}.layout_blog_8 .usg_post_date_1{color:#999999!important;font-size:14px!important;line-height:1.4!important}.layout_blog_8 .usg_post_title_1{color:#1a1a1a!important;font-size:1.8rem!important;line-height:1.2!important;margin-right:-35%!important;margin-bottom:0!important;padding-top:1rem!important;padding-right:1.2rem!important;padding-bottom:1rem!important;background:#ffffff!important}.layout_blog_8 .usg_post_content_1{font-size:0.9rem!important;line-height:1.6!important;padding-right:1.5rem!important}@media (max-width:599px){.layout_blog_8 .usg_post_title_1{font-size:1.2rem!important;margin-right:0!important;padding-bottom:0!important}}<\/style><div class=\"w-grid-list\" >\t<article class=\"w-grid-item size_1x1 post-10349 post type-post status-publish format-standard has-post-thumbnail hentry category-noticias\" data-id=\"10349\">\n\t\t<div class=\"w-grid-item-h\">\n\t\t\t\t\t\t<div class=\"w-hwrapper usg_hwrapper_1 align_left valign_top\"><div class=\"w-vwrapper usg_vwrapper_1 align_left valign_top\"><div class=\"w-hwrapper usg_hwrapper_2 align_left valign_top wrap\"><div class=\"w-post-elm post_taxonomy usg_post_taxonomy_1 style_simple\"><a href=\"https:\/\/wilug.cl\/index.php\/category\/noticias\/\">Noticias<\/a><\/div><time class=\"w-post-elm post_date usg_post_date_1 entry-date published\" datetime=\"2021-12-20T20:03:53+00:00\" title=\"20 diciembre 2021 a las 20:03:53 +00:00\">20 Dic 2021<\/time><\/div><h2 class=\"w-post-elm post_title usg_post_title_1 entry-title color_link_inherit has_text_color\"><a href=\"https:\/\/wilug.cl\/index.php\/broadcast\/\">BROADCAST<\/a><\/h2><div class=\"w-post-elm post_content usg_post_content_1\">Los dispositivos KVM (siglas en ingl\u00e9s para teclado, v\u00eddeo y rat\u00f3n) comercializados por Wilug han marcado la pauta en la industria por sus diversas&hellip;<\/div><\/div><div class=\"w-post-elm post_image usg_post_image_1 has_width has_ratio\"><div style=\"padding-bottom:100.0000%\"><\/div><a href=\"https:\/\/wilug.cl\/index.php\/broadcast\/\" aria-label=\"BROADCAST\"><img loading=\"lazy\" decoding=\"async\" width=\"400\" height=\"200\" src=\"https:\/\/wilug.cl\/wp-content\/uploads\/2021\/12\/BROADCAST.jpeg\" class=\"attachment-us_600_600_crop size-us_600_600_crop wp-post-image\" alt=\"\" srcset=\"https:\/\/wilug.cl\/wp-content\/uploads\/2021\/12\/BROADCAST.jpeg 400w, https:\/\/wilug.cl\/wp-content\/uploads\/2021\/12\/BROADCAST-300x150.jpeg 300w\" sizes=\"(max-width: 400px) 100vw, 400px\" \/><\/a><\/div><\/div>\t\t<\/div>\n\t<\/article>\n\t<article class=\"w-grid-item size_1x1 post-10352 post type-post status-publish format-standard has-post-thumbnail hentry category-noticias\" data-id=\"10352\">\n\t\t<div class=\"w-grid-item-h\">\n\t\t\t\t\t\t<div class=\"w-hwrapper usg_hwrapper_1 align_left valign_top\"><div class=\"w-vwrapper usg_vwrapper_1 align_left valign_top\"><div class=\"w-hwrapper usg_hwrapper_2 align_left valign_top wrap\"><div class=\"w-post-elm post_taxonomy usg_post_taxonomy_1 style_simple\"><a href=\"https:\/\/wilug.cl\/index.php\/category\/noticias\/\">Noticias<\/a><\/div><time class=\"w-post-elm post_date usg_post_date_1 entry-date published\" datetime=\"2021-12-20T20:11:15+00:00\" title=\"20 diciembre 2021 a las 20:11:15 +00:00\">20 Dic 2021<\/time><\/div><h2 class=\"w-post-elm post_title usg_post_title_1 entry-title color_link_inherit has_text_color\"><a href=\"https:\/\/wilug.cl\/index.php\/camaras-termicas\/\">C\u00e1maras t\u00e9rmicas<\/a><\/h2><div class=\"w-post-elm post_content usg_post_content_1\">La versatilidad es una de las principales caracter\u00edsticas de las c\u00e1maras t\u00e9rmicas comercializadas por Wilug. Desde la detecci\u00f3n de dispositivos potencialmente peligrosos como armas&hellip;<\/div><\/div><div class=\"w-post-elm post_image usg_post_image_1 has_width has_ratio\"><div style=\"padding-bottom:100.0000%\"><\/div><a href=\"https:\/\/wilug.cl\/index.php\/camaras-termicas\/\" aria-label=\"C\u00e1maras t\u00e9rmicas\"><img loading=\"lazy\" decoding=\"async\" width=\"660\" height=\"440\" src=\"https:\/\/wilug.cl\/wp-content\/uploads\/2021\/12\/CAMARAS-TERMICAS.jpeg\" class=\"attachment-us_600_600_crop size-us_600_600_crop wp-post-image\" alt=\"\" srcset=\"https:\/\/wilug.cl\/wp-content\/uploads\/2021\/12\/CAMARAS-TERMICAS.jpeg 660w, https:\/\/wilug.cl\/wp-content\/uploads\/2021\/12\/CAMARAS-TERMICAS-300x200.jpeg 300w, https:\/\/wilug.cl\/wp-content\/uploads\/2021\/12\/CAMARAS-TERMICAS-500x333.jpeg 500w, https:\/\/wilug.cl\/wp-content\/uploads\/2021\/12\/CAMARAS-TERMICAS-600x400.jpeg 600w\" sizes=\"(max-width: 660px) 100vw, 660px\" \/><\/a><\/div><\/div>\t\t<\/div>\n\t<\/article>\n\t<article class=\"w-grid-item size_1x1 post-10355 post type-post status-publish format-standard has-post-thumbnail hentry category-noticias\" data-id=\"10355\">\n\t\t<div class=\"w-grid-item-h\">\n\t\t\t\t\t\t<div class=\"w-hwrapper usg_hwrapper_1 align_left valign_top\"><div class=\"w-vwrapper usg_vwrapper_1 align_left valign_top\"><div class=\"w-hwrapper usg_hwrapper_2 align_left valign_top wrap\"><div class=\"w-post-elm post_taxonomy usg_post_taxonomy_1 style_simple\"><a href=\"https:\/\/wilug.cl\/index.php\/category\/noticias\/\">Noticias<\/a><\/div><time class=\"w-post-elm post_date usg_post_date_1 entry-date published\" datetime=\"2021-12-20T20:13:15+00:00\" title=\"20 diciembre 2021 a las 20:13:15 +00:00\">20 Dic 2021<\/time><\/div><h2 class=\"w-post-elm post_title usg_post_title_1 entry-title color_link_inherit has_text_color\"><a href=\"https:\/\/wilug.cl\/index.php\/conmutadores\/\">Conmutadores<\/a><\/h2><div class=\"w-post-elm post_content usg_post_content_1\">El desarrollo tecnol\u00f3gico ha propiciado la digitalizaci\u00f3n de una amplia gama de procesos tanto a nivel residencial y dom\u00e9stico, como en el \u00e1mbito comercial&hellip;<\/div><\/div><div class=\"w-post-elm post_image usg_post_image_1 has_width has_ratio\"><div style=\"padding-bottom:100.0000%\"><\/div><a href=\"https:\/\/wilug.cl\/index.php\/conmutadores\/\" aria-label=\"Conmutadores\"><img loading=\"lazy\" decoding=\"async\" width=\"2560\" height=\"1280\" src=\"https:\/\/wilug.cl\/wp-content\/uploads\/2021\/12\/COnMUTADORES.jpeg\" class=\"attachment-us_600_600_crop size-us_600_600_crop wp-post-image\" alt=\"\" srcset=\"https:\/\/wilug.cl\/wp-content\/uploads\/2021\/12\/COnMUTADORES.jpeg 2560w, https:\/\/wilug.cl\/wp-content\/uploads\/2021\/12\/COnMUTADORES-300x150.jpeg 300w, https:\/\/wilug.cl\/wp-content\/uploads\/2021\/12\/COnMUTADORES-1024x512.jpeg 1024w, https:\/\/wilug.cl\/wp-content\/uploads\/2021\/12\/COnMUTADORES-1536x768.jpeg 1536w, https:\/\/wilug.cl\/wp-content\/uploads\/2021\/12\/COnMUTADORES-500x250.jpeg 500w, https:\/\/wilug.cl\/wp-content\/uploads\/2021\/12\/COnMUTADORES-600x300.jpeg 600w\" sizes=\"(max-width: 2560px) 100vw, 2560px\" \/><\/a><\/div><\/div>\t\t<\/div>\n\t<\/article>\n\t<article class=\"w-grid-item size_1x1 post-10358 post type-post status-publish format-standard has-post-thumbnail hentry category-noticias\" data-id=\"10358\">\n\t\t<div class=\"w-grid-item-h\">\n\t\t\t\t\t\t<div class=\"w-hwrapper usg_hwrapper_1 align_left valign_top\"><div class=\"w-vwrapper usg_vwrapper_1 align_left valign_top\"><div class=\"w-hwrapper usg_hwrapper_2 align_left valign_top wrap\"><div class=\"w-post-elm post_taxonomy usg_post_taxonomy_1 style_simple\"><a href=\"https:\/\/wilug.cl\/index.php\/category\/noticias\/\">Noticias<\/a><\/div><time class=\"w-post-elm post_date usg_post_date_1 entry-date published\" datetime=\"2021-12-20T20:15:12+00:00\" title=\"20 diciembre 2021 a las 20:15:12 +00:00\">20 Dic 2021<\/time><\/div><h2 class=\"w-post-elm post_title usg_post_title_1 entry-title color_link_inherit has_text_color\"><a href=\"https:\/\/wilug.cl\/index.php\/control-de-acceso\/\">Control de acceso<\/a><\/h2><div class=\"w-post-elm post_content usg_post_content_1\">Wilug cuenta con una destacada trayectoria en la comercializaci\u00f3n y distribuci\u00f3n de extintores y otros elementos de protecci\u00f3n activa y pasiva contra incendios. Su&hellip;<\/div><\/div><div class=\"w-post-elm post_image usg_post_image_1 has_width has_ratio\"><div style=\"padding-bottom:100.0000%\"><\/div><a href=\"https:\/\/wilug.cl\/index.php\/control-de-acceso\/\" aria-label=\"Control de acceso\"><img loading=\"lazy\" decoding=\"async\" width=\"1000\" height=\"385\" src=\"https:\/\/wilug.cl\/wp-content\/uploads\/2021\/12\/CONTROL-DE-ACCESO.png\" class=\"attachment-us_600_600_crop size-us_600_600_crop wp-post-image\" alt=\"\" srcset=\"https:\/\/wilug.cl\/wp-content\/uploads\/2021\/12\/CONTROL-DE-ACCESO.png 1000w, https:\/\/wilug.cl\/wp-content\/uploads\/2021\/12\/CONTROL-DE-ACCESO-300x116.png 300w, https:\/\/wilug.cl\/wp-content\/uploads\/2021\/12\/CONTROL-DE-ACCESO-500x193.png 500w, https:\/\/wilug.cl\/wp-content\/uploads\/2021\/12\/CONTROL-DE-ACCESO-600x231.png 600w\" sizes=\"(max-width: 1000px) 100vw, 1000px\" \/><\/a><\/div><\/div>\t\t<\/div>\n\t<\/article>\n\t<article class=\"w-grid-item size_1x1 post-10361 post type-post status-publish format-standard has-post-thumbnail hentry category-noticias\" data-id=\"10361\">\n\t\t<div class=\"w-grid-item-h\">\n\t\t\t\t\t\t<div class=\"w-hwrapper usg_hwrapper_1 align_left valign_top\"><div class=\"w-vwrapper usg_vwrapper_1 align_left valign_top\"><div class=\"w-hwrapper usg_hwrapper_2 align_left valign_top wrap\"><div class=\"w-post-elm post_taxonomy usg_post_taxonomy_1 style_simple\"><a href=\"https:\/\/wilug.cl\/index.php\/category\/noticias\/\">Noticias<\/a><\/div><time class=\"w-post-elm post_date usg_post_date_1 entry-date published\" datetime=\"2021-12-20T20:17:58+00:00\" title=\"20 diciembre 2021 a las 20:17:58 +00:00\">20 Dic 2021<\/time><\/div><h2 class=\"w-post-elm post_title usg_post_title_1 entry-title color_link_inherit has_text_color\"><a href=\"https:\/\/wilug.cl\/index.php\/deteccion-de-filtraciones-subterraneas\/\">Detecci\u00f3n de filtraciones subterr\u00e1neas<\/a><\/h2><div class=\"w-post-elm post_content usg_post_content_1\">Wilug ha desarrollado un sistema de monitoreo y control de filtraciones subterr\u00e1neas de agua en las matrices que se encuentran bajo tierra, para lograrlo,&hellip;<\/div><\/div><div class=\"w-post-elm post_image usg_post_image_1 has_width has_ratio\"><div style=\"padding-bottom:100.0000%\"><\/div><a href=\"https:\/\/wilug.cl\/index.php\/deteccion-de-filtraciones-subterraneas\/\" aria-label=\"Detecci\u00f3n de filtraciones subterr\u00e1neas\"><img loading=\"lazy\" decoding=\"async\" width=\"1600\" height=\"1200\" src=\"https:\/\/wilug.cl\/wp-content\/uploads\/2021\/12\/Fuga-detectada-exterior-2.jpg\" class=\"attachment-us_600_600_crop size-us_600_600_crop wp-post-image\" alt=\"\" srcset=\"https:\/\/wilug.cl\/wp-content\/uploads\/2021\/12\/Fuga-detectada-exterior-2.jpg 1600w, https:\/\/wilug.cl\/wp-content\/uploads\/2021\/12\/Fuga-detectada-exterior-2-300x225.jpg 300w, https:\/\/wilug.cl\/wp-content\/uploads\/2021\/12\/Fuga-detectada-exterior-2-1024x768.jpg 1024w, https:\/\/wilug.cl\/wp-content\/uploads\/2021\/12\/Fuga-detectada-exterior-2-1536x1152.jpg 1536w, https:\/\/wilug.cl\/wp-content\/uploads\/2021\/12\/Fuga-detectada-exterior-2-500x375.jpg 500w, https:\/\/wilug.cl\/wp-content\/uploads\/2021\/12\/Fuga-detectada-exterior-2-600x450.jpg 600w\" sizes=\"(max-width: 1600px) 100vw, 1600px\" \/><\/a><\/div><\/div>\t\t<\/div>\n\t<\/article>\n\t<article class=\"w-grid-item size_1x1 post-10364 post type-post status-publish format-standard has-post-thumbnail hentry category-noticias\" data-id=\"10364\">\n\t\t<div class=\"w-grid-item-h\">\n\t\t\t\t\t\t<div class=\"w-hwrapper usg_hwrapper_1 align_left valign_top\"><div class=\"w-vwrapper usg_vwrapper_1 align_left valign_top\"><div class=\"w-hwrapper usg_hwrapper_2 align_left valign_top wrap\"><div class=\"w-post-elm post_taxonomy usg_post_taxonomy_1 style_simple\"><a href=\"https:\/\/wilug.cl\/index.php\/category\/noticias\/\">Noticias<\/a><\/div><time class=\"w-post-elm post_date usg_post_date_1 entry-date published\" datetime=\"2021-12-20T20:20:12+00:00\" title=\"20 diciembre 2021 a las 20:20:12 +00:00\">20 Dic 2021<\/time><\/div><h2 class=\"w-post-elm post_title usg_post_title_1 entry-title color_link_inherit has_text_color\"><a href=\"https:\/\/wilug.cl\/index.php\/deteccion-de-fugas\/\">Detecci\u00f3n de fugas<\/a><\/h2><div class=\"w-post-elm post_content usg_post_content_1\">La qu\u00edmica puede ser nuestra amiga o enemiga. S\u00edrvase de ejemplo el gas. Aunque vital para actividades cotidianas e indispensables para nuestra comodidad, es&hellip;<\/div><\/div><div class=\"w-post-elm post_image usg_post_image_1 has_width has_ratio\"><div style=\"padding-bottom:100.0000%\"><\/div><a href=\"https:\/\/wilug.cl\/index.php\/deteccion-de-fugas\/\" aria-label=\"Detecci\u00f3n de fugas\"><img loading=\"lazy\" decoding=\"async\" width=\"1920\" height=\"1080\" src=\"https:\/\/wilug.cl\/wp-content\/uploads\/2021\/12\/GAS-1.jpeg\" class=\"attachment-us_600_600_crop size-us_600_600_crop wp-post-image\" alt=\"\" srcset=\"https:\/\/wilug.cl\/wp-content\/uploads\/2021\/12\/GAS-1.jpeg 1920w, https:\/\/wilug.cl\/wp-content\/uploads\/2021\/12\/GAS-1-300x169.jpeg 300w, https:\/\/wilug.cl\/wp-content\/uploads\/2021\/12\/GAS-1-1024x576.jpeg 1024w, https:\/\/wilug.cl\/wp-content\/uploads\/2021\/12\/GAS-1-1536x864.jpeg 1536w, https:\/\/wilug.cl\/wp-content\/uploads\/2021\/12\/GAS-1-500x281.jpeg 500w, https:\/\/wilug.cl\/wp-content\/uploads\/2021\/12\/GAS-1-600x338.jpeg 600w\" sizes=\"(max-width: 1920px) 100vw, 1920px\" \/><\/a><\/div><\/div>\t\t<\/div>\n\t<\/article>\n<\/div><div class=\"w-grid-preloader\"><div class=\"g-preloader type_1\">\n\t<div><\/div>\n<\/div>\n<\/div>\t\t<nav class=\"pagination navigation\" role=\"navigation\">\n\t\t\t<div class=\"nav-links\">\n\t\t\t\t<span aria-current=\"page\" class=\"page-numbers current\"><span>1<\/span><\/span>\n<a class=\"page-numbers\" href=\"https:\/\/wilug.cl\/index.php\/wp-json\/wp\/v2\/pages\/10408\/page\/2\/\"><span>2<\/span><\/a>\n<a class=\"page-numbers\" href=\"https:\/\/wilug.cl\/index.php\/wp-json\/wp\/v2\/pages\/10408\/page\/3\/\"><span>3<\/span><\/a>\n<a class=\"page-numbers\" href=\"https:\/\/wilug.cl\/index.php\/wp-json\/wp\/v2\/pages\/10408\/page\/4\/\"><span>4<\/span><\/a>\n<span class=\"page-numbers dots\">&hellip;<\/span>\n<a class=\"page-numbers\" href=\"https:\/\/wilug.cl\/index.php\/wp-json\/wp\/v2\/pages\/10408\/page\/38\/\"><span>38<\/span><\/a>\n<a class=\"next page-numbers\" href=\"https:\/\/wilug.cl\/index.php\/wp-json\/wp\/v2\/pages\/10408\/page\/2\/\"><span>Siguiente<\/span><\/a>\t\t\t<\/div>\n\t\t<\/nav>\n\t\t\t<div class=\"w-grid-json hidden\" onclick='return {&quot;action&quot;:&quot;us_ajax_grid&quot;,&quot;ajax_url&quot;:&quot;https:\\\/\\\/wilug.cl\\\/wp-admin\\\/admin-ajax.php&quot;,&quot;infinite_scroll&quot;:0,&quot;max_num_pages&quot;:38,&quot;pagination&quot;:&quot;regular&quot;,&quot;permalink_url&quot;:&quot;https:\\\/\\\/wilug.cl\\\/wp-json\\\/wp\\\/v2\\\/pages\\\/10408&quot;,&quot;template_vars&quot;:{&quot;columns&quot;:&quot;1&quot;,&quot;exclude_items&quot;:&quot;none&quot;,&quot;img_size&quot;:&quot;default&quot;,&quot;ignore_items_size&quot;:false,&quot;items_layout&quot;:&quot;blog_8&quot;,&quot;items_offset&quot;:&quot;1&quot;,&quot;load_animation&quot;:&quot;none&quot;,&quot;overriding_link&quot;:&quot;none&quot;,&quot;post_id&quot;:10408,&quot;query_args&quot;:{&quot;post_type&quot;:[&quot;post&quot;],&quot;tax_query&quot;:[{&quot;taxonomy&quot;:&quot;category&quot;,&quot;field&quot;:&quot;slug&quot;,&quot;terms&quot;:[&quot;noticias&quot;]}],&quot;post_status&quot;:[&quot;publish&quot;,&quot;acf-disabled&quot;,&quot;wc-failed&quot;,&quot;wc-in_preparation&quot;,&quot;wc-in_route&quot;,&quot;wc-delivered&quot;,&quot;wc-by_retired&quot;,&quot;wc-other&quot;,&quot;wc-slope&quot;,&quot;wc-to_marketplace&quot;,&quot;wc-indemnify&quot;,&quot;wc-ready_to_dispatch&quot;,&quot;wc-dispatched&quot;,&quot;wc-at_shipit&quot;,&quot;wc-returned&quot;,&quot;wc-withdrawn&quot;,&quot;wc-shipit_cancelled&quot;,&quot;wc-shipit_other&quot;,&quot;wc-created&quot;,&quot;wc-requested&quot;,&quot;wc-received_for_courier&quot;,&quot;wc-first_closed_address&quot;,&quot;wc-damaged&quot;,&quot;wc-strayed&quot;,&quot;wc-unreachable_destiny&quot;,&quot;wc-unkown_destinatary&quot;,&quot;wc-reused_by_destinatary&quot;,&quot;wc-incomplete_address&quot;,&quot;wc-second_closed_address&quot;,&quot;wc-back_in_route&quot;,&quot;wc-indemnify_out_of_date&quot;,&quot;wc-retired_by&quot;,&quot;wc-in_transit&quot;,&quot;wc-delayed&quot;,&quot;wc-canceled&quot;,&quot;wc-returned_pending&quot;,&quot;wc-ywraq-new&quot;,&quot;wc-ywraq-pending&quot;,&quot;wc-ywraq-expired&quot;,&quot;wc-ywraq-accepted&quot;,&quot;wc-ywraq-rejected&quot;],&quot;posts_per_page&quot;:&quot;6&quot;},&quot;orderby_query_args&quot;:{&quot;orderby&quot;:{&quot;date&quot;:&quot;ASC&quot;}},&quot;type&quot;:&quot;grid&quot;,&quot;us_grid_ajax_index&quot;:1,&quot;us_grid_filter_params&quot;:null,&quot;us_grid_index&quot;:1,&quot;_us_grid_post_type&quot;:&quot;post&quot;}}'><\/div>\n\t<\/div><\/div><\/div><\/div><\/div><\/div><\/section><section class=\"l-section wpb_row height_custom\"><div class=\"l-section-h i-cf\"><div class=\"g-cols vc_row type_default valign_top\"><div class=\"vc_col-sm-12 wpb_column vc_column_container\"><div class=\"vc_column-inner\"><div class=\"wpb_wrapper\"><div class=\"wpb_text_column\" ><div class=\"wpb_wrapper\"><\/div><\/div><\/div><\/div><\/div><\/div><\/div><\/section>\n","protected":false},"excerpt":{"rendered":"La qu\u00edmica puede ser nuestra amiga o enemiga. S\u00edrvase de ejemplo el gas. Aunque vital para actividades cotidianas e indispensables para nuestra comodidad, es peligroso cuando se filtra y entra en contacto con objetos inflamables o es inhalado por las personas. En Wilug siempre hemos estado a la vanguardia, desarrollando soluciones innovadoras para la prevenci\u00f3n...","protected":false},"author":5,"featured_media":0,"parent":0,"menu_order":0,"comment_status":"closed","ping_status":"closed","template":"","meta":{"footnotes":""},"acf":[],"_links":{"self":[{"href":"https:\/\/wilug.cl\/index.php\/wp-json\/wp\/v2\/pages\/10408"}],"collection":[{"href":"https:\/\/wilug.cl\/index.php\/wp-json\/wp\/v2\/pages"}],"about":[{"href":"https:\/\/wilug.cl\/index.php\/wp-json\/wp\/v2\/types\/page"}],"author":[{"embeddable":true,"href":"https:\/\/wilug.cl\/index.php\/wp-json\/wp\/v2\/users\/5"}],"replies":[{"embeddable":true,"href":"https:\/\/wilug.cl\/index.php\/wp-json\/wp\/v2\/comments?post=10408"}],"version-history":[{"count":14,"href":"https:\/\/wilug.cl\/index.php\/wp-json\/wp\/v2\/pages\/10408\/revisions"}],"predecessor-version":[{"id":10665,"href":"https:\/\/wilug.cl\/index.php\/wp-json\/wp\/v2\/pages\/10408\/revisions\/10665"}],"wp:attachment":[{"href":"https:\/\/wilug.cl\/index.php\/wp-json\/wp\/v2\/media?parent=10408"}],"curies":[{"name":"wp","href":"https:\/\/api.w.org\/{rel}","templated":true}]}}