{"id":10700,"date":"2022-05-24T16:30:27","date_gmt":"2022-05-24T16:30:27","guid":{"rendered":"https:\/\/www.wilug.cl\/?page_id=10700"},"modified":"2023-12-07T18:20:44","modified_gmt":"2023-12-07T18:20:44","slug":"sistema-polvo-quimico-seco-afex","status":"publish","type":"page","link":"https:\/\/wilug.cl\/index.php\/sistema-polvo-quimico-seco-afex\/","title":{"rendered":"Sistema Polvo Qu\u00edmico Seco AFEX"},"content":{"rendered":"<section class=\"l-section wpb_row height_custom\"><div class=\"l-section-h i-cf\"><div class=\"g-cols vc_row type_default valign_top\"><div class=\"vc_col-sm-8 wpb_column vc_column_container\"><div class=\"vc_column-inner\"><div class=\"wpb_wrapper\"><div class=\"wpb_text_column\" ><div class=\"wpb_wrapper\"><h2 class=\"entry-title highlight\">EL SISTEMA DE PROTECCI\u00d3N CONTRA INCENDIOS M\u00c1S VERS\u00c1TIL<\/h2>\n<p class=\"WebText\">Los sistemas de supresi\u00f3n de incendios con productos qu\u00edmicos secos proporcionan la eliminaci\u00f3n de incendios m\u00e1s r\u00e1pida y la mayor cobertura total, convirti\u00e9ndolos en el est\u00e1ndar de la industria para aplicaciones de equipos pesados. Los sistemas de qu\u00edmico seco brindan protecci\u00f3n contra incendios de Clase A (escombros), Clase B (combustible) y Clase C (el\u00e9ctricos). Este sistema es efectivo al inundar un volumen de espacio, como el compartimiento del motor de un veh\u00edculo, con un agente contra incendios para sofocar la llama.<\/p>\n<h2>Caracter\u00edsticas del Sistema Qu\u00edmico Seco<\/h2>\n<ul>\n<li>Inundaci\u00f3n total, especialmente en \u00e1reas bien cerradas<\/li>\n<li>Velocidad de derribo de fuego incomparable<\/li>\n<li>Las bisagras con resorte mantienen las boquillas libres de escombros con un mantenimiento m\u00ednimo<\/li>\n<li>Descarga del sistema manual y autom\u00e1tica<\/li>\n<li>Tama\u00f1o mas peque\u00f1o<\/li>\n<li>Protecci\u00f3n contra incendios de clases A, B y C<\/li>\n<li>Disponible en configuraciones de 20lb (9 kg), 30lb (14kg), 60lb (27kg) y 125lb (57kg)<\/li>\n<li>Adecuado para temperaturas tan bajas como -40 \u00b0 F (-40 \u00b0 C)<\/li>\n<li>Probado por terceros y aprobado por FM HDME, Activfire, AS 5062, UL 1254 y CE<\/li>\n<\/ul>\n<\/div><\/div><\/div><\/div><\/div><div class=\"vc_col-sm-4 wpb_column vc_column_container\"><div class=\"vc_column-inner\"><div class=\"wpb_wrapper\"><div class=\"w-image align_center\"><div class=\"w-image-h\"><img loading=\"lazy\" decoding=\"async\" width=\"400\" height=\"300\" src=\"https:\/\/wilug.cl\/wp-content\/uploads\/2022\/05\/Sistema-Polvo-Quimico-Seco.jpg\" class=\"attachment-full size-full\" alt=\"\" srcset=\"https:\/\/wilug.cl\/wp-content\/uploads\/2022\/05\/Sistema-Polvo-Quimico-Seco.jpg 400w, https:\/\/wilug.cl\/wp-content\/uploads\/2022\/05\/Sistema-Polvo-Quimico-Seco-300x225.jpg 300w\" sizes=\"(max-width: 400px) 100vw, 400px\" \/><\/div><\/div><\/div><\/div><\/div><\/div><\/div><\/section><section class=\"l-section wpb_row us_custom_887a049b height_custom\"><div class=\"l-section-h i-cf\"><div class=\"g-cols vc_row type_default valign_top\"><div class=\"vc_col-sm-12 wpb_column vc_column_container\"><div class=\"vc_column-inner\"><div class=\"wpb_wrapper\"><div class=\"w-image align_center\"><div class=\"w-image-h\"><img loading=\"lazy\" decoding=\"async\" width=\"1295\" height=\"481\" src=\"https:\/\/wilug.cl\/wp-content\/uploads\/2022\/05\/Dry-Chemical-System-Schematic-ES.png\" class=\"attachment-full size-full\" alt=\"\" srcset=\"https:\/\/wilug.cl\/wp-content\/uploads\/2022\/05\/Dry-Chemical-System-Schematic-ES.png 1295w, https:\/\/wilug.cl\/wp-content\/uploads\/2022\/05\/Dry-Chemical-System-Schematic-ES-300x111.png 300w, https:\/\/wilug.cl\/wp-content\/uploads\/2022\/05\/Dry-Chemical-System-Schematic-ES-1024x380.png 1024w, https:\/\/wilug.cl\/wp-content\/uploads\/2022\/05\/Dry-Chemical-System-Schematic-ES-500x186.png 500w, https:\/\/wilug.cl\/wp-content\/uploads\/2022\/05\/Dry-Chemical-System-Schematic-ES-600x223.png 600w\" sizes=\"(max-width: 1295px) 100vw, 1295px\" \/><\/div><\/div><\/div><\/div><\/div><\/div><\/div><\/section>\n","protected":false},"excerpt":{"rendered":"EL SISTEMA DE PROTECCI\u00d3N CONTRA INCENDIOS M\u00c1S VERS\u00c1TIL Los sistemas de supresi\u00f3n de incendios con productos qu\u00edmicos secos proporcionan la eliminaci\u00f3n de incendios m\u00e1s r\u00e1pida y la mayor cobertura total, convirti\u00e9ndolos en el est\u00e1ndar de la industria para aplicaciones de equipos pesados. Los sistemas de qu\u00edmico seco brindan protecci\u00f3n contra incendios de Clase A (escombros),...","protected":false},"author":5,"featured_media":0,"parent":0,"menu_order":0,"comment_status":"closed","ping_status":"closed","template":"","meta":{"footnotes":""},"acf":[],"_links":{"self":[{"href":"https:\/\/wilug.cl\/index.php\/wp-json\/wp\/v2\/pages\/10700"}],"collection":[{"href":"https:\/\/wilug.cl\/index.php\/wp-json\/wp\/v2\/pages"}],"about":[{"href":"https:\/\/wilug.cl\/index.php\/wp-json\/wp\/v2\/types\/page"}],"author":[{"embeddable":true,"href":"https:\/\/wilug.cl\/index.php\/wp-json\/wp\/v2\/users\/5"}],"replies":[{"embeddable":true,"href":"https:\/\/wilug.cl\/index.php\/wp-json\/wp\/v2\/comments?post=10700"}],"version-history":[{"count":6,"href":"https:\/\/wilug.cl\/index.php\/wp-json\/wp\/v2\/pages\/10700\/revisions"}],"predecessor-version":[{"id":10708,"href":"https:\/\/wilug.cl\/index.php\/wp-json\/wp\/v2\/pages\/10700\/revisions\/10708"}],"wp:attachment":[{"href":"https:\/\/wilug.cl\/index.php\/wp-json\/wp\/v2\/media?parent=10700"}],"curies":[{"name":"wp","href":"https:\/\/api.w.org\/{rel}","templated":true}]}}