{"id":10709,"date":"2022-05-24T16:48:08","date_gmt":"2022-05-24T16:48:08","guid":{"rendered":"https:\/\/www.wilug.cl\/?page_id=10709"},"modified":"2023-12-07T18:20:44","modified_gmt":"2023-12-07T18:20:44","slug":"sistema-quimico-liquido-afex","status":"publish","type":"page","link":"https:\/\/wilug.cl\/index.php\/sistema-quimico-liquido-afex\/","title":{"rendered":"Sistema Qu\u00edmico L\u00edquido AFEX"},"content":{"rendered":"<section class=\"l-section wpb_row height_custom\"><div class=\"l-section-h i-cf\"><div class=\"g-cols vc_row type_default valign_top\"><div class=\"vc_col-sm-8 wpb_column vc_column_container\"><div class=\"vc_column-inner\"><div class=\"wpb_wrapper\"><div class=\"wpb_text_column\" ><div class=\"wpb_wrapper\"><h2 class=\"entry-title highlight\">CAPACIDADES EXCEPCIONALES DE ENFRIAMIENTO CONTRA INCENDIOS PARA EQUIPOS M\u00d3VILES<\/h2>\n<p class=\"WebText\">Los sistemas de supresi\u00f3n de incendios con productos qu\u00edmicos l\u00edquidos brindan capacidades de enfriamiento excepcionales para suprimir incendios de Clase A (escombros) y Clase B (combustible). El agente l\u00edquido act\u00faa enfriando las superficies calientes, separando las mol\u00e9culas de hidrocarburos del combustible para evitar que el fuego vuelva a encenderse y formando una capa de espuma para sofocar las llamas. Los sistemas l\u00edquidos est\u00e1n especialmente dise\u00f1ados para proteger componentes de veh\u00edculos de alto riesgo, como turbocompresores, componentes de escape y componentes de postratamiento Tier 4.<\/p>\n<h2>Caracter\u00edsticas del Sistema Qu\u00edmico L\u00edquido<\/h2>\n<ul>\n<li>Efectivo para enfriar superficies calientes en \u00e1reas abiertas<\/li>\n<li>Lucha contra el reencendido del fuego<\/li>\n<li>Penetra los escombros y suprime los incendios de combustible acumulados<\/li>\n<li>Descarga del sistema manual y autom\u00e1tica<\/li>\n<li>Protecci\u00f3n contra incendios de Clase A y B<\/li>\n<li>Available in 5, 15, 30 gal. sizes<\/li>\n<li>Adecuado para temperaturas tan bajas como -40 \u00b0 F (-40 \u00b0 C)<\/li>\n<li>Probado por terceros y aprobado por FM HDME, Activfire, AS 5062, UL 1254 y CE<\/li>\n<\/ul>\n<\/div><\/div><\/div><\/div><\/div><div class=\"vc_col-sm-4 wpb_column vc_column_container\"><div class=\"vc_column-inner\"><div class=\"wpb_wrapper\"><div class=\"w-image align_center\"><div class=\"w-image-h\"><img loading=\"lazy\" decoding=\"async\" width=\"400\" height=\"300\" src=\"https:\/\/wilug.cl\/wp-content\/uploads\/2022\/05\/Sistema-Quimico-Liquido.jpg\" class=\"attachment-full size-full\" alt=\"\" srcset=\"https:\/\/wilug.cl\/wp-content\/uploads\/2022\/05\/Sistema-Quimico-Liquido.jpg 400w, https:\/\/wilug.cl\/wp-content\/uploads\/2022\/05\/Sistema-Quimico-Liquido-300x225.jpg 300w\" sizes=\"(max-width: 400px) 100vw, 400px\" \/><\/div><\/div><\/div><\/div><\/div><\/div><\/div><\/section><section class=\"l-section wpb_row us_custom_887a049b height_custom\"><div class=\"l-section-h i-cf\"><div class=\"g-cols vc_row type_default valign_top\"><div class=\"vc_col-sm-12 wpb_column vc_column_container\"><div class=\"vc_column-inner\"><div class=\"wpb_wrapper\"><div class=\"w-image align_center\"><div class=\"w-image-h\"><img loading=\"lazy\" decoding=\"async\" width=\"1295\" height=\"481\" src=\"https:\/\/wilug.cl\/wp-content\/uploads\/2022\/05\/Liquid-Chemical-System-Schematic-ES.png\" class=\"attachment-full size-full\" alt=\"\" srcset=\"https:\/\/wilug.cl\/wp-content\/uploads\/2022\/05\/Liquid-Chemical-System-Schematic-ES.png 1295w, https:\/\/wilug.cl\/wp-content\/uploads\/2022\/05\/Liquid-Chemical-System-Schematic-ES-300x111.png 300w, https:\/\/wilug.cl\/wp-content\/uploads\/2022\/05\/Liquid-Chemical-System-Schematic-ES-1024x380.png 1024w, https:\/\/wilug.cl\/wp-content\/uploads\/2022\/05\/Liquid-Chemical-System-Schematic-ES-500x186.png 500w, https:\/\/wilug.cl\/wp-content\/uploads\/2022\/05\/Liquid-Chemical-System-Schematic-ES-600x223.png 600w\" sizes=\"(max-width: 1295px) 100vw, 1295px\" \/><\/div><\/div><\/div><\/div><\/div><\/div><\/div><\/section>\n","protected":false},"excerpt":{"rendered":"CAPACIDADES EXCEPCIONALES DE ENFRIAMIENTO CONTRA INCENDIOS PARA EQUIPOS M\u00d3VILES Los sistemas de supresi\u00f3n de incendios con productos qu\u00edmicos l\u00edquidos brindan capacidades de enfriamiento excepcionales para suprimir incendios de Clase A (escombros) y Clase B (combustible). El agente l\u00edquido act\u00faa enfriando las superficies calientes, separando las mol\u00e9culas de hidrocarburos del combustible para evitar que el fuego...","protected":false},"author":5,"featured_media":0,"parent":0,"menu_order":0,"comment_status":"closed","ping_status":"closed","template":"","meta":{"footnotes":""},"acf":[],"_links":{"self":[{"href":"https:\/\/wilug.cl\/index.php\/wp-json\/wp\/v2\/pages\/10709"}],"collection":[{"href":"https:\/\/wilug.cl\/index.php\/wp-json\/wp\/v2\/pages"}],"about":[{"href":"https:\/\/wilug.cl\/index.php\/wp-json\/wp\/v2\/types\/page"}],"author":[{"embeddable":true,"href":"https:\/\/wilug.cl\/index.php\/wp-json\/wp\/v2\/users\/5"}],"replies":[{"embeddable":true,"href":"https:\/\/wilug.cl\/index.php\/wp-json\/wp\/v2\/comments?post=10709"}],"version-history":[{"count":1,"href":"https:\/\/wilug.cl\/index.php\/wp-json\/wp\/v2\/pages\/10709\/revisions"}],"predecessor-version":[{"id":10711,"href":"https:\/\/wilug.cl\/index.php\/wp-json\/wp\/v2\/pages\/10709\/revisions\/10711"}],"wp:attachment":[{"href":"https:\/\/wilug.cl\/index.php\/wp-json\/wp\/v2\/media?parent=10709"}],"curies":[{"name":"wp","href":"https:\/\/api.w.org\/{rel}","templated":true}]}}