{"id":10713,"date":"2022-05-24T17:02:25","date_gmt":"2022-05-24T17:02:25","guid":{"rendered":"https:\/\/www.wilug.cl\/?page_id=10713"},"modified":"2023-12-07T18:20:44","modified_gmt":"2023-12-07T18:20:44","slug":"sistema-de-agente-dual-afex","status":"publish","type":"page","link":"https:\/\/wilug.cl\/index.php\/sistema-de-agente-dual-afex\/","title":{"rendered":"Sistema de Agente Dual AFEX"},"content":{"rendered":"<section class=\"l-section wpb_row height_custom\"><div class=\"l-section-h i-cf\"><div class=\"g-cols vc_row type_default valign_top\"><div class=\"vc_col-sm-8 wpb_column vc_column_container\"><div class=\"vc_column-inner\"><div class=\"wpb_wrapper\"><div class=\"wpb_text_column\" ><div class=\"wpb_wrapper\"><h2 class=\"entry-title highlight\">MAXIMICE LA SUPRESI\u00d3N DE INCENDIOS DEL EQUIPO M\u00d3VIL Y\/O M\u00c1QUINA CON PRODUCTOS QU\u00cdMICOS SECOS Y L\u00cdQUIDOS<\/h2>\n<p>A medida que avanza la tecnolog\u00eda, los fabricantes de equipos m\u00f3viles est\u00e1n dise\u00f1ando m\u00e1quinas que son m\u00e1s potentes y productivas a la vez que reducen las emisiones. La desventaja de estos avances es un riesgo creciente de incendios m\u00e1s severos debido al aumento de calor en todo el compartimiento del motor y los sistemas hidr\u00e1ulicos.<\/p>\n<p class=\" translation-block\">Los sistemas de agente dual se unen a las mejores caracter\u00edsticas de nuestros sistemas de supresi\u00f3n de incendios para veh\u00edculos con productos qu\u00edmicos l\u00edquidos y secos para brindar la m\u00e1xima protecci\u00f3n contra incendios. Nuestro\u00a0<a href=\"https:\/\/www.afexsystems.com\/es\/products\/polvo-seco-de-supresion-de-incendio\/\" target=\"_self\" rel=\"noopener\">sistema qu\u00edmico seco\u00a0<\/a>proporciona una r\u00e1pida extinci\u00f3n del fuego y la inundaci\u00f3n total de los compartimentos cerrados, mientras que el\u00a0<a href=\"https:\/\/www.afexsystems.com\/es\/products\/quimico-liquido-de-supresion-de-incendio\/\" target=\"_self\" rel=\"noopener\">sistema qu\u00edmico l\u00edquido<\/a>\u00a0se enfoca en las superficies calientes para un enfriamiento r\u00e1pido y protecci\u00f3n contra la reaparici\u00f3n del fuego. Los sistemas de agente dual son tan efectivos que la Agencia Nacional de Protecci\u00f3n Contra Incendios (NFPA) los requiere para palas hidr\u00e1ulicas grandes.<\/p>\n<h2>Caracter\u00edsticas del Sistema de Agente Dual<\/h2>\n<ul>\n<li>Inundaci\u00f3n total, especialmente en \u00e1reas bien cerradas<\/li>\n<li>Velocidad de derribo de fuego incomparable<\/li>\n<li>Efectivo para enfriar superficies calientes en \u00e1reas abiertas<\/li>\n<li>Lucha contra el reencendido del fuego<\/li>\n<li>Tama\u00f1o mas peque\u00f1o<\/li>\n<li>Es m\u00e1s econ\u00f3mico que los sistemas qu\u00edmicos l\u00edquidos por s\u00ed solos<\/li>\n<li>Penetra los escombros y suprime los incendios de combustible acumulados<\/li>\n<li>Descarga del sistema manual y autom\u00e1tica<\/li>\n<li>Protecci\u00f3n contra incendios de clases A, B y C<\/li>\n<li>Adecuado para temperaturas tan bajas como -40 \u00b0 F (-40 \u00b0 C)<\/li>\n<li>Probado por terceros y aprobado por FM HDME, Activfire, AS 5062, UL 1254 y CE<\/li>\n<\/ul>\n<\/div><\/div><\/div><\/div><\/div><div class=\"vc_col-sm-4 wpb_column vc_column_container\"><div class=\"vc_column-inner\"><div class=\"wpb_wrapper\"><div class=\"w-image align_center\"><div class=\"w-image-h\"><img loading=\"lazy\" decoding=\"async\" width=\"400\" height=\"300\" src=\"https:\/\/wilug.cl\/wp-content\/uploads\/2022\/05\/Sistema-de-Agente-Dual.jpg\" class=\"attachment-full size-full\" alt=\"\" srcset=\"https:\/\/wilug.cl\/wp-content\/uploads\/2022\/05\/Sistema-de-Agente-Dual.jpg 400w, https:\/\/wilug.cl\/wp-content\/uploads\/2022\/05\/Sistema-de-Agente-Dual-300x225.jpg 300w\" sizes=\"(max-width: 400px) 100vw, 400px\" \/><\/div><\/div><\/div><\/div><\/div><\/div><\/div><\/section><section class=\"l-section wpb_row us_custom_887a049b height_custom\"><div class=\"l-section-h i-cf\"><div class=\"g-cols vc_row type_default valign_top\"><div class=\"vc_col-sm-12 wpb_column vc_column_container\"><div class=\"vc_column-inner\"><div class=\"wpb_wrapper\"><div class=\"w-image align_center\"><div class=\"w-image-h\"><img loading=\"lazy\" decoding=\"async\" width=\"1295\" height=\"481\" src=\"https:\/\/wilug.cl\/wp-content\/uploads\/2022\/05\/Dual-Agent-System-Schematic-ES.png\" class=\"attachment-full size-full\" alt=\"\" srcset=\"https:\/\/wilug.cl\/wp-content\/uploads\/2022\/05\/Dual-Agent-System-Schematic-ES.png 1295w, https:\/\/wilug.cl\/wp-content\/uploads\/2022\/05\/Dual-Agent-System-Schematic-ES-300x111.png 300w, https:\/\/wilug.cl\/wp-content\/uploads\/2022\/05\/Dual-Agent-System-Schematic-ES-1024x380.png 1024w, https:\/\/wilug.cl\/wp-content\/uploads\/2022\/05\/Dual-Agent-System-Schematic-ES-500x186.png 500w, https:\/\/wilug.cl\/wp-content\/uploads\/2022\/05\/Dual-Agent-System-Schematic-ES-600x223.png 600w\" sizes=\"(max-width: 1295px) 100vw, 1295px\" \/><\/div><\/div><\/div><\/div><\/div><\/div><\/div><\/section>\n","protected":false},"excerpt":{"rendered":"MAXIMICE LA SUPRESI\u00d3N DE INCENDIOS DEL EQUIPO M\u00d3VIL Y\/O M\u00c1QUINA CON PRODUCTOS QU\u00cdMICOS SECOS Y L\u00cdQUIDOS A medida que avanza la tecnolog\u00eda, los fabricantes de equipos m\u00f3viles est\u00e1n dise\u00f1ando m\u00e1quinas que son m\u00e1s potentes y productivas a la vez que reducen las emisiones. La desventaja de estos avances es un riesgo creciente de incendios m\u00e1s...","protected":false},"author":5,"featured_media":0,"parent":0,"menu_order":0,"comment_status":"closed","ping_status":"closed","template":"","meta":{"footnotes":""},"acf":[],"_links":{"self":[{"href":"https:\/\/wilug.cl\/index.php\/wp-json\/wp\/v2\/pages\/10713"}],"collection":[{"href":"https:\/\/wilug.cl\/index.php\/wp-json\/wp\/v2\/pages"}],"about":[{"href":"https:\/\/wilug.cl\/index.php\/wp-json\/wp\/v2\/types\/page"}],"author":[{"embeddable":true,"href":"https:\/\/wilug.cl\/index.php\/wp-json\/wp\/v2\/users\/5"}],"replies":[{"embeddable":true,"href":"https:\/\/wilug.cl\/index.php\/wp-json\/wp\/v2\/comments?post=10713"}],"version-history":[{"count":2,"href":"https:\/\/wilug.cl\/index.php\/wp-json\/wp\/v2\/pages\/10713\/revisions"}],"predecessor-version":[{"id":10716,"href":"https:\/\/wilug.cl\/index.php\/wp-json\/wp\/v2\/pages\/10713\/revisions\/10716"}],"wp:attachment":[{"href":"https:\/\/wilug.cl\/index.php\/wp-json\/wp\/v2\/media?parent=10713"}],"curies":[{"name":"wp","href":"https:\/\/api.w.org\/{rel}","templated":true}]}}