{"id":10717,"date":"2022-05-24T17:18:33","date_gmt":"2022-05-24T17:18:33","guid":{"rendered":"https:\/\/www.wilug.cl\/?page_id=10717"},"modified":"2023-12-07T18:20:43","modified_gmt":"2023-12-07T18:20:43","slug":"deteccion-y-monitoreo-afex","status":"publish","type":"page","link":"https:\/\/wilug.cl\/index.php\/deteccion-y-monitoreo-afex\/","title":{"rendered":"Detecci\u00f3n y Monitoreo AFEX"},"content":{"rendered":"<section class=\"l-section wpb_row us_custom_112cd22b height_custom\"><div class=\"l-section-h i-cf\"><div class=\"g-cols vc_row type_default valign_top\"><div class=\"vc_col-sm-8 wpb_column vc_column_container\"><div class=\"vc_column-inner\"><div class=\"wpb_wrapper\"><div class=\"wpb_text_column\" ><div class=\"wpb_wrapper\"><h2>PANELES DE CONTROL PARA SISTEMAS AUTOM\u00c1TICOS DE SUPRESI\u00d3N DE INCENDIOS<\/h2>\n<p>Los paneles de control son cruciales para un sistema eficaz de supresi\u00f3n de incendios de equipos pesados. Cuando el sistema detecta un incendio u otro problema operativo, se env\u00eda una se\u00f1al al Control Unit para alertar al conductor de la cabina para que act\u00fae. El panel puede alertar al operador con luces LED parpadeantes, una alarma audible y, en ciertos modelos, una pantalla LCD intuitiva. Este monitoreo constante del sistema por parte del panel de control protege al operador de la m\u00e1quina, permite una descarga r\u00e1pida para extinguir un incendio y minimiza el da\u00f1o general al equipo.<\/p>\n<p>Nuestros paneles de control para sistemas autom\u00e1ticos de supresi\u00f3n de incendios est\u00e1n disponibles en dos modelos para adaptarse a sus necesidades \u00fanicas y caracter\u00edsticas deseadas.<\/p>\n<\/div><\/div><\/div><\/div><\/div><div class=\"vc_col-sm-4 wpb_column vc_column_container\"><div class=\"vc_column-inner\"><div class=\"wpb_wrapper\"><div class=\"w-image align_center\"><div class=\"w-image-h\"><img loading=\"lazy\" decoding=\"async\" width=\"400\" height=\"300\" src=\"https:\/\/wilug.cl\/wp-content\/uploads\/2022\/05\/Deteccion-y-Monitoreo.jpg\" class=\"attachment-full size-full\" alt=\"\" srcset=\"https:\/\/wilug.cl\/wp-content\/uploads\/2022\/05\/Deteccion-y-Monitoreo.jpg 400w, https:\/\/wilug.cl\/wp-content\/uploads\/2022\/05\/Deteccion-y-Monitoreo-300x225.jpg 300w\" sizes=\"(max-width: 400px) 100vw, 400px\" \/><\/div><\/div><\/div><\/div><\/div><\/div><\/div><\/section><section class=\"l-section wpb_row us_custom_887a049b height_custom\"><div class=\"l-section-h i-cf\"><div class=\"g-cols vc_row type_default valign_top\"><div class=\"vc_col-sm-12 wpb_column vc_column_container\"><div class=\"vc_column-inner\"><div class=\"wpb_wrapper\"><div class=\"wpb_text_column\" ><div class=\"wpb_wrapper\"><h3>Control Unit &#8211; Sistema de Defensa Avanzado<\/h3>\n<p>Esta pantalla de detecci\u00f3n de incendios l\u00edder en la industria es duradera, potente y f\u00e1cil de usar. La pantalla LCD integrada del Control Unit es intuitiva y le asegura al operador de la m\u00e1quina que su equipo m\u00f3vil est\u00e1 siendo protegido activamente. En caso de que surja un problema, un mensaje en pantalla combinado con alarmas sonoras y visuales notificar\u00e1 al operador. El sistema tambi\u00e9n almacenar\u00e1 la alerta en el registro interno del Control Unit para una resoluci\u00f3n de problemas r\u00e1pida y sencilla en el campo.<\/p>\n<p>El Control Unit tambi\u00e9n es sumamente configurable; los m\u00faltiples circuitos de entrada y salida permiten la personalizaci\u00f3n del sistema de supresi\u00f3n de incendios, ideal para las necesidades \u00fanicas de sus operaciones. La programaci\u00f3n se puede realizar directamente en el panel sin necesidad de hardware externo.<\/p>\n<\/div><\/div><div class=\"w-separator size_small\"><\/div><div class=\"g-cols wpb_row  type_default valign_top vc_inner\"><div class=\"vc_col-sm-4 wpb_column vc_column_container\"><div class=\"vc_column-inner\"><div class=\"wpb_wrapper\"><div class=\"w-image align_center\"><div class=\"w-image-h\"><img loading=\"lazy\" decoding=\"async\" width=\"802\" height=\"978\" src=\"https:\/\/wilug.cl\/wp-content\/uploads\/2022\/05\/uno.png\" class=\"attachment-full size-full\" alt=\"\" srcset=\"https:\/\/wilug.cl\/wp-content\/uploads\/2022\/05\/uno.png 802w, https:\/\/wilug.cl\/wp-content\/uploads\/2022\/05\/uno-246x300.png 246w, https:\/\/wilug.cl\/wp-content\/uploads\/2022\/05\/uno-410x500.png 410w, https:\/\/wilug.cl\/wp-content\/uploads\/2022\/05\/uno-600x732.png 600w\" sizes=\"(max-width: 802px) 100vw, 802px\" \/><\/div><\/div><\/div><\/div><\/div><div class=\"vc_col-sm-4 wpb_column vc_column_container\"><div class=\"vc_column-inner\"><div class=\"wpb_wrapper\"><div class=\"w-image align_center\"><div class=\"w-image-h\"><img loading=\"lazy\" decoding=\"async\" width=\"802\" height=\"602\" src=\"https:\/\/wilug.cl\/wp-content\/uploads\/2022\/05\/dos.png\" class=\"attachment-full size-full\" alt=\"\" srcset=\"https:\/\/wilug.cl\/wp-content\/uploads\/2022\/05\/dos.png 802w, https:\/\/wilug.cl\/wp-content\/uploads\/2022\/05\/dos-300x225.png 300w, https:\/\/wilug.cl\/wp-content\/uploads\/2022\/05\/dos-500x375.png 500w, https:\/\/wilug.cl\/wp-content\/uploads\/2022\/05\/dos-600x450.png 600w\" sizes=\"(max-width: 802px) 100vw, 802px\" \/><\/div><\/div><\/div><\/div><\/div><div class=\"vc_col-sm-4 wpb_column vc_column_container\"><div class=\"vc_column-inner\"><div class=\"wpb_wrapper\"><div class=\"w-image align_center\"><div class=\"w-image-h\"><img loading=\"lazy\" decoding=\"async\" width=\"802\" height=\"978\" src=\"https:\/\/wilug.cl\/wp-content\/uploads\/2022\/05\/tres.png\" class=\"attachment-full size-full\" alt=\"\" srcset=\"https:\/\/wilug.cl\/wp-content\/uploads\/2022\/05\/tres.png 802w, https:\/\/wilug.cl\/wp-content\/uploads\/2022\/05\/tres-246x300.png 246w, https:\/\/wilug.cl\/wp-content\/uploads\/2022\/05\/tres-410x500.png 410w, https:\/\/wilug.cl\/wp-content\/uploads\/2022\/05\/tres-600x732.png 600w\" sizes=\"(max-width: 802px) 100vw, 802px\" \/><\/div><\/div><\/div><\/div><\/div><\/div><div class=\"w-separator size_small\"><\/div><div class=\"wpb_text_column\" ><div class=\"wpb_wrapper\"><h4>Caracter\u00edsticas del Control Unit<\/h4>\n<ul>\n<li>Pantalla LCD programable disponible en varios idiomas<\/li>\n<li>Alarmas sonoras y visuales<\/li>\n<li>Registro de datos interno para la resoluci\u00f3n de problemas, descargable a trav\u00e9s de una unidad USB<\/li>\n<li>Conectividad telem\u00e1tica para monitoreo remoto del sistema, estados del sistema en tiempo real y activaci\u00f3n manual del sistema<\/li>\n<li>Energ\u00eda de bater\u00eda independiente de 1 a\u00f1o<\/li>\n<li>Hasta dos circuitos de detecci\u00f3n simult\u00e1neos con retardo ajustable<\/li>\n<li>Cumple con ISO 13766 y otras CE normas<\/li>\n<li>Probado y aprobado por terceros por FM HDME, Activfire y CE<\/li>\n<\/ul>\n<\/div><\/div><div class=\"w-separator size_small\"><\/div><div class=\"w-btn-wrapper width_auto align_left\"><a class=\"w-btn us-btn-style_25\" target=\"_blank\" href=\"\/wp-content\/uploads\/2022\/05\/AFEX-Control-Unit-Sales-Literature-Spanish1.pdf\" rel=\"noopener\"><span class=\"w-btn-label\">DESCARGAR EL FOLLETO DEL CONTROL UNIT<\/span><\/a><\/div><\/div><\/div><\/div><\/div><\/div><\/section>\n","protected":false},"excerpt":{"rendered":"PANELES DE CONTROL PARA SISTEMAS AUTOM\u00c1TICOS DE SUPRESI\u00d3N DE INCENDIOS Los paneles de control son cruciales para un sistema eficaz de supresi\u00f3n de incendios de equipos pesados. Cuando el sistema detecta un incendio u otro problema operativo, se env\u00eda una se\u00f1al al Control Unit para alertar al conductor de la cabina para que act\u00fae. El...","protected":false},"author":5,"featured_media":0,"parent":0,"menu_order":0,"comment_status":"closed","ping_status":"closed","template":"","meta":{"footnotes":""},"acf":[],"_links":{"self":[{"href":"https:\/\/wilug.cl\/index.php\/wp-json\/wp\/v2\/pages\/10717"}],"collection":[{"href":"https:\/\/wilug.cl\/index.php\/wp-json\/wp\/v2\/pages"}],"about":[{"href":"https:\/\/wilug.cl\/index.php\/wp-json\/wp\/v2\/types\/page"}],"author":[{"embeddable":true,"href":"https:\/\/wilug.cl\/index.php\/wp-json\/wp\/v2\/users\/5"}],"replies":[{"embeddable":true,"href":"https:\/\/wilug.cl\/index.php\/wp-json\/wp\/v2\/comments?post=10717"}],"version-history":[{"count":9,"href":"https:\/\/wilug.cl\/index.php\/wp-json\/wp\/v2\/pages\/10717\/revisions"}],"predecessor-version":[{"id":10730,"href":"https:\/\/wilug.cl\/index.php\/wp-json\/wp\/v2\/pages\/10717\/revisions\/10730"}],"wp:attachment":[{"href":"https:\/\/wilug.cl\/index.php\/wp-json\/wp\/v2\/media?parent=10717"}],"curies":[{"name":"wp","href":"https:\/\/api.w.org\/{rel}","templated":true}]}}