{"id":10731,"date":"2022-05-24T18:45:16","date_gmt":"2022-05-24T18:45:16","guid":{"rendered":"https:\/\/www.wilug.cl\/?page_id=10731"},"modified":"2023-12-07T18:20:43","modified_gmt":"2023-12-07T18:20:43","slug":"accesorios-afex","status":"publish","type":"page","link":"https:\/\/wilug.cl\/index.php\/accesorios-afex\/","title":{"rendered":"Accesorios AFEX"},"content":{"rendered":"<section class=\"l-section wpb_row us_custom_d9d2068f height_custom\"><div class=\"l-section-h i-cf\"><div class=\"g-cols vc_row type_default valign_top\"><div class=\"vc_col-sm-8 wpb_column vc_column_container\"><div class=\"vc_column-inner\"><div class=\"wpb_wrapper\"><div class=\"wpb_text_column\" ><div class=\"wpb_wrapper\"><h2>ACCESORIOS ADICIONALES PARA EL SISTEMA DE SUPRESI\u00d3N DE INCENDIOS<\/h2>\n<p class=\" translation-block\">Nuestros sistemas de supresi\u00f3n de incendios est\u00e1n disponibles con varios accesorios que mejoran su eficacia general de supresi\u00f3n de incendios y aumentan la comunicaci\u00f3n con el personal en el sitio. Cada uno de estos complementos est\u00e1 disponible con nuestros tres sistemas:\u00a0<a href=\"https:\/\/www.afexsystems.com\/es\/products\/polvo-seco-de-supresion-de-incendio\/\" target=\"_self\" rel=\"noopener\"><u>qu\u00edmico seco<\/u><\/a>,\u00a0<a href=\"https:\/\/www.afexsystems.com\/es\/products\/quimico-liquido-de-supresion-de-incendio\/\" target=\"_self\" rel=\"noopener\"><u>qu\u00edmico l\u00edquido<\/u><\/a>, y\u00a0<a href=\"https:\/\/www.afexsystems.com\/es\/products\/sistema-de-agente-dual\/\" target=\"_self\" rel=\"noopener\"><u>agente dual<\/u><\/a>.<\/p>\n<ul>\n<li><a href=\"https:\/\/www.afexsystems.com\/es\/products\/accesorios\/#shut\">Paquete de Apagado del Motor<\/a><\/li>\n<li><a href=\"https:\/\/www.afexsystems.com\/es\/products\/accesorios\/#connect\">Conectividad Avanzada del Veh\u00edculo<\/a><\/li>\n<li><a href=\"https:\/\/www.afexsystems.com\/es\/products\/accesorios\/#port\">Extintores Port\u00e1tiles<\/a><\/li>\n<li><a href=\"https:\/\/www.afexsystems.com\/es\/products\/accesorios\/#alarm\">Bocina y Luz Estrobosc\u00f3pica de Alarma Contra Incendios<\/a><\/li>\n<li><a href=\"https:\/\/www.afexsystems.com\/es\/products\/accesorios\/#sleeve\">Fundas Contra Incendios<\/a><\/li>\n<\/ul>\n<\/div><\/div><\/div><\/div><\/div><div class=\"vc_col-sm-4 wpb_column vc_column_container\"><div class=\"vc_column-inner\"><div class=\"wpb_wrapper\"><div class=\"w-image align_center\"><div class=\"w-image-h\"><img loading=\"lazy\" decoding=\"async\" width=\"1170\" height=\"780\" src=\"https:\/\/wilug.cl\/wp-content\/uploads\/2022\/05\/IMG_2484-Copy-scaled-1170x780-1.jpg\" class=\"attachment-full size-full\" alt=\"\" srcset=\"https:\/\/wilug.cl\/wp-content\/uploads\/2022\/05\/IMG_2484-Copy-scaled-1170x780-1.jpg 1170w, https:\/\/wilug.cl\/wp-content\/uploads\/2022\/05\/IMG_2484-Copy-scaled-1170x780-1-300x200.jpg 300w, https:\/\/wilug.cl\/wp-content\/uploads\/2022\/05\/IMG_2484-Copy-scaled-1170x780-1-1024x683.jpg 1024w, https:\/\/wilug.cl\/wp-content\/uploads\/2022\/05\/IMG_2484-Copy-scaled-1170x780-1-500x333.jpg 500w, https:\/\/wilug.cl\/wp-content\/uploads\/2022\/05\/IMG_2484-Copy-scaled-1170x780-1-600x400.jpg 600w\" sizes=\"(max-width: 1170px) 100vw, 1170px\" \/><\/div><\/div><\/div><\/div><\/div><\/div><\/div><\/section><section class=\"l-section wpb_row us_custom_62e46706 height_custom\"><div class=\"l-section-h i-cf\"><div class=\"g-cols vc_row type_default valign_top\"><div class=\"vc_col-sm-12 wpb_column vc_column_container\"><div class=\"vc_column-inner\"><div class=\"wpb_wrapper\"><div class=\"wpb_text_column\" ><div class=\"wpb_wrapper\"><h2>Paquete de Apagado del Motor<\/h2>\n<\/div><\/div><div class=\"g-cols wpb_row  type_default valign_top vc_inner\"><div class=\"vc_col-sm-3 wpb_column vc_column_container\"><div class=\"vc_column-inner\"><div class=\"wpb_wrapper\"><div class=\"w-image align_center\"><div class=\"w-image-h\"><img loading=\"lazy\" decoding=\"async\" width=\"300\" height=\"200\" src=\"https:\/\/wilug.cl\/wp-content\/uploads\/2022\/05\/1-300x200-1.png\" class=\"attachment-full size-full\" alt=\"\" \/><\/div><\/div><\/div><\/div><\/div><div class=\"vc_col-sm-9 wpb_column vc_column_container\"><div class=\"vc_column-inner\"><div class=\"wpb_wrapper\"><\/div><\/div><\/div><\/div><div class=\"w-separator size_small\"><\/div><div class=\"wpb_text_column\" ><div class=\"wpb_wrapper\"><p>Si el incendio de un equipo m\u00f3vil y\/o m\u00e1quina es alimentado por una l\u00ednea hidr\u00e1ulica rota o la falla de un componente de la l\u00ednea de combustible, el motor en funcionamiento continuar\u00e1 alimentando el fuego con l\u00edquido o combustible. Para limitar el da\u00f1o de incendios intensificados por fluidos hidr\u00e1ulicos o combustible, el paquete de apagado del motor apaga autom\u00e1ticamente el motor del equipo m\u00f3vil y\/o m\u00e1quina y el ventilador del radiador a medida que se descarga el sistema de supresi\u00f3n de incendios, lo que reduce o elimina la fuente de combustible del incendio. A su vez, la posibilidad de que se vuelva a encender despu\u00e9s de la supresi\u00f3n inicial se reduce significativamente.<\/p>\n<ul>\n<li>Reduce el reencendido del fuego despu\u00e9s de la supresi\u00f3n inicial.<\/li>\n<li>Si se empalma en la bomba de combustible, el motor se apaga despu\u00e9s de 5-8 segundos desde la activaci\u00f3n del sistema.<\/li>\n<li>Disponible con sistemas autom\u00e1ticos y manuales<\/li>\n<li>Considerada una medida adicional de lucha contra incendios seg\u00fan se define en EN 13478:2001, Article 6.4<\/li>\n<li>Cumple con la norma NFPA 122 12.3.8.3.3 (sistema de supresi\u00f3n de incendios autom\u00e1tico instalado de modo que la activaci\u00f3n del sistema provoque el apagado del equipo protegido)<\/li>\n<li>Probado por terceros y aprobado por FM HDME<\/li>\n<\/ul>\n<\/div><\/div><div class=\"w-separator size_small\"><\/div><div class=\"w-btn-wrapper width_auto align_left\"><a class=\"w-btn us-btn-style_25\" target=\"_blank\" href=\"\/wp-content\/uploads\/2022\/05\/Engine-Shutdown-FAQs.pdf\" rel=\"noopener\"><span class=\"w-btn-label\">DOWNLOAD ENGINE SHUTDOWN PACKAGE FLYER<\/span><\/a><\/div><\/div><\/div><\/div><\/div><\/div><\/section><section class=\"l-section wpb_row us_custom_62e46706 height_custom\"><div class=\"l-section-h i-cf\"><div class=\"g-cols vc_row type_default valign_top\"><div class=\"vc_col-sm-12 wpb_column vc_column_container\"><div class=\"vc_column-inner\"><div class=\"wpb_wrapper\"><div class=\"wpb_text_column\" ><div class=\"wpb_wrapper\"><h2>Conectividad Avanzada del Veh\u00edculo<\/h2>\n<\/div><\/div><div class=\"g-cols wpb_row  type_default valign_top vc_inner\"><div class=\"vc_col-sm-3 wpb_column vc_column_container\"><div class=\"vc_column-inner\"><div class=\"wpb_wrapper\"><div class=\"w-image align_center\"><div class=\"w-image-h\"><img loading=\"lazy\" decoding=\"async\" width=\"400\" height=\"300\" src=\"https:\/\/wilug.cl\/wp-content\/uploads\/2022\/05\/Deteccion-y-Monitoreo.jpg\" class=\"attachment-full size-full\" alt=\"\" srcset=\"https:\/\/wilug.cl\/wp-content\/uploads\/2022\/05\/Deteccion-y-Monitoreo.jpg 400w, https:\/\/wilug.cl\/wp-content\/uploads\/2022\/05\/Deteccion-y-Monitoreo-300x225.jpg 300w\" sizes=\"(max-width: 400px) 100vw, 400px\" \/><\/div><\/div><\/div><\/div><\/div><div class=\"vc_col-sm-9 wpb_column vc_column_container\"><div class=\"vc_column-inner\"><div class=\"wpb_wrapper\"><\/div><\/div><\/div><\/div><div class=\"w-separator size_small\"><\/div><div class=\"wpb_text_column\" ><div class=\"wpb_wrapper\"><p class=\" translation-block\">Los m\u00e1quinas y\/o equipos m\u00f3viles nuevos generalmente vienen con un sistema avanzado de administraci\u00f3n de veh\u00edculos o flotas. Su sistema de supresi\u00f3n de incendios puede integrarse sin problemas con estos sistemas de gesti\u00f3n para una funcionalidad mejorada. Usando nuestro\u00a0<a href=\"https:\/\/www.afexsystems.com\/es\/products\/deteccion-monitoreo\/\" target=\"_self\" rel=\"noopener\"><u>panel de detecci\u00f3n del Control Unit<\/u><\/a>, es posible la integraci\u00f3n con el sistema telem\u00e1tico de su veh\u00edculo. Esta conectividad mejorada puede permitirle verificar el estado del sistema de forma remota, alertar a su proveedor de servicios en caso de una descarga o incluso permitirle descargar el sistema a trav\u00e9s del control remoto.<\/p>\n<h4>Ejemplo de Conexiones<\/h4>\n<ul>\n<li>Monitoreo remoto del sistema<\/li>\n<li>Descarga remota del sistema (aplicaciones aut\u00f3nomas)<\/li>\n<li>Descarga electr\u00f3nica de bot\u00f3n<\/li>\n<li>Alertas de estado del sistema de correo electr\u00f3nico o SMS<\/li>\n<li>Parada del motor<\/li>\n<li>Protocolo de apagado del veh\u00edculo personalizado<\/li>\n<li>Bocina o luz estrobosc\u00f3pica de alarma de incendio externa<\/li>\n<li>Registro de problemas y alarmas (incluida la descarga manual del sistema)<\/li>\n<\/ul>\n<\/div><\/div><div class=\"w-separator size_small\"><\/div><div class=\"w-btn-wrapper width_auto align_left\"><a class=\"w-btn us-btn-style_25\" target=\"_blank\" href=\"https:\/\/www.afexsystems.com\/es\/products\/deteccion-monitoreo\/\" rel=\"noopener\"><span class=\"w-btn-label\">APRENDE M\u00c1S<\/span><\/a><\/div><\/div><\/div><\/div><\/div><\/div><\/section><section class=\"l-section wpb_row us_custom_62e46706 height_custom\"><div class=\"l-section-h i-cf\"><div class=\"g-cols vc_row type_default valign_top\"><div class=\"vc_col-sm-12 wpb_column vc_column_container\"><div class=\"vc_column-inner\"><div class=\"wpb_wrapper\"><div class=\"wpb_text_column\" ><div class=\"wpb_wrapper\"><h2>Extintores Port\u00e1tiles<\/h2>\n<\/div><\/div><div class=\"g-cols wpb_row  type_default valign_top vc_inner\"><div class=\"vc_col-sm-3 wpb_column vc_column_container\"><div class=\"vc_column-inner\"><div class=\"wpb_wrapper\"><div class=\"w-image align_center\"><div class=\"w-image-h\"><img loading=\"lazy\" decoding=\"async\" width=\"300\" height=\"400\" src=\"https:\/\/wilug.cl\/wp-content\/uploads\/2022\/05\/portables-300x400-1.jpg\" class=\"attachment-full size-full\" alt=\"\" srcset=\"https:\/\/wilug.cl\/wp-content\/uploads\/2022\/05\/portables-300x400-1.jpg 300w, https:\/\/wilug.cl\/wp-content\/uploads\/2022\/05\/portables-300x400-1-225x300.jpg 225w\" sizes=\"(max-width: 300px) 100vw, 300px\" \/><\/div><\/div><\/div><\/div><\/div><div class=\"vc_col-sm-9 wpb_column vc_column_container\"><div class=\"vc_column-inner\"><div class=\"wpb_wrapper\"><\/div><\/div><\/div><\/div><div class=\"w-separator size_small\"><\/div><div class=\"wpb_text_column\" ><div class=\"wpb_wrapper\"><p>Portable, hand-held fire extinguishers are a critical component of an overall fire protection plan. Unlike traditional stored pressure extinguishers that contain both agent and the propellant gas in the same container, our side-cartridge design separates Nitrogen propellant into its own container apart from the dry chemical agent.\u00a0<a href=\"https:\/\/www.afexsystems.com\/es\/side-cartridge-vs-stored-pressure\/\">Side cartridge portables<\/a>\u00a0are preferred over their counterparts in the heavy mobile equipment market due to their:<\/p>\n<ul>\n<li>Construcci\u00f3n resistente,<\/li>\n<li>Dise\u00f1o simple que elimina los puntos de falla,<\/li>\n<li>Facilidad de servicio en el sitio y<\/li>\n<li>Bajos requisitos de mantenimiento, no requiriendo el uso de herramientas especiales.<\/li>\n<\/ul>\n<h4>Side Cartridge Extinguisher Features<\/h4>\n<ul>\n<li>Side cartridge design provides effectiveness, reliability and ease of use<\/li>\n<li>Acabado resistente a la corrosi\u00f3n y a las astillas para soportar entornos agresivos<\/li>\n<li>Soportes de montaje de alta resistencia<\/li>\n<li>F\u00e1cil mantenimiento<\/li>\n<li>Efectivo contra incendios de Clase A, B y C<\/li>\n<li>Disponible en tama\u00f1os de 10lbs (4kg), 20lbs (9kg) y 30lbs (13kg).<\/li>\n<li>Listado por UL, aprobado por USCG y cumple con las especificaciones del DOT<\/li>\n<\/ul>\n<\/div><\/div><div class=\"w-separator size_small\"><\/div><div class=\"w-btn-wrapper width_auto align_left\"><a class=\"w-btn us-btn-style_25\" target=\"_blank\" href=\"\/wp-content\/uploads\/2022\/05\/AFEX_ES_Portables.pdf\" rel=\"noopener\"><span class=\"w-btn-label\">DESCARGAR FOLLETO DE PORT\u00c1TILES<\/span><\/a><\/div><\/div><\/div><\/div><\/div><\/div><\/section><section class=\"l-section wpb_row us_custom_62e46706 height_custom\"><div class=\"l-section-h i-cf\"><div class=\"g-cols vc_row type_default valign_top\"><div class=\"vc_col-sm-12 wpb_column vc_column_container\"><div class=\"vc_column-inner\"><div class=\"wpb_wrapper\"><div class=\"wpb_text_column\" ><div class=\"wpb_wrapper\"><h2>Bocina y Luz Estrobosc\u00f3pica de Alarma Contra Incendios<\/h2>\n<\/div><\/div><div class=\"g-cols wpb_row  type_default valign_top vc_inner\"><div class=\"vc_col-sm-3 wpb_column vc_column_container\"><div class=\"vc_column-inner\"><div class=\"wpb_wrapper\"><div class=\"w-image align_center\"><div class=\"w-image-h\"><img loading=\"lazy\" decoding=\"async\" width=\"400\" height=\"300\" src=\"https:\/\/wilug.cl\/wp-content\/uploads\/2022\/05\/Accesorios.png\" class=\"attachment-full size-full\" alt=\"\" srcset=\"https:\/\/wilug.cl\/wp-content\/uploads\/2022\/05\/Accesorios.png 400w, https:\/\/wilug.cl\/wp-content\/uploads\/2022\/05\/Accesorios-300x225.png 300w\" sizes=\"(max-width: 400px) 100vw, 400px\" \/><\/div><\/div><\/div><\/div><\/div><div class=\"vc_col-sm-9 wpb_column vc_column_container\"><div class=\"vc_column-inner\"><div class=\"wpb_wrapper\"><\/div><\/div><\/div><\/div><div class=\"w-separator size_small\"><\/div><div class=\"wpb_text_column\" ><div class=\"wpb_wrapper\"><p>Mientras que un\u00a0<a href=\"https:\/\/www.afexsystems.com\/es\/products\/deteccion-monitoreo\/\" target=\"_self\" rel=\"noopener\"><u>dispositivo de detecci\u00f3n y monitoreo<\/u><\/a>\u00a0dentro de la cabina alerta al conductor de un incendio en su equipo m\u00f3vil y\/o m\u00e1quina, es fundamental proporcionar indicadores visuales y de audio externos para mejorar la seguridad de todos los trabajadores cercanos. Nuestra bocina de alarma contra incendios opcional, junto con un panel de control, notifica a otros conductores, trabajadores de tierra y gerentes de un incendio, mientras que las luces estrobosc\u00f3picas intermitentes advierten a los trabajadores con discapacidad auditiva.<\/p>\n<\/div><\/div><\/div><\/div><\/div><\/div><\/div><\/section><section class=\"l-section wpb_row us_custom_f2b6838a height_custom\"><div class=\"l-section-h i-cf\"><div class=\"g-cols vc_row type_default valign_top\"><div class=\"vc_col-sm-12 wpb_column vc_column_container\"><div class=\"vc_column-inner\"><div class=\"wpb_wrapper\"><div class=\"wpb_text_column\" ><div class=\"wpb_wrapper\"><h2>Fundas Contra Incendios<\/h2>\n<\/div><\/div><div class=\"g-cols wpb_row  type_default valign_top vc_inner\"><div class=\"vc_col-sm-3 wpb_column vc_column_container\"><div class=\"vc_column-inner\"><div class=\"wpb_wrapper\"><div class=\"w-image align_center\"><div class=\"w-image-h\"><img loading=\"lazy\" decoding=\"async\" width=\"300\" height=\"200\" src=\"https:\/\/wilug.cl\/wp-content\/uploads\/2022\/05\/firesleeve-300x200-1.png\" class=\"attachment-full size-full\" alt=\"\" \/><\/div><\/div><\/div><\/div><\/div><div class=\"vc_col-sm-9 wpb_column vc_column_container\"><div class=\"vc_column-inner\"><div class=\"wpb_wrapper\"><\/div><\/div><\/div><\/div><div class=\"w-separator size_small\"><\/div><div class=\"wpb_text_column\" ><div class=\"wpb_wrapper\"><p>Al proporcionar protecci\u00f3n adicional para cables y mangueras, nuestras fundas contra incendios pueden resistir la exposici\u00f3n continua al calor hasta durante 15-30 segundos. Las fundas est\u00e1n compuestas por una capa interior de fibra de vidrio y una piel exterior de silicona para mayor resistencia al calor y las llamas.<\/p>\n<\/div><\/div><\/div><\/div><\/div><\/div><\/div><\/section>\n","protected":false},"excerpt":{"rendered":"ACCESORIOS ADICIONALES PARA EL SISTEMA DE SUPRESI\u00d3N DE INCENDIOS Nuestros sistemas de supresi\u00f3n de incendios est\u00e1n disponibles con varios accesorios que mejoran su eficacia general de supresi\u00f3n de incendios y aumentan la comunicaci\u00f3n con el personal en el sitio. Cada uno de estos complementos est\u00e1 disponible con nuestros tres sistemas:\u00a0qu\u00edmico seco,\u00a0qu\u00edmico l\u00edquido, y\u00a0agente dual. Paquete...","protected":false},"author":5,"featured_media":0,"parent":0,"menu_order":0,"comment_status":"closed","ping_status":"closed","template":"","meta":{"footnotes":""},"acf":[],"_links":{"self":[{"href":"https:\/\/wilug.cl\/index.php\/wp-json\/wp\/v2\/pages\/10731"}],"collection":[{"href":"https:\/\/wilug.cl\/index.php\/wp-json\/wp\/v2\/pages"}],"about":[{"href":"https:\/\/wilug.cl\/index.php\/wp-json\/wp\/v2\/types\/page"}],"author":[{"embeddable":true,"href":"https:\/\/wilug.cl\/index.php\/wp-json\/wp\/v2\/users\/5"}],"replies":[{"embeddable":true,"href":"https:\/\/wilug.cl\/index.php\/wp-json\/wp\/v2\/comments?post=10731"}],"version-history":[{"count":6,"href":"https:\/\/wilug.cl\/index.php\/wp-json\/wp\/v2\/pages\/10731\/revisions"}],"predecessor-version":[{"id":10743,"href":"https:\/\/wilug.cl\/index.php\/wp-json\/wp\/v2\/pages\/10731\/revisions\/10743"}],"wp:attachment":[{"href":"https:\/\/wilug.cl\/index.php\/wp-json\/wp\/v2\/media?parent=10731"}],"curies":[{"name":"wp","href":"https:\/\/api.w.org\/{rel}","templated":true}]}}