{"id":6635,"date":"2019-05-10T14:40:15","date_gmt":"2019-05-10T14:40:15","guid":{"rendered":"http:\/\/impreza.us-themes.com\/?page_id=6635"},"modified":"2026-04-25T20:33:30","modified_gmt":"2026-04-25T20:33:30","slug":"home","status":"publish","type":"page","link":"https:\/\/wilug.cl\/","title":{"rendered":"Inicio"},"content":{"rendered":"<section class=\"l-section wpb_row us_custom_c5582553 height_custom color_primary parallax_ver parallaxdir_reversed\" id=\"slider-home\"><div class=\"l-section-h i-cf\"><div class=\"g-cols vc_row type_default valign_top\"><div class=\"vc_col-sm-4 wpb_column vc_column_container\"><div class=\"vc_column-inner\"><div class=\"wpb_wrapper\">[vc_wp_custommenu nav_menu=\u00bb100&#8243; el_id=\u00bbmenu-home\u00bb el_class=\u00bblado-slider\u00bb]<\/div><\/div><\/div><div class=\"vc_col-sm-8 wpb_column vc_column_container slider-home\"><div class=\"vc_column-inner\"><div class=\"wpb_wrapper\"><div class=\"w-slider style_none fit_scaledown\"><div class=\"w-slider-h\"><div class=\"royalSlider\"><div class=\"rsContent\"><a class=\"rsImg\" data-rsw=\"1282\" data-rsh=\"488\" href=\"https:\/\/wilug.cl\/wp-content\/uploads\/2021\/11\/slider2.png\"><span data-alt=\"\"><\/span><\/a><\/div><div class=\"rsContent\"><a class=\"rsImg\" data-rsw=\"1182\" data-rsh=\"438\" href=\"https:\/\/wilug.cl\/wp-content\/uploads\/2021\/11\/slider3.jpg\"><span data-alt=\"\"><\/span><\/a><\/div><div class=\"rsContent\"><a class=\"rsImg\" data-rsw=\"1182\" data-rsh=\"438\" href=\"https:\/\/wilug.cl\/wp-content\/uploads\/2021\/11\/slider4.jpg\"><span data-alt=\"\"><\/span><\/a><\/div><div class=\"rsContent\"><a class=\"rsImg\" data-rsw=\"1282\" data-rsh=\"488\" href=\"https:\/\/wilug.cl\/wp-content\/uploads\/2021\/11\/slider1.png\"><span data-alt=\"\"><\/span><\/a><\/div><div class=\"rsContent\"><a class=\"rsImg\" data-rsw=\"1183\" data-rsh=\"439\" href=\"https:\/\/wilug.cl\/wp-content\/uploads\/2022\/06\/SLIDER-1-AFEX-VS-1.png\"><span data-alt=\"\"><\/span><\/a><\/div><div class=\"rsContent\"><a class=\"rsImg\" data-rsw=\"1183\" data-rsh=\"439\" href=\"https:\/\/wilug.cl\/wp-content\/uploads\/2022\/06\/SLIDER-1-AFEX-VS2.png\"><span data-alt=\"\"><\/span><\/a><\/div><\/div><img decoding=\"async\" src=\"https:\/\/wilug.cl\/wp-content\/uploads\/2021\/11\/slider2.png\" width=\"1282\" height=\"488\" alt loading=\"lazy\"><\/div><div class=\"w-slider-json\" onclick='return {&quot;loop&quot;:true,&quot;fadeInLoadedSlide&quot;:false,&quot;slidesSpacing&quot;:0,&quot;imageScalePadding&quot;:0,&quot;numImagesToPreload&quot;:2,&quot;arrowsNav&quot;:true,&quot;arrowsNavAutoHide&quot;:false,&quot;transitionType&quot;:&quot;move&quot;,&quot;transitionSpeed&quot;:300,&quot;block&quot;:{&quot;moveEffect&quot;:&quot;none&quot;,&quot;speed&quot;:300},&quot;controlNavigation&quot;:&quot;none&quot;,&quot;autoplay&quot;:{&quot;enabled&quot;:true,&quot;pauseOnHover&quot;:true,&quot;delay&quot;:3000},&quot;imageScaleMode&quot;:&quot;fit-if-smaller&quot;,&quot;autoScaleSlider&quot;:true,&quot;autoScaleSliderWidth&quot;:1282,&quot;autoScaleSliderHeight&quot;:488,&quot;fitInViewport&quot;:false}'><\/div><\/div><div class=\"w-separator size_medium\"><\/div><div class=\"wpb_text_column us_custom_eb849559\" ><div class=\"wpb_wrapper\"><h3 style=\"color: #0043ba;\"><strong>MARCAS REPRESENTADAS<\/strong><\/h3>\n<\/div><\/div><div class=\"w-separator size_medium\"><\/div><div class=\"w-grid bajoslider type_carousel layout_gallery_default cols_5\" id=\"marcas\"><style id=\"marcas_css\">#marcas .w-grid-item{padding:1.5rem}#marcas .w-grid-list{margin:-1.5rem}.w-grid + #marcas .w-grid-list{margin-top:1.5rem}<\/style><style>.layout_gallery_default .w-grid-item-h{}<\/style><div class=\"w-grid-list owl-carousel navstyle_circle navpos_outside\" >\t<article class=\"w-grid-item post-10752 attachment type-attachment status-inherit hentry\" data-id=\"10752\">\n\t\t<div class=\"w-grid-item-h\">\n\t\t\t\t\t\t<div class=\"w-post-elm post_image usg_post_image_1 stretched\"><img loading=\"lazy\" decoding=\"async\" width=\"500\" height=\"295\" src=\"https:\/\/wilug.cl\/wp-content\/uploads\/2022\/06\/LOGO-AFEX-PARTNER-DE-FABRICA-WILUG-ALTA.png\" class=\"attachment-us_600_600_crop size-us_600_600_crop\" alt=\"\" srcset=\"https:\/\/wilug.cl\/wp-content\/uploads\/2022\/06\/LOGO-AFEX-PARTNER-DE-FABRICA-WILUG-ALTA.png 500w, https:\/\/wilug.cl\/wp-content\/uploads\/2022\/06\/LOGO-AFEX-PARTNER-DE-FABRICA-WILUG-ALTA-300x177.png 300w\" sizes=\"(max-width: 500px) 100vw, 500px\" \/><\/div>\t\t<\/div>\n\t<\/article>\n\t<article class=\"w-grid-item post-10751 attachment type-attachment status-inherit hentry\" data-id=\"10751\">\n\t\t<div class=\"w-grid-item-h\">\n\t\t\t\t\t\t<div class=\"w-post-elm post_image usg_post_image_1 stretched\"><img loading=\"lazy\" decoding=\"async\" width=\"500\" height=\"295\" src=\"https:\/\/wilug.cl\/wp-content\/uploads\/2022\/06\/badgerlogo-alta.png\" class=\"attachment-us_600_600_crop size-us_600_600_crop\" alt=\"\" srcset=\"https:\/\/wilug.cl\/wp-content\/uploads\/2022\/06\/badgerlogo-alta.png 500w, https:\/\/wilug.cl\/wp-content\/uploads\/2022\/06\/badgerlogo-alta-300x177.png 300w\" sizes=\"(max-width: 500px) 100vw, 500px\" \/><\/div>\t\t<\/div>\n\t<\/article>\n\t<article class=\"w-grid-item post-9479 attachment type-attachment status-inherit hentry\" data-id=\"9479\">\n\t\t<div class=\"w-grid-item-h\">\n\t\t\t\t\t\t<div class=\"w-post-elm post_image usg_post_image_1 stretched\"><img loading=\"lazy\" decoding=\"async\" width=\"176\" height=\"106\" src=\"https:\/\/wilug.cl\/wp-content\/uploads\/2021\/11\/gdsys.png\" class=\"attachment-us_600_600_crop size-us_600_600_crop\" alt=\"\" \/><\/div>\t\t<\/div>\n\t<\/article>\n\t<article class=\"w-grid-item post-9372 attachment type-attachment status-inherit hentry\" data-id=\"9372\">\n\t\t<div class=\"w-grid-item-h\">\n\t\t\t\t\t\t<div class=\"w-post-elm post_image usg_post_image_1 stretched\"><img loading=\"lazy\" decoding=\"async\" width=\"500\" height=\"300\" src=\"https:\/\/wilug.cl\/wp-content\/uploads\/2021\/11\/1.png\" class=\"attachment-us_600_600_crop size-us_600_600_crop\" alt=\"\" srcset=\"https:\/\/wilug.cl\/wp-content\/uploads\/2021\/11\/1.png 500w, https:\/\/wilug.cl\/wp-content\/uploads\/2021\/11\/1-300x180.png 300w\" sizes=\"(max-width: 500px) 100vw, 500px\" \/><\/div>\t\t<\/div>\n\t<\/article>\n\t<article class=\"w-grid-item post-9371 attachment type-attachment status-inherit hentry\" data-id=\"9371\">\n\t\t<div class=\"w-grid-item-h\">\n\t\t\t\t\t\t<div class=\"w-post-elm post_image usg_post_image_1 stretched\"><img loading=\"lazy\" decoding=\"async\" width=\"500\" height=\"296\" src=\"https:\/\/wilug.cl\/wp-content\/uploads\/2021\/11\/telma-matrix-1.png\" class=\"attachment-us_600_600_crop size-us_600_600_crop\" alt=\"\" srcset=\"https:\/\/wilug.cl\/wp-content\/uploads\/2021\/11\/telma-matrix-1.png 500w, https:\/\/wilug.cl\/wp-content\/uploads\/2021\/11\/telma-matrix-1-300x178.png 300w\" sizes=\"(max-width: 500px) 100vw, 500px\" \/><\/div>\t\t<\/div>\n\t<\/article>\n\t<article class=\"w-grid-item post-9370 attachment type-attachment status-inherit hentry\" data-id=\"9370\">\n\t\t<div class=\"w-grid-item-h\">\n\t\t\t\t\t\t<div class=\"w-post-elm post_image usg_post_image_1 stretched\"><img loading=\"lazy\" decoding=\"async\" width=\"500\" height=\"296\" src=\"https:\/\/wilug.cl\/wp-content\/uploads\/2021\/11\/tcc.png\" class=\"attachment-us_600_600_crop size-us_600_600_crop\" alt=\"\" srcset=\"https:\/\/wilug.cl\/wp-content\/uploads\/2021\/11\/tcc.png 500w, https:\/\/wilug.cl\/wp-content\/uploads\/2021\/11\/tcc-300x178.png 300w\" sizes=\"(max-width: 500px) 100vw, 500px\" \/><\/div>\t\t<\/div>\n\t<\/article>\n\t<article class=\"w-grid-item post-9369 attachment type-attachment status-inherit hentry\" data-id=\"9369\">\n\t\t<div class=\"w-grid-item-h\">\n\t\t\t\t\t\t<div class=\"w-post-elm post_image usg_post_image_1 stretched\"><img loading=\"lazy\" decoding=\"async\" width=\"500\" height=\"295\" src=\"https:\/\/wilug.cl\/wp-content\/uploads\/2021\/11\/ihse.png\" class=\"attachment-us_600_600_crop size-us_600_600_crop\" alt=\"\" srcset=\"https:\/\/wilug.cl\/wp-content\/uploads\/2021\/11\/ihse.png 500w, https:\/\/wilug.cl\/wp-content\/uploads\/2021\/11\/ihse-300x177.png 300w\" sizes=\"(max-width: 500px) 100vw, 500px\" \/><\/div>\t\t<\/div>\n\t<\/article>\n\t<article class=\"w-grid-item post-9367 attachment type-attachment status-inherit hentry\" data-id=\"9367\">\n\t\t<div class=\"w-grid-item-h\">\n\t\t\t\t\t\t<div class=\"w-post-elm post_image usg_post_image_1 stretched\"><img loading=\"lazy\" decoding=\"async\" width=\"500\" height=\"300\" src=\"https:\/\/wilug.cl\/wp-content\/uploads\/2021\/11\/6.png\" class=\"attachment-us_600_600_crop size-us_600_600_crop\" alt=\"\" srcset=\"https:\/\/wilug.cl\/wp-content\/uploads\/2021\/11\/6.png 500w, https:\/\/wilug.cl\/wp-content\/uploads\/2021\/11\/6-300x180.png 300w\" sizes=\"(max-width: 500px) 100vw, 500px\" \/><\/div>\t\t<\/div>\n\t<\/article>\n\t<article class=\"w-grid-item post-9366 attachment type-attachment status-inherit hentry\" data-id=\"9366\">\n\t\t<div class=\"w-grid-item-h\">\n\t\t\t\t\t\t<div class=\"w-post-elm post_image usg_post_image_1 stretched\"><img loading=\"lazy\" decoding=\"async\" width=\"500\" height=\"300\" src=\"https:\/\/wilug.cl\/wp-content\/uploads\/2021\/11\/5.png\" class=\"attachment-us_600_600_crop size-us_600_600_crop\" alt=\"\" srcset=\"https:\/\/wilug.cl\/wp-content\/uploads\/2021\/11\/5.png 500w, https:\/\/wilug.cl\/wp-content\/uploads\/2021\/11\/5-300x180.png 300w\" sizes=\"(max-width: 500px) 100vw, 500px\" \/><\/div>\t\t<\/div>\n\t<\/article>\n\t<article class=\"w-grid-item post-9365 attachment type-attachment status-inherit hentry\" data-id=\"9365\">\n\t\t<div class=\"w-grid-item-h\">\n\t\t\t\t\t\t<div class=\"w-post-elm post_image usg_post_image_1 stretched\"><img loading=\"lazy\" decoding=\"async\" width=\"500\" height=\"300\" src=\"https:\/\/wilug.cl\/wp-content\/uploads\/2021\/11\/4.png\" class=\"attachment-us_600_600_crop size-us_600_600_crop\" alt=\"\" srcset=\"https:\/\/wilug.cl\/wp-content\/uploads\/2021\/11\/4.png 500w, https:\/\/wilug.cl\/wp-content\/uploads\/2021\/11\/4-300x180.png 300w\" sizes=\"(max-width: 500px) 100vw, 500px\" \/><\/div>\t\t<\/div>\n\t<\/article>\n<\/div><div class=\"g-preloader type_1\">\n\t<div><\/div>\n<\/div>\n\t<div class=\"w-grid-json hidden\" onclick='return {&quot;action&quot;:&quot;us_ajax_grid&quot;,&quot;ajax_url&quot;:&quot;https:\\\/\\\/wilug.cl\\\/wp-admin\\\/admin-ajax.php&quot;,&quot;infinite_scroll&quot;:0,&quot;max_num_pages&quot;:2,&quot;pagination&quot;:&quot;none&quot;,&quot;permalink_url&quot;:&quot;https:\\\/\\\/wilug.cl\\\/wp-json\\\/wp\\\/v2\\\/pages\\\/6635&quot;,&quot;template_vars&quot;:{&quot;columns&quot;:&quot;5&quot;,&quot;exclude_items&quot;:&quot;none&quot;,&quot;img_size&quot;:&quot;default&quot;,&quot;ignore_items_size&quot;:false,&quot;items_layout&quot;:&quot;gallery_default&quot;,&quot;items_offset&quot;:&quot;1&quot;,&quot;load_animation&quot;:&quot;none&quot;,&quot;overriding_link&quot;:&quot;none&quot;,&quot;post_id&quot;:6635,&quot;query_args&quot;:{&quot;post_type&quot;:[&quot;attachment&quot;],&quot;post__in&quot;:[&quot;9363&quot;,&quot;9364&quot;,&quot;9365&quot;,&quot;9366&quot;,&quot;9367&quot;,&quot;9369&quot;,&quot;9370&quot;,&quot;9371&quot;,&quot;9372&quot;,&quot;9479&quot;,&quot;10751&quot;,&quot;10752&quot;],&quot;post_status&quot;:&quot;inherit&quot;,&quot;post_mime_type&quot;:&quot;image&quot;,&quot;posts_per_page&quot;:&quot;10&quot;},&quot;orderby_query_args&quot;:{&quot;orderby&quot;:{&quot;date&quot;:&quot;DESC&quot;}},&quot;type&quot;:&quot;carousel&quot;,&quot;us_grid_ajax_index&quot;:1,&quot;us_grid_filter_params&quot;:null,&quot;us_grid_index&quot;:1,&quot;_us_grid_post_type&quot;:&quot;attachment&quot;},&quot;carousel_settings&quot;:{&quot;autoHeight&quot;:0,&quot;autoplay&quot;:1,&quot;carousel_fade&quot;:0,&quot;center&quot;:0,&quot;dots&quot;:0,&quot;items&quot;:&quot;5&quot;,&quot;loop&quot;:false,&quot;nav&quot;:0,&quot;slideby&quot;:&quot;1&quot;,&quot;smooth_play&quot;:1,&quot;speed&quot;:250,&quot;timeout&quot;:3000,&quot;transition&quot;:&quot;&quot;},&quot;carousel_breakpoints&quot;:{&quot;1200&quot;:{&quot;items&quot;:5},&quot;900&quot;:{&quot;autoHeight&quot;:0,&quot;autoplay&quot;:1,&quot;autoplayHoverPause&quot;:1,&quot;items&quot;:3,&quot;loop&quot;:false},&quot;600&quot;:{&quot;autoHeight&quot;:0,&quot;autoplay&quot;:1,&quot;autoplayHoverPause&quot;:1,&quot;items&quot;:2,&quot;loop&quot;:false},&quot;0&quot;:{&quot;autoHeight&quot;:0,&quot;autoplay&quot;:1,&quot;autoplayHoverPause&quot;:1,&quot;items&quot;:1,&quot;loop&quot;:true}}}'><\/div>\n\t<\/div><div class=\"g-cols wpb_row  type_default valign_top vc_inner\"><div class=\"vc_col-sm-12 wpb_column vc_column_container\"><div class=\"vc_column-inner\"><div class=\"wpb_wrapper\"><\/div><\/div><\/div><\/div><\/div><\/div><\/div><\/div><\/div><\/section><section class=\"l-section wpb_row us_custom_cc9ba979 height_custom\"><div class=\"l-section-h i-cf\"><div class=\"g-cols vc_row type_default valign_top\"><div class=\"vc_col-sm-12 wpb_column vc_column_container has-fill\"><div class=\"vc_column-inner us_custom_cc9ba979\"><div class=\"wpb_wrapper\"><div class=\"w-image align_none\"><div class=\"w-image-h\"><img loading=\"lazy\" decoding=\"async\" width=\"2560\" height=\"896\" src=\"https:\/\/wilug.cl\/wp-content\/uploads\/2026\/04\/Wilug_hero-03-scaled.jpg\" class=\"attachment-full size-full\" alt=\"\" srcset=\"https:\/\/wilug.cl\/wp-content\/uploads\/2026\/04\/Wilug_hero-03-scaled.jpg 2560w, https:\/\/wilug.cl\/wp-content\/uploads\/2026\/04\/Wilug_hero-03-300x105.jpg 300w, https:\/\/wilug.cl\/wp-content\/uploads\/2026\/04\/Wilug_hero-03-1024x358.jpg 1024w, https:\/\/wilug.cl\/wp-content\/uploads\/2026\/04\/Wilug_hero-03-1536x537.jpg 1536w, https:\/\/wilug.cl\/wp-content\/uploads\/2026\/04\/Wilug_hero-03-500x175.jpg 500w, https:\/\/wilug.cl\/wp-content\/uploads\/2026\/04\/Wilug_hero-03-600x210.jpg 600w\" sizes=\"(max-width: 2560px) 100vw, 2560px\" \/><\/div><\/div><div class=\"w-separator size_medium\"><\/div><\/div><\/div><\/div><\/div><\/div><\/section><section class=\"l-section wpb_row height_custom\" id=\"banners-4col\"><div class=\"l-section-h i-cf\"><div class=\"g-cols vc_row type_default valign_top\"><div class=\"vc_col-sm-3 wpb_column vc_column_container\"><div class=\"vc_column-inner\"><div class=\"wpb_wrapper\"><div class=\"w-image align_center\"><div class=\"w-image-h\"><img loading=\"lazy\" decoding=\"async\" width=\"1024\" height=\"1024\" src=\"https:\/\/wilug.cl\/wp-content\/uploads\/2026\/04\/homewilug-01-1024x1024.jpg\" class=\"attachment-large size-large\" alt=\"\" srcset=\"https:\/\/wilug.cl\/wp-content\/uploads\/2026\/04\/homewilug-01-1024x1024.jpg 1024w, https:\/\/wilug.cl\/wp-content\/uploads\/2026\/04\/homewilug-01-300x300.jpg 300w, https:\/\/wilug.cl\/wp-content\/uploads\/2026\/04\/homewilug-01-150x150.jpg 150w, https:\/\/wilug.cl\/wp-content\/uploads\/2026\/04\/homewilug-01-500x500.jpg 500w, https:\/\/wilug.cl\/wp-content\/uploads\/2026\/04\/homewilug-01-600x600.jpg 600w, https:\/\/wilug.cl\/wp-content\/uploads\/2026\/04\/homewilug-01.jpg 1080w\" sizes=\"(max-width: 1024px) 100vw, 1024px\" \/><\/div><\/div><div class=\"wpb_text_column\" ><div class=\"wpb_wrapper\"><h6 style=\"text-align: center;\"><\/h6>\n<h4 style=\"text-align: center;\"><strong>SIMULADOR DE REALIDAD VIRTUAL<\/strong><\/h4>\n<p style=\"text-align: center;\">Permite entrenar a tus trabajadores para utilizar y manejar correctamente los extintores en emergencias<\/p>\n<\/div><\/div><\/div><\/div><\/div><div class=\"vc_col-sm-3 wpb_column vc_column_container\"><div class=\"vc_column-inner\"><div class=\"wpb_wrapper\"><div class=\"w-image align_center\"><div class=\"w-image-h\"><img loading=\"lazy\" decoding=\"async\" width=\"1024\" height=\"1024\" src=\"https:\/\/wilug.cl\/wp-content\/uploads\/2026\/04\/homewilug-02-1024x1024.jpg\" class=\"attachment-large size-large\" alt=\"\" srcset=\"https:\/\/wilug.cl\/wp-content\/uploads\/2026\/04\/homewilug-02-1024x1024.jpg 1024w, https:\/\/wilug.cl\/wp-content\/uploads\/2026\/04\/homewilug-02-300x300.jpg 300w, https:\/\/wilug.cl\/wp-content\/uploads\/2026\/04\/homewilug-02-150x150.jpg 150w, https:\/\/wilug.cl\/wp-content\/uploads\/2026\/04\/homewilug-02-500x500.jpg 500w, https:\/\/wilug.cl\/wp-content\/uploads\/2026\/04\/homewilug-02-600x600.jpg 600w, https:\/\/wilug.cl\/wp-content\/uploads\/2026\/04\/homewilug-02.jpg 1080w\" sizes=\"(max-width: 1024px) 100vw, 1024px\" \/><\/div><\/div><div class=\"wpb_text_column\" ><div class=\"wpb_wrapper\"><h6 style=\"text-align: center;\"><\/h6>\n<h4 style=\"text-align: center;\"><strong>EXTENSORES KVM<\/strong><\/h4>\n<p style=\"text-align: center;\">Operaci\u00f3n de computadoras desde una estaci\u00f3n de trabajo ubicada remotamente.<\/p>\n<\/div><\/div><\/div><\/div><\/div><div class=\"vc_col-sm-3 wpb_column vc_column_container\"><div class=\"vc_column-inner\"><div class=\"wpb_wrapper\"><div class=\"w-image align_center\"><div class=\"w-image-h\"><img loading=\"lazy\" decoding=\"async\" width=\"1024\" height=\"1024\" src=\"https:\/\/wilug.cl\/wp-content\/uploads\/2026\/04\/homewilug-03-1024x1024.jpg\" class=\"attachment-large size-large\" alt=\"\" srcset=\"https:\/\/wilug.cl\/wp-content\/uploads\/2026\/04\/homewilug-03-1024x1024.jpg 1024w, https:\/\/wilug.cl\/wp-content\/uploads\/2026\/04\/homewilug-03-300x300.jpg 300w, https:\/\/wilug.cl\/wp-content\/uploads\/2026\/04\/homewilug-03-150x150.jpg 150w, https:\/\/wilug.cl\/wp-content\/uploads\/2026\/04\/homewilug-03-500x500.jpg 500w, https:\/\/wilug.cl\/wp-content\/uploads\/2026\/04\/homewilug-03-600x600.jpg 600w, https:\/\/wilug.cl\/wp-content\/uploads\/2026\/04\/homewilug-03.jpg 1080w\" sizes=\"(max-width: 1024px) 100vw, 1024px\" \/><\/div><\/div><div class=\"wpb_text_column\" ><div class=\"wpb_wrapper\"><h6 style=\"text-align: center;\"><\/h6>\n<h4 style=\"text-align: center;\"><strong>SISTEMA DE VIGILANCIA DEBAJO DEL VEH\u00cdCULO<\/strong><\/h4>\n<p style=\"text-align: center;\">Dise\u00f1ado para examinar de manera r\u00e1pida y eficaz en chasis para controles de seguridad.<\/p>\n<\/div><\/div><\/div><\/div><\/div><div class=\"vc_col-sm-3 wpb_column vc_column_container\"><div class=\"vc_column-inner\"><div class=\"wpb_wrapper\"><div class=\"w-image align_center\"><div class=\"w-image-h\"><img loading=\"lazy\" decoding=\"async\" width=\"1024\" height=\"1024\" src=\"https:\/\/wilug.cl\/wp-content\/uploads\/2026\/04\/homewilug-04-1024x1024.jpg\" class=\"attachment-large size-large\" alt=\"\" srcset=\"https:\/\/wilug.cl\/wp-content\/uploads\/2026\/04\/homewilug-04-1024x1024.jpg 1024w, https:\/\/wilug.cl\/wp-content\/uploads\/2026\/04\/homewilug-04-300x300.jpg 300w, https:\/\/wilug.cl\/wp-content\/uploads\/2026\/04\/homewilug-04-150x150.jpg 150w, https:\/\/wilug.cl\/wp-content\/uploads\/2026\/04\/homewilug-04-500x500.jpg 500w, https:\/\/wilug.cl\/wp-content\/uploads\/2026\/04\/homewilug-04-600x600.jpg 600w, https:\/\/wilug.cl\/wp-content\/uploads\/2026\/04\/homewilug-04.jpg 1080w\" sizes=\"(max-width: 1024px) 100vw, 1024px\" \/><\/div><\/div><div class=\"wpb_text_column\" ><div class=\"wpb_wrapper\"><h6 style=\"text-align: center;\"><\/h6>\n<h4 style=\"text-align: center;\"><strong>C\u00c1MARAS DE VISI\u00d3N T\u00c9RMICA<\/strong><\/h4>\n<p style=\"text-align: center;\">Para detecci\u00f3n de objetos ocultos por visi\u00f3n t\u00e9rmica. Con tecnolog\u00eda infrarroja, funciona incluso con objetos camuflados.<\/p>\n<\/div><\/div><\/div><\/div><\/div><\/div><\/div><\/section><section class=\"l-section wpb_row height_custom\"><div class=\"l-section-h i-cf\"><div class=\"g-cols vc_row type_default valign_top\"><div class=\"vc_col-sm-6 wpb_column vc_column_container\"><div class=\"vc_column-inner\"><div class=\"wpb_wrapper\"><div class=\"g-cols wpb_row  us_custom_f37aca33 type_default valign_top vc_inner\"><div class=\"vc_col-sm-12 wpb_column vc_column_container\"><div class=\"vc_column-inner\"><div class=\"wpb_wrapper\"><div class=\"w-image us_custom_9cf479d2 align_none\"><a title=\"Mantenci\u00f3n\" href=\"\/index.php\/mantencion\/\" aria-label=\"Enlace\" class=\"w-image-h\"><img loading=\"lazy\" decoding=\"async\" width=\"1024\" height=\"324\" src=\"https:\/\/wilug.cl\/wp-content\/uploads\/2026\/04\/home-servicios-01-1024x324.jpg\" class=\"attachment-large size-large\" alt=\"\" srcset=\"https:\/\/wilug.cl\/wp-content\/uploads\/2026\/04\/home-servicios-01-1024x324.jpg 1024w, https:\/\/wilug.cl\/wp-content\/uploads\/2026\/04\/home-servicios-01-300x95.jpg 300w, https:\/\/wilug.cl\/wp-content\/uploads\/2026\/04\/home-servicios-01-500x158.jpg 500w, https:\/\/wilug.cl\/wp-content\/uploads\/2026\/04\/home-servicios-01-600x190.jpg 600w, https:\/\/wilug.cl\/wp-content\/uploads\/2026\/04\/home-servicios-01.jpg 1157w\" sizes=\"(max-width: 1024px) 100vw, 1024px\" \/><\/a><\/div><\/div><\/div><\/div><\/div><div class=\"g-cols wpb_row  type_default valign_top vc_inner\"><div class=\"vc_col-sm-12 wpb_column vc_column_container\"><div class=\"vc_column-inner\"><div class=\"wpb_wrapper\"><div class=\"w-image us_custom_9cf479d2 align_none\"><a title=\"Red H\u00fameda\" href=\"\/index.php\/red-humeda\/\" aria-label=\"Enlace\" class=\"w-image-h\"><img loading=\"lazy\" decoding=\"async\" width=\"1024\" height=\"324\" src=\"https:\/\/wilug.cl\/wp-content\/uploads\/2026\/04\/home-servicios-03-1024x324.jpg\" class=\"attachment-large size-large\" alt=\"\" srcset=\"https:\/\/wilug.cl\/wp-content\/uploads\/2026\/04\/home-servicios-03-1024x324.jpg 1024w, https:\/\/wilug.cl\/wp-content\/uploads\/2026\/04\/home-servicios-03-300x95.jpg 300w, https:\/\/wilug.cl\/wp-content\/uploads\/2026\/04\/home-servicios-03-500x158.jpg 500w, https:\/\/wilug.cl\/wp-content\/uploads\/2026\/04\/home-servicios-03-600x190.jpg 600w, https:\/\/wilug.cl\/wp-content\/uploads\/2026\/04\/home-servicios-03.jpg 1157w\" sizes=\"(max-width: 1024px) 100vw, 1024px\" \/><\/a><\/div><\/div><\/div><\/div><\/div><\/div><\/div><\/div><div class=\"vc_col-sm-6 wpb_column vc_column_container\"><div class=\"vc_column-inner\"><div class=\"wpb_wrapper\"><div class=\"g-cols wpb_row  us_custom_f37aca33 type_default valign_top vc_inner\"><div class=\"vc_col-sm-12 wpb_column vc_column_container\"><div class=\"vc_column-inner\"><div class=\"wpb_wrapper\"><div class=\"w-image us_custom_9cf479d2 align_none\"><a title=\"Proyectos\" href=\"\/index.php\/proyectos\/\" aria-label=\"Enlace\" class=\"w-image-h\"><img loading=\"lazy\" decoding=\"async\" width=\"1024\" height=\"324\" src=\"https:\/\/wilug.cl\/wp-content\/uploads\/2026\/04\/home-servicios-02-1024x324.jpg\" class=\"attachment-large size-large\" alt=\"\" srcset=\"https:\/\/wilug.cl\/wp-content\/uploads\/2026\/04\/home-servicios-02-1024x324.jpg 1024w, https:\/\/wilug.cl\/wp-content\/uploads\/2026\/04\/home-servicios-02-300x95.jpg 300w, https:\/\/wilug.cl\/wp-content\/uploads\/2026\/04\/home-servicios-02-500x158.jpg 500w, https:\/\/wilug.cl\/wp-content\/uploads\/2026\/04\/home-servicios-02-600x190.jpg 600w, https:\/\/wilug.cl\/wp-content\/uploads\/2026\/04\/home-servicios-02.jpg 1157w\" sizes=\"(max-width: 1024px) 100vw, 1024px\" \/><\/a><\/div><\/div><\/div><\/div><\/div><div class=\"g-cols wpb_row  type_default valign_top vc_inner\"><div class=\"vc_col-sm-12 wpb_column vc_column_container\"><div class=\"vc_column-inner\"><div class=\"wpb_wrapper\"><div class=\"w-image us_custom_9cf479d2 align_none\"><a title=\"Tecnolog\u00eda e Innovaci\u00f3n\" href=\"\/index.php\/tecnologia-e-innovacion\/\" aria-label=\"Enlace\" class=\"w-image-h\"><img loading=\"lazy\" decoding=\"async\" width=\"1024\" height=\"324\" src=\"https:\/\/wilug.cl\/wp-content\/uploads\/2026\/04\/home-servicios-04-1024x324.jpg\" class=\"attachment-large size-large\" alt=\"\" srcset=\"https:\/\/wilug.cl\/wp-content\/uploads\/2026\/04\/home-servicios-04-1024x324.jpg 1024w, https:\/\/wilug.cl\/wp-content\/uploads\/2026\/04\/home-servicios-04-300x95.jpg 300w, https:\/\/wilug.cl\/wp-content\/uploads\/2026\/04\/home-servicios-04-500x158.jpg 500w, https:\/\/wilug.cl\/wp-content\/uploads\/2026\/04\/home-servicios-04-600x190.jpg 600w, https:\/\/wilug.cl\/wp-content\/uploads\/2026\/04\/home-servicios-04.jpg 1157w\" sizes=\"(max-width: 1024px) 100vw, 1024px\" \/><\/a><\/div><\/div><\/div><\/div><\/div><div class=\"w-separator size_medium\"><\/div><\/div><\/div><\/div><\/div><\/div><\/section><section class=\"l-section wpb_row us_custom_b6a72ce1 height_custom color_alternate with_overlay\"><div class=\"l-section-overlay\" style=\"background: #00112d\"><\/div><div class=\"l-section-h i-cf\"><div class=\"g-cols vc_row type_default valign_top\"><div class=\"vc_col-sm-12 wpb_column vc_column_container\"><div class=\"vc_column-inner\"><div class=\"wpb_wrapper\"><div class=\"w-separator size_medium\"><\/div><div class=\"w-image align_center\"><a href=\"https:\/\/www.wilug.cl\/index.php\/sistemas-supresores-de-fuegos-para-vehiculos-y-equipos-mineros\/\" aria-label=\"Enlace\" class=\"w-image-h\"><img loading=\"lazy\" decoding=\"async\" width=\"2000\" height=\"900\" src=\"https:\/\/wilug.cl\/wp-content\/uploads\/2026\/04\/banner-productos-afex.jpg\" class=\"attachment-full size-full\" alt=\"\" srcset=\"https:\/\/wilug.cl\/wp-content\/uploads\/2026\/04\/banner-productos-afex.jpg 2000w, https:\/\/wilug.cl\/wp-content\/uploads\/2026\/04\/banner-productos-afex-300x135.jpg 300w, https:\/\/wilug.cl\/wp-content\/uploads\/2026\/04\/banner-productos-afex-1024x461.jpg 1024w, https:\/\/wilug.cl\/wp-content\/uploads\/2026\/04\/banner-productos-afex-1536x691.jpg 1536w, https:\/\/wilug.cl\/wp-content\/uploads\/2026\/04\/banner-productos-afex-500x225.jpg 500w, https:\/\/wilug.cl\/wp-content\/uploads\/2026\/04\/banner-productos-afex-600x270.jpg 600w\" sizes=\"(max-width: 2000px) 100vw, 2000px\" \/><\/a><\/div><div class=\"w-separator size_medium\"><\/div><\/div><\/div><\/div><\/div><\/div><\/section>\n","protected":false},"excerpt":{"rendered":"","protected":false},"author":5,"featured_media":0,"parent":0,"menu_order":0,"comment_status":"closed","ping_status":"closed","template":"","meta":{"footnotes":""},"acf":[],"_links":{"self":[{"href":"https:\/\/wilug.cl\/index.php\/wp-json\/wp\/v2\/pages\/6635"}],"collection":[{"href":"https:\/\/wilug.cl\/index.php\/wp-json\/wp\/v2\/pages"}],"about":[{"href":"https:\/\/wilug.cl\/index.php\/wp-json\/wp\/v2\/types\/page"}],"author":[{"embeddable":true,"href":"https:\/\/wilug.cl\/index.php\/wp-json\/wp\/v2\/users\/5"}],"replies":[{"embeddable":true,"href":"https:\/\/wilug.cl\/index.php\/wp-json\/wp\/v2\/comments?post=6635"}],"version-history":[{"count":178,"href":"https:\/\/wilug.cl\/index.php\/wp-json\/wp\/v2\/pages\/6635\/revisions"}],"predecessor-version":[{"id":11799,"href":"https:\/\/wilug.cl\/index.php\/wp-json\/wp\/v2\/pages\/6635\/revisions\/11799"}],"wp:attachment":[{"href":"https:\/\/wilug.cl\/index.php\/wp-json\/wp\/v2\/media?parent=6635"}],"curies":[{"name":"wp","href":"https:\/\/api.w.org\/{rel}","templated":true}]}}