{"id":9455,"date":"2021-11-23T01:24:38","date_gmt":"2021-11-23T01:24:38","guid":{"rendered":"https:\/\/wilug.srtv.cl\/?page_id=9455"},"modified":"2023-12-07T18:20:44","modified_gmt":"2023-12-07T18:20:44","slug":"sistemas-supresores-de-fuegos-para-vehiculos-y-equipos-mineros","status":"publish","type":"page","link":"https:\/\/wilug.cl\/index.php\/sistemas-supresores-de-fuegos-para-vehiculos-y-equipos-mineros\/","title":{"rendered":"Sistemas Supresores de Fuego AFEX"},"content":{"rendered":"<section class=\"l-section wpb_row us_custom_19737bc8 height_custom\"><div class=\"l-section-h i-cf\"><div class=\"g-cols vc_row type_default valign_top\"><div class=\"vc_col-sm-6 wpb_column vc_column_container\"><div class=\"vc_column-inner\"><div class=\"wpb_wrapper\"><div class=\"w-slider style_none fit_scaledown\"><div class=\"w-slider-h\"><div class=\"royalSlider\"><div class=\"rsContent\"><a class=\"rsImg\" data-rsw=\"1024\" data-rsh=\"455\" href=\"https:\/\/wilug.cl\/wp-content\/uploads\/2022\/05\/tanks-isolated-1024x455.png\"><span data-alt=\"\"><\/span><\/a><\/div><div class=\"rsContent\"><a class=\"rsImg\" data-rsw=\"496\" data-rsh=\"550\" href=\"https:\/\/wilug.cl\/wp-content\/uploads\/2021\/11\/Sistemas-supresores-de-fuegos-para-vehiculos-y-equipos-mineros-1.png\"><span data-alt=\"\"><\/span><\/a><\/div><\/div><img decoding=\"async\" src=\"https:\/\/wilug.cl\/wp-content\/uploads\/2022\/05\/tanks-isolated-1024x455.png\" width=\"1024\" height=\"455\" alt loading=\"lazy\"><\/div><div class=\"w-slider-json\" onclick='return {&quot;loop&quot;:true,&quot;fadeInLoadedSlide&quot;:false,&quot;slidesSpacing&quot;:0,&quot;imageScalePadding&quot;:0,&quot;numImagesToPreload&quot;:2,&quot;arrowsNav&quot;:true,&quot;arrowsNavAutoHide&quot;:false,&quot;transitionType&quot;:&quot;move&quot;,&quot;transitionSpeed&quot;:300,&quot;block&quot;:{&quot;moveEffect&quot;:&quot;none&quot;,&quot;speed&quot;:300},&quot;controlNavigation&quot;:&quot;none&quot;,&quot;autoplay&quot;:{&quot;enabled&quot;:true,&quot;pauseOnHover&quot;:false,&quot;delay&quot;:3000},&quot;imageScaleMode&quot;:&quot;fit-if-smaller&quot;,&quot;autoScaleSlider&quot;:true,&quot;autoScaleSliderWidth&quot;:1024,&quot;autoScaleSliderHeight&quot;:455,&quot;fitInViewport&quot;:false}'><\/div><\/div><\/div><\/div><\/div><div class=\"vc_col-sm-6 wpb_column vc_column_container\"><div class=\"vc_column-inner\"><div class=\"wpb_wrapper\"><div class=\"wpb_text_column us_custom_432d3f53\" ><div class=\"wpb_wrapper\"><h2>Sistemas Supresores de Fuego AFEX<\/h2>\n<p>Los veh\u00edculos de Miner\u00eda e Industria, tienen riesgo permanente de quemarse, por cuanto trabajan las 24 horas al d\u00eda, 7 d\u00edas a la semana y 365 d\u00edas al a\u00f1o. Para sus operaciones emplean gran cantidad de l\u00edquidos inflamables como aceite hidr\u00e1ulico, grasas, l\u00edquidos hidr\u00e1ulicos y petr\u00f3leo diesel. Adem\u00e1s generan gran cantidad de calor en el m\u00faltiple de escape, sistemas de frenos, turbocargador y block del motor.<\/p>\n<p>El fuego puede generar p\u00e9rdidas costosas asociadas a lo que se deja de efectuar durante el tiempo que demore la reparaci\u00f3n o reemplazo de la m\u00e1quina.<\/p>\n<p>Para minimizar los efectos del fuego, existen en la industria los Sistemas Supresores de Fuego\u201d, quienes mediante la detecci\u00f3n, alarma y extinci\u00f3n, son capaces de controlar los siniestros que se puedan generar.<\/p>\n<p>Los agentes extintores empleados son Polvo Qu\u00edmico Seco del tipo multiprop\u00f3sito para la protecci\u00f3n general, agentes l\u00edquidos enfriantes ubicados en los sectores de aceites hidr\u00e1ulicos y Agentes Gaseosos HFC-227ea o CO2 para Salas de M\u00e1quinas o Tableros.<\/p>\n<p>Estos sistemas deben ser complementados por extintores port\u00e1tiles, de preferencia operados por cartucho, lo que permitir\u00e1 contar con una protecci\u00f3n \u00f3ptima.<\/p>\n<p>El fuego es una amenaza real para los operadores, los bienes y la productividad. Los sistemas de supresi\u00f3n de incendios est\u00e1n hechos para resistir de forma fiable las condiciones m\u00e1s duras.<\/p>\n<\/div><\/div><\/div><\/div><\/div><\/div><\/div><\/section><section class=\"l-section wpb_row us_custom_73bbb2cf height_custom\"><div class=\"l-section-h i-cf\"><div class=\"g-cols vc_row type_default valign_top\"><div class=\"vc_col-sm-12 wpb_column vc_column_container\"><div class=\"vc_column-inner\"><div class=\"wpb_wrapper\"><div class=\"wpb_text_column\" ><div class=\"wpb_wrapper\"><h3>La determinaci\u00f3n del costo de un sistema depender\u00e1 de los siguientes factores:<\/h3>\n<p>-Tipo de Riesgo expuesto.<br \/>\n-Complejidad en la Instalaci\u00f3n<br \/>\n-Tama\u00f1o de la Maquinaria.<br \/>\n-Condiciones de Trabajo.<br \/>\nLo anterior hace necesaria la asistencia t\u00e9cnica a terreno para ver los aspectos indicados. En caso de inter\u00e9s o consulta no dude en contactarnos, poseemos variadas soluiones para sus maquinarias.<\/p>\n<\/div><\/div><\/div><\/div><\/div><\/div><\/div><\/section><section class=\"l-section wpb_row us_custom_bd92604a height_custom\"><div class=\"l-section-h i-cf\"><div class=\"g-cols vc_row type_default valign_top\"><div class=\"vc_col-sm-12 wpb_column vc_column_container\"><div class=\"vc_column-inner\"><div class=\"wpb_wrapper\"><div class=\"wpb_text_column\" ><div class=\"wpb_wrapper\"><p>Explora las opciones de sistemas de suspensi\u00f3n de incendio marca AFEX, que Wilug te ofrece:<\/p>\n<\/div><\/div><div class=\"g-cols wpb_row  type_default valign_top vc_inner\"><div class=\"vc_col-sm-4 wpb_column vc_column_container with_overlay\"><div class=\"vc_column-inner us_custom_9d289053\"><div class=\"vc_column-overlay\" style=\"background:#f5f5f5\"><\/div><div class=\"wpb_wrapper\"><div class=\"w-image align_center\"><div class=\"w-image-h\"><img loading=\"lazy\" decoding=\"async\" width=\"400\" height=\"300\" src=\"https:\/\/wilug.cl\/wp-content\/uploads\/2022\/05\/Sistema-Polvo-Quimico-Seco.jpg\" class=\"attachment-full size-full\" alt=\"\" srcset=\"https:\/\/wilug.cl\/wp-content\/uploads\/2022\/05\/Sistema-Polvo-Quimico-Seco.jpg 400w, https:\/\/wilug.cl\/wp-content\/uploads\/2022\/05\/Sistema-Polvo-Quimico-Seco-300x225.jpg 300w\" sizes=\"(max-width: 400px) 100vw, 400px\" \/><\/div><\/div><div class=\"w-separator size_small\"><\/div><h2 class=\"w-text us_custom_211707e8\"><span class=\"w-text-h\"><span class=\"w-text-value\">Sistema Polvo Qu\u00edmico Seco AFEX<\/span><\/span><\/h2><div class=\"w-btn-wrapper width_auto align_center\"><a class=\"w-btn us-btn-style_25\" title=\"Sistema Polvo Qu\u00edmico Seco AFEX\" href=\"https:\/\/www.wilug.cl\/index.php\/sistema-polvo-quimico-seco-afex\/\"><span class=\"w-btn-label\">LEER M\u00c1S<\/span><\/a><\/div><\/div><\/div><\/div><div class=\"vc_col-sm-4 wpb_column vc_column_container with_overlay\"><div class=\"vc_column-inner us_custom_9d289053\"><div class=\"vc_column-overlay\" style=\"background:#f5f5f5\"><\/div><div class=\"wpb_wrapper\"><div class=\"w-image align_center\"><div class=\"w-image-h\"><img loading=\"lazy\" decoding=\"async\" width=\"400\" height=\"300\" src=\"https:\/\/wilug.cl\/wp-content\/uploads\/2022\/05\/Sistema-Quimico-Liquido.jpg\" class=\"attachment-full size-full\" alt=\"\" srcset=\"https:\/\/wilug.cl\/wp-content\/uploads\/2022\/05\/Sistema-Quimico-Liquido.jpg 400w, https:\/\/wilug.cl\/wp-content\/uploads\/2022\/05\/Sistema-Quimico-Liquido-300x225.jpg 300w\" sizes=\"(max-width: 400px) 100vw, 400px\" \/><\/div><\/div><div class=\"w-separator size_small\"><\/div><h2 class=\"w-text us_custom_211707e8\"><span class=\"w-text-h\"><span class=\"w-text-value\">Sistema Qu\u00edmico L\u00edquido AFEX<\/span><\/span><\/h2><div class=\"w-btn-wrapper width_auto align_center\"><a class=\"w-btn us-btn-style_25\" title=\"Sistema Qu\u00edmico L\u00edquido AFEX\" href=\"https:\/\/www.wilug.cl\/index.php\/sistema-quimico-liquido-afex\/\"><span class=\"w-btn-label\">LEER M\u00c1S<\/span><\/a><\/div><\/div><\/div><\/div><div class=\"vc_col-sm-4 wpb_column vc_column_container with_overlay\"><div class=\"vc_column-inner us_custom_9d289053\"><div class=\"vc_column-overlay\" style=\"background:#f5f5f5\"><\/div><div class=\"wpb_wrapper\"><div class=\"w-image align_center\"><div class=\"w-image-h\"><img loading=\"lazy\" decoding=\"async\" width=\"400\" height=\"300\" src=\"https:\/\/wilug.cl\/wp-content\/uploads\/2022\/05\/Sistema-de-Agente-Dual.jpg\" class=\"attachment-full size-full\" alt=\"\" srcset=\"https:\/\/wilug.cl\/wp-content\/uploads\/2022\/05\/Sistema-de-Agente-Dual.jpg 400w, https:\/\/wilug.cl\/wp-content\/uploads\/2022\/05\/Sistema-de-Agente-Dual-300x225.jpg 300w\" sizes=\"(max-width: 400px) 100vw, 400px\" \/><\/div><\/div><div class=\"w-separator size_small\"><\/div><h2 class=\"w-text us_custom_211707e8\"><span class=\"w-text-h\"><span class=\"w-text-value\">Sistema de Agente Dual AFEX<\/span><\/span><\/h2><div class=\"w-btn-wrapper width_auto align_center\"><a class=\"w-btn us-btn-style_25\" title=\"Sistema de Agente Dual AFEX\" href=\"https:\/\/www.wilug.cl\/index.php\/sistema-de-agente-dual-afex\/\"><span class=\"w-btn-label\">LEER M\u00c1S<\/span><\/a><\/div><\/div><\/div><\/div><div class=\"vc_col-sm-4 wpb_column vc_column_container with_overlay\"><div class=\"vc_column-inner us_custom_9d289053\"><div class=\"vc_column-overlay\" style=\"background:#f5f5f5\"><\/div><div class=\"wpb_wrapper\"><div class=\"w-image align_center\"><div class=\"w-image-h\"><img loading=\"lazy\" decoding=\"async\" width=\"400\" height=\"300\" src=\"https:\/\/wilug.cl\/wp-content\/uploads\/2022\/05\/Deteccion-y-Monitoreo.jpg\" class=\"attachment-full size-full\" alt=\"\" srcset=\"https:\/\/wilug.cl\/wp-content\/uploads\/2022\/05\/Deteccion-y-Monitoreo.jpg 400w, https:\/\/wilug.cl\/wp-content\/uploads\/2022\/05\/Deteccion-y-Monitoreo-300x225.jpg 300w\" sizes=\"(max-width: 400px) 100vw, 400px\" \/><\/div><\/div><div class=\"w-separator size_small\"><\/div><h2 class=\"w-text us_custom_211707e8\"><span class=\"w-text-h\"><span class=\"w-text-value\">Detecci\u00f3n y Monitoreo AFEX<\/span><\/span><\/h2><div class=\"w-btn-wrapper width_auto align_center\"><a class=\"w-btn us-btn-style_25\" title=\"Detecci\u00f3n y Monitoreo AFEX\" href=\"https:\/\/www.wilug.cl\/index.php\/deteccion-y-monitoreo-afex\/\"><span class=\"w-btn-label\">LEER M\u00c1S<\/span><\/a><\/div><\/div><\/div><\/div><div class=\"vc_col-sm-4 wpb_column vc_column_container with_overlay\"><div class=\"vc_column-inner us_custom_9d289053\"><div class=\"vc_column-overlay\" style=\"background:#f5f5f5\"><\/div><div class=\"wpb_wrapper\"><div class=\"w-image align_center\"><div class=\"w-image-h\"><img loading=\"lazy\" decoding=\"async\" width=\"400\" height=\"300\" src=\"https:\/\/wilug.cl\/wp-content\/uploads\/2022\/05\/Accesorios.png\" class=\"attachment-full size-full\" alt=\"\" srcset=\"https:\/\/wilug.cl\/wp-content\/uploads\/2022\/05\/Accesorios.png 400w, https:\/\/wilug.cl\/wp-content\/uploads\/2022\/05\/Accesorios-300x225.png 300w\" sizes=\"(max-width: 400px) 100vw, 400px\" \/><\/div><\/div><div class=\"w-separator size_small\"><\/div><h2 class=\"w-text us_custom_211707e8\"><span class=\"w-text-h\"><span class=\"w-text-value\">Accesorios AFEX<\/span><\/span><\/h2><div class=\"w-btn-wrapper width_auto align_center\"><a class=\"w-btn us-btn-style_25\" title=\"Accesorios AFEX\" href=\"https:\/\/www.wilug.cl\/index.php\/accesorios-afex\/\"><span class=\"w-btn-label\">LEER M\u00c1S<\/span><\/a><\/div><\/div><\/div><\/div><\/div><\/div><\/div><\/div><\/div><\/div><\/section><section class=\"l-section wpb_row height_custom\" id=\"formulario-contacto\"><div class=\"l-section-h i-cf\"><div class=\"g-cols vc_row type_default valign_top\"><div class=\"vc_col-sm-12 wpb_column vc_column_container\"><div class=\"vc_column-inner\"><div class=\"wpb_wrapper\"><div class=\"wpb_text_column us_custom_eb849559\" ><div class=\"wpb_wrapper\"><h3><strong>FORMULARIO DE CONTACTO<\/strong><\/h3>\n<\/div><\/div><div class=\"w-separator size_small\"><\/div><\/div><\/div><\/div><div class=\"vc_col-sm-6 wpb_column vc_column_container\"><div class=\"vc_column-inner\"><div class=\"wpb_wrapper\"><div class=\"w-image style_circle align_center\"><div class=\"w-image-h\"><img loading=\"lazy\" decoding=\"async\" width=\"300\" height=\"240\" src=\"https:\/\/wilug.cl\/wp-content\/uploads\/2021\/12\/call-center-woman-300x240.jpeg\" class=\"attachment-medium size-medium\" alt=\"\" srcset=\"https:\/\/wilug.cl\/wp-content\/uploads\/2021\/12\/call-center-woman-300x240.jpeg 300w, https:\/\/wilug.cl\/wp-content\/uploads\/2021\/12\/call-center-woman.jpeg 500w\" sizes=\"(max-width: 300px) 100vw, 300px\" \/><\/div><\/div><div class=\"w-separator size_small\"><\/div><div class=\"wpb_text_column us_custom_eb849559\" ><div class=\"wpb_wrapper\"><p><!--<\/p>\n\n\n\n\n\n\n\n\n<h2><strong>GUSTAVO<\/strong>\u00a0FLORES GARRI<\/h2>\n\n\n\n\n\n\n\n\n<h4><strong>L\u00edder Equipo Operaciones<\/strong><\/h4>\n\n\n\n\n\n\n\n\n<p>--><\/p>\n<p><img decoding=\"async\" class=\"emoji\" role=\"img\" draggable=\"false\" src=\"https:\/\/s.w.org\/images\/core\/emoji\/13.1.0\/svg\/2709.svg\" alt=\"\u2709\" \/>\u00a0<a href=\"mailto:carla.paz@wilug.cl\">carla.paz@wilug.cl<\/a>\u00a0\u00a0<img decoding=\"async\" class=\"emoji\" role=\"img\" draggable=\"false\" src=\"https:\/\/s.w.org\/images\/core\/emoji\/13.1.0\/svg\/1f4de.svg\" alt=\"\ud83d\udcde\" \/>\u00a0<strong>+569 8502 4823<\/strong><\/p>\n<\/div><\/div><\/div><\/div><\/div><div class=\"vc_col-sm-6 wpb_column vc_column_container\"><div class=\"vc_column-inner\"><div class=\"wpb_wrapper\">[vc_raw_html]JTVCY29udGFjdC1mb3JtLTclMjBpZCUzRCUyMjExJTIyJTIwdGl0bGUlM0QlMjJGb3JtdWxhcmlvJTIwZGUlMjBjb250YWN0byUyMDElMjIlNUQ=[\/vc_raw_html]<\/div><\/div><\/div><\/div><\/div><\/section>\n","protected":false},"excerpt":{"rendered":"Sistemas Supresores de Fuego AFEX Los veh\u00edculos de Miner\u00eda e Industria, tienen riesgo permanente de quemarse, por cuanto trabajan las 24 horas al d\u00eda, 7 d\u00edas a la semana y 365 d\u00edas al a\u00f1o. Para sus operaciones emplean gran cantidad de l\u00edquidos inflamables como aceite hidr\u00e1ulico, grasas, l\u00edquidos hidr\u00e1ulicos y petr\u00f3leo diesel. Adem\u00e1s generan gran...","protected":false},"author":5,"featured_media":0,"parent":0,"menu_order":0,"comment_status":"closed","ping_status":"closed","template":"","meta":{"footnotes":""},"acf":[],"_links":{"self":[{"href":"https:\/\/wilug.cl\/index.php\/wp-json\/wp\/v2\/pages\/9455"}],"collection":[{"href":"https:\/\/wilug.cl\/index.php\/wp-json\/wp\/v2\/pages"}],"about":[{"href":"https:\/\/wilug.cl\/index.php\/wp-json\/wp\/v2\/types\/page"}],"author":[{"embeddable":true,"href":"https:\/\/wilug.cl\/index.php\/wp-json\/wp\/v2\/users\/5"}],"replies":[{"embeddable":true,"href":"https:\/\/wilug.cl\/index.php\/wp-json\/wp\/v2\/comments?post=9455"}],"version-history":[{"count":23,"href":"https:\/\/wilug.cl\/index.php\/wp-json\/wp\/v2\/pages\/9455\/revisions"}],"predecessor-version":[{"id":11186,"href":"https:\/\/wilug.cl\/index.php\/wp-json\/wp\/v2\/pages\/9455\/revisions\/11186"}],"wp:attachment":[{"href":"https:\/\/wilug.cl\/index.php\/wp-json\/wp\/v2\/media?parent=9455"}],"curies":[{"name":"wp","href":"https:\/\/api.w.org\/{rel}","templated":true}]}}