{"id":9481,"date":"2021-11-30T15:00:50","date_gmt":"2021-11-30T15:00:50","guid":{"rendered":"https:\/\/wilug.srtv.cl\/?page_id=9481"},"modified":"2023-12-07T18:20:44","modified_gmt":"2023-12-07T18:20:44","slug":"quienes-somos-2","status":"publish","type":"page","link":"https:\/\/wilug.cl\/index.php\/quienes-somos-2\/","title":{"rendered":"Qui\u00e9nes somos"},"content":{"rendered":"<section class=\"l-section wpb_row height_custom\"><div class=\"l-section-h i-cf\"><div class=\"g-cols vc_row type_default valign_top\"><div class=\"vc_col-sm-6 wpb_column vc_column_container\"><div class=\"vc_column-inner\"><div class=\"wpb_wrapper\"><div class=\"wpb_text_column us_custom_7f8268c9 has_text_color\" ><div class=\"wpb_wrapper\"><h1 class=\"tituloconfondo\"><strong>Qui\u00e9nes somos<\/strong><\/h1>\n<\/div><\/div><div class=\"w-separator size_medium\"><\/div><div class=\"wpb_text_column us_custom_b321270a\" ><div class=\"wpb_wrapper\"><p><strong>WILUG<\/strong> es una empresa de ingenier\u00eda de proyectos, dise\u00f1o, mantenci\u00f3n y montaje que se especializa en los \u00e1mbitos relacionado con la protecci\u00f3n y control de incendios; manejo de fluidos, hidr\u00e1ulica, mec\u00e1nica y neum\u00e1tica general, capacitaci\u00f3n y entrenamiento.<\/p>\n<p>Fundada en 1989, <strong>WILUG<\/strong> ha sido reconocida como una empresa confiable y preocupada por sus clientes con un \u00e9nfasis en la innovaci\u00f3n y nuevas tecnolog\u00edas, situ\u00e1ndola como un protagonista de la industria de la seguridad.<\/p>\n<\/div><\/div><\/div><\/div><\/div><div class=\"vc_col-sm-6 wpb_column vc_column_container\"><div class=\"vc_column-inner\"><div class=\"wpb_wrapper\"><div class=\"w-image align_center\"><div class=\"w-image-h\"><img loading=\"lazy\" decoding=\"async\" width=\"500\" height=\"500\" src=\"https:\/\/wilug.cl\/wp-content\/uploads\/2021\/12\/graficas-1-500x500.png\" class=\"attachment-us_500_500 size-us_500_500\" alt=\"\" srcset=\"https:\/\/wilug.cl\/wp-content\/uploads\/2021\/12\/graficas-1-500x500.png 500w, https:\/\/wilug.cl\/wp-content\/uploads\/2021\/12\/graficas-1-300x300.png 300w, https:\/\/wilug.cl\/wp-content\/uploads\/2021\/12\/graficas-1-1024x1022.png 1024w, https:\/\/wilug.cl\/wp-content\/uploads\/2021\/12\/graficas-1-150x150.png 150w, https:\/\/wilug.cl\/wp-content\/uploads\/2021\/12\/graficas-1-600x599.png 600w, https:\/\/wilug.cl\/wp-content\/uploads\/2021\/12\/graficas-1.png 1181w\" sizes=\"(max-width: 500px) 100vw, 500px\" \/><\/div><\/div><\/div><\/div><\/div><\/div><\/div><\/section>\n","protected":false},"excerpt":{"rendered":"Qui\u00e9nes somos WILUG es una empresa de ingenier\u00eda de proyectos, dise\u00f1o, mantenci\u00f3n y montaje que se especializa en los \u00e1mbitos relacionado con la protecci\u00f3n y control de incendios; manejo de fluidos, hidr\u00e1ulica, mec\u00e1nica y neum\u00e1tica general, capacitaci\u00f3n y entrenamiento. Fundada en 1989, WILUG ha sido reconocida como una empresa confiable y preocupada por sus clientes...","protected":false},"author":5,"featured_media":0,"parent":0,"menu_order":0,"comment_status":"closed","ping_status":"closed","template":"","meta":{"footnotes":""},"acf":[],"_links":{"self":[{"href":"https:\/\/wilug.cl\/index.php\/wp-json\/wp\/v2\/pages\/9481"}],"collection":[{"href":"https:\/\/wilug.cl\/index.php\/wp-json\/wp\/v2\/pages"}],"about":[{"href":"https:\/\/wilug.cl\/index.php\/wp-json\/wp\/v2\/types\/page"}],"author":[{"embeddable":true,"href":"https:\/\/wilug.cl\/index.php\/wp-json\/wp\/v2\/users\/5"}],"replies":[{"embeddable":true,"href":"https:\/\/wilug.cl\/index.php\/wp-json\/wp\/v2\/comments?post=9481"}],"version-history":[{"count":16,"href":"https:\/\/wilug.cl\/index.php\/wp-json\/wp\/v2\/pages\/9481\/revisions"}],"predecessor-version":[{"id":10444,"href":"https:\/\/wilug.cl\/index.php\/wp-json\/wp\/v2\/pages\/9481\/revisions\/10444"}],"wp:attachment":[{"href":"https:\/\/wilug.cl\/index.php\/wp-json\/wp\/v2\/media?parent=9481"}],"curies":[{"name":"wp","href":"https:\/\/api.w.org\/{rel}","templated":true}]}}