{"id":11009,"date":"2022-09-02T13:31:39","date_gmt":"2022-09-02T13:31:39","guid":{"rendered":"https:\/\/www.wilug.cl\/?post_type=product&#038;p=11009"},"modified":"2022-09-02T13:36:57","modified_gmt":"2022-09-02T13:36:57","slug":"extintor-pqs-abc-2kg-90-195psi","status":"publish","type":"product","link":"https:\/\/wilug.cl\/index.php\/producto\/extintor-pqs-abc-2kg-90-195psi\/","title":{"rendered":"EXTINTOR PQS ABC 2KG 90% 195PSI"},"content":{"rendered":"<p><strong>Aplicaciones:<\/strong><br \/>\nEl extintor en base a polvo qu\u00edmico seco, posee como compuesto principal fosfato mono am\u00f3nico al 90%, el que al contacto con la superficie caliente se funde formando una capa, que restringe la emanaci\u00f3n de gases y vapores inflamables, interrumpiendo la reacci\u00f3n qu\u00edmica en cadena, evitando la re-ignici\u00f3n y logrando una reducci\u00f3n de las llamas hasta el punto que estas se extinguen.<\/p>\n<p><strong>Caracter\u00edsticas:<\/strong><br \/>\nEl PQS no es conductor de electricidad, sirve para los fuegos clase A (combustibles comunes; cartones, g\u00e9neros, pl\u00e1sticos, gomas, madera etc.), clase B (l\u00edquidos inflamables; di\u00e9sel, bencina, petr\u00f3leo, kerosene, diluyente, pinturas, aerosoles, etc.) y clase C (equipos el\u00e9ctricos).<\/p>\n<p><strong>Caracter\u00edsticas t\u00e9cnicas:<\/strong><\/p>\n<p><strong>Naturaleza del agente:<\/strong> Polvo Qu\u00edmico Seco Multiprop\u00f3sito<br \/>\n<strong>Nombre qu\u00edmico:<\/strong> Fosfato mono am\u00f3nico<br \/>\n<strong>Para fuegos clase:<\/strong> ABC<br \/>\n<strong>Contenido porcentual nominal del compuesto activo:<\/strong> 90%<br \/>\n<strong>Potencial de extinci\u00f3n:<\/strong> 2-A:5-B:C<br \/>\n<strong>Masa promedio extintor cargado:<\/strong> 3,03 kg<br \/>\n<strong>Masa promedio extintor descargado:<\/strong> 1,03 kg<br \/>\n<strong>Aislante el\u00e9ctrico:<\/strong> Hasta 100 Kv.<br \/>\n<strong>Temperatura l\u00edmite de operaci\u00f3n:<\/strong> -20\u00b0C + 60\u00b0C<br \/>\n<strong>Presi\u00f3n de trabajo:<\/strong> 13,7 kg\/ cm2<br \/>\n<strong>Presi\u00f3n de ensayo:<\/strong> 41,1 kg\/ cm2<br \/>\n<strong>Gas propulsor:<\/strong> Nitr\u00f3geno<br \/>\n<strong>Altura del equipo:<\/strong> 36 cm<br \/>\n<strong>Di\u00e1metro del equipo:<\/strong> 11 cm<br \/>\n<strong>Tiempo nominal de descarga:<\/strong> 20 seg.<\/p>\n","protected":false},"excerpt":{"rendered":"<p>Aplicaciones: El extintor en base a polvo qu\u00edmico seco, posee como compuesto principal fosfato mono am\u00f3nico al 90%, el que al contacto con la superficie caliente se funde formando una capa, que restringe la emanaci\u00f3n de gases y vapores inflamables, interrumpiendo la reacci\u00f3n qu\u00edmica en cadena, evitando la re-ignici\u00f3n y logrando una reducci\u00f3n de las&#8230;<\/p>\n","protected":false},"featured_media":9639,"template":"","meta":[],"product_cat":[239],"product_tag":[],"acf":[],"_links":{"self":[{"href":"https:\/\/wilug.cl\/index.php\/wp-json\/wp\/v2\/product\/11009"}],"collection":[{"href":"https:\/\/wilug.cl\/index.php\/wp-json\/wp\/v2\/product"}],"about":[{"href":"https:\/\/wilug.cl\/index.php\/wp-json\/wp\/v2\/types\/product"}],"wp:featuredmedia":[{"embeddable":true,"href":"https:\/\/wilug.cl\/index.php\/wp-json\/wp\/v2\/media\/9639"}],"wp:attachment":[{"href":"https:\/\/wilug.cl\/index.php\/wp-json\/wp\/v2\/media?parent=11009"}],"wp:term":[{"taxonomy":"product_cat","embeddable":true,"href":"https:\/\/wilug.cl\/index.php\/wp-json\/wp\/v2\/product_cat?post=11009"},{"taxonomy":"product_tag","embeddable":true,"href":"https:\/\/wilug.cl\/index.php\/wp-json\/wp\/v2\/product_tag?post=11009"}],"curies":[{"name":"wp","href":"https:\/\/api.w.org\/{rel}","templated":true}]}}