{"id":9610,"date":"2021-12-01T21:41:45","date_gmt":"2021-12-01T21:41:45","guid":{"rendered":"https:\/\/wilug.srtv.cl\/?post_type=product&#038;p=9610"},"modified":"2022-09-02T13:16:55","modified_gmt":"2022-09-02T13:16:55","slug":"extintor-pqs-abc-4kg-90-195psi","status":"publish","type":"product","link":"https:\/\/wilug.cl\/index.php\/producto\/extintor-pqs-abc-4kg-90-195psi\/","title":{"rendered":"EXTINTOR PQS ABC 4KG 90% 195PSI"},"content":{"rendered":"<p><strong>Aplicaciones:<\/strong><br \/>\nEl extintor en base a polvo qu\u00edmico seco, posee como compuesto principal fosfato mono am\u00f3nico al 90%, el que al contacto con la superficie caliente se funde formando una capa, que restringe la emanaci\u00f3n de gases y vapores inflamables, interrumpiendo la reacci\u00f3n qu\u00edmica en cadena, evitando la re-ignici\u00f3n y logrando una reducci\u00f3n de las llamas hasta el punto que estas se extinguen.<\/p>\n<p><strong>Caracter\u00edsticas:<\/strong><br \/>\nEl PQS no es conductor de electricidad, sirve para los fuegos clase A (combustibles comunes; cartones, g\u00e9neros, pl\u00e1sticos, gomas, madera etc.), clase B (l\u00edquidos inflamables; di\u00e9sel, bencina, petr\u00f3leo, kerosene, diluyente, pinturas, aerosoles, etc.) y clase C (equipos el\u00e9ctricos).<\/p>\n<p><strong>Caracter\u00edsticas t\u00e9cnicas:  <\/strong><br \/>\nNaturaleza del agente\tPolvo Qu\u00edmico Seco Multiprop\u00f3sito<br \/>\nNombre qu\u00edmico\tFosfato mono am\u00f3nico<br \/>\nPara fuegos clase\tABC<br \/>\nContenido porcentual nominal del compuesto activo\t90%<br \/>\nPotencial de extinci\u00f3n\t6-A:20-B:C<br \/>\nMasa promedio extintor cargado\t6,46 kg<br \/>\nMasa promedio extintor descargado\t2,46 kg<br \/>\nAislante el\u00e9ctrico\tHasta 100 Kv.<br \/>\nTemperatura l\u00edmite de operaci\u00f3n\t-20\u00b0C + 60\u00b0C<br \/>\nPresi\u00f3n de trabajo\t13,7 kg\/ cm2<br \/>\nPresi\u00f3n de ensayo\t41,1 kg\/ cm2<br \/>\nGas propulsor\tNitr\u00f3geno<br \/>\nAltura del equipo\t48,5 cm<br \/>\nDi\u00e1metro del equipo\t13 cm<br \/>\nTiempo nominal de descarga\t20 seg.<\/p>\n","protected":false},"excerpt":{"rendered":"<p><strong>Aplicaciones:<\/strong><br \/>\nEl extintor en base a polvo qu\u00edmico seco, posee como compuesto principal fosfato mono am\u00f3nico al 90%, el que al contacto con la superficie caliente se funde formando una capa, que restringe la emanaci\u00f3n de gases y vapores inflamables, interrumpiendo la reacci\u00f3n qu\u00edmica en cadena, evitando la re-ignici\u00f3n y logrando una reducci\u00f3n de las llamas hasta el punto que estas se extinguen.<\/p>\n<p><strong>Caracter\u00edsticas:<\/strong><br \/>\nEl PQS no es conductor de electricidad, sirve para los fuegos clase A (combustibles comunes; cartones, g\u00e9neros, pl\u00e1sticos, gomas, madera etc.), clase B (l\u00edquidos inflamables; di\u00e9sel, bencina, petr\u00f3leo, kerosene, diluyente, pinturas, aerosoles, etc.) y clase C (equipos el\u00e9ctricos).<\/p>\n","protected":false},"featured_media":9653,"template":"","meta":[],"product_cat":[239],"product_tag":[],"acf":[],"_links":{"self":[{"href":"https:\/\/wilug.cl\/index.php\/wp-json\/wp\/v2\/product\/9610"}],"collection":[{"href":"https:\/\/wilug.cl\/index.php\/wp-json\/wp\/v2\/product"}],"about":[{"href":"https:\/\/wilug.cl\/index.php\/wp-json\/wp\/v2\/types\/product"}],"wp:featuredmedia":[{"embeddable":true,"href":"https:\/\/wilug.cl\/index.php\/wp-json\/wp\/v2\/media\/9653"}],"wp:attachment":[{"href":"https:\/\/wilug.cl\/index.php\/wp-json\/wp\/v2\/media?parent=9610"}],"wp:term":[{"taxonomy":"product_cat","embeddable":true,"href":"https:\/\/wilug.cl\/index.php\/wp-json\/wp\/v2\/product_cat?post=9610"},{"taxonomy":"product_tag","embeddable":true,"href":"https:\/\/wilug.cl\/index.php\/wp-json\/wp\/v2\/product_tag?post=9610"}],"curies":[{"name":"wp","href":"https:\/\/api.w.org\/{rel}","templated":true}]}}