{"id":9613,"date":"2021-12-01T21:41:53","date_gmt":"2021-12-01T21:41:53","guid":{"rendered":"https:\/\/wilug.srtv.cl\/?post_type=product&#038;p=9613"},"modified":"2022-09-02T13:12:35","modified_gmt":"2022-09-02T13:12:35","slug":"extintor-co2-bc-2kg","status":"publish","type":"product","link":"https:\/\/wilug.cl\/index.php\/producto\/extintor-co2-bc-2kg\/","title":{"rendered":"EXTINTOR CO2 BC 2KG"},"content":{"rendered":"<p><strong>Extintor de alto rendimiento con carga de CO2<\/strong><\/p>\n<p><strong>Aplicaciones:<\/strong><br \/>\nEl agente extintor anh\u00eddrido carb\u00f3nico extingue el fuego reduciendo la concentraci\u00f3n de ox\u00edgeno, provocando una reducci\u00f3n de las llamas hasta el punto de que estas se extinguen.<\/p>\n<p><strong>Caracter\u00edsticas:<\/strong><br \/>\nEl agente extintor CO2 no es conductor de electricidad, sirve para los fuegos clase B (l\u00edquidos inflamables; di\u00e9sel, bencina, petr\u00f3leo, kerosene, diluyente, pinturas, aerosoles, etc.) y clase C (equipos el\u00e9ctricos).<\/p>\n<p>Caracter\u00edsticas t\u00e9cnicas:<br \/>\nNaturaleza del agente:\tDi\u00f3xido de Carbono<br \/>\nNombre qu\u00edmico:\tCO2<br \/>\nPara fuegos clase:\tBC<br \/>\nContenido porcentual nominal del compuesto activo:\t100%<br \/>\nPotencial de extinci\u00f3n:\t2-B:C<br \/>\nMasa promedio extintor cargado:\t7,08 kg<br \/>\nMasa promedio extintor descargado:\t5,08 kg<br \/>\nAislante el\u00e9ctrico:\tHasta 100 Kv.<br \/>\nTemperatura l\u00edmite de operaci\u00f3n:\t-30\u00b0C + 49\u00b0C<br \/>\nPresi\u00f3n de trabajo:\t850 psi<br \/>\nPresi\u00f3n de ensayo:\t3000 psi<br \/>\nGas propulsor:\tCO2<br \/>\nAltura del equipo:\t48 cm<br \/>\nDi\u00e1metro del equipo:\t11 cm<br \/>\nTiempo nominal de descarga:\t11 seg.<\/p>\n","protected":false},"excerpt":{"rendered":"<p><strong>Extintor de alto rendimiento con carga de CO2<\/strong><\/p>\n<p><strong>Aplicaciones:<\/strong><br \/>\nEl agente extintor anh\u00eddrido carb\u00f3nico extingue el fuego reduciendo la concentraci\u00f3n de ox\u00edgeno, provocando una reducci\u00f3n de las llamas hasta el punto de que estas se extinguen.<\/p>\n<p><strong>Caracter\u00edsticas:<\/strong><br \/>\nEl agente extintor CO2 no es conductor de electricidad, sirve para los fuegos clase B (l\u00edquidos inflamables; di\u00e9sel, bencina, petr\u00f3leo, kerosene, diluyente, pinturas, aerosoles, etc.) y clase C (equipos el\u00e9ctricos).<\/p>\n","protected":false},"featured_media":9663,"template":"","meta":[],"product_cat":[240],"product_tag":[],"acf":[],"_links":{"self":[{"href":"https:\/\/wilug.cl\/index.php\/wp-json\/wp\/v2\/product\/9613"}],"collection":[{"href":"https:\/\/wilug.cl\/index.php\/wp-json\/wp\/v2\/product"}],"about":[{"href":"https:\/\/wilug.cl\/index.php\/wp-json\/wp\/v2\/types\/product"}],"wp:featuredmedia":[{"embeddable":true,"href":"https:\/\/wilug.cl\/index.php\/wp-json\/wp\/v2\/media\/9663"}],"wp:attachment":[{"href":"https:\/\/wilug.cl\/index.php\/wp-json\/wp\/v2\/media?parent=9613"}],"wp:term":[{"taxonomy":"product_cat","embeddable":true,"href":"https:\/\/wilug.cl\/index.php\/wp-json\/wp\/v2\/product_cat?post=9613"},{"taxonomy":"product_tag","embeddable":true,"href":"https:\/\/wilug.cl\/index.php\/wp-json\/wp\/v2\/product_tag?post=9613"}],"curies":[{"name":"wp","href":"https:\/\/api.w.org\/{rel}","templated":true}]}}