{"id":9616,"date":"2021-12-01T21:41:59","date_gmt":"2021-12-01T21:41:59","guid":{"rendered":"https:\/\/wilug.srtv.cl\/?post_type=product&#038;p=9616"},"modified":"2022-09-02T13:11:26","modified_gmt":"2022-09-02T13:11:26","slug":"extintor-acetato-de-potasio-10-lts","status":"publish","type":"product","link":"https:\/\/wilug.cl\/index.php\/producto\/extintor-acetato-de-potasio-10-lts\/","title":{"rendered":"EXTINTOR ACETATO DE POTASIO 10 LTS."},"content":{"rendered":"<p><strong>Descripci\u00f3n<\/strong><br \/>\n\u2022Los extintores de qu\u00edmicos h\u00famedos son los mejores extintores port\u00e1tiles para aparatos de cocinas de restaurantes y aprobados por la nueva clase k enlistado por UL espec\u00edficamente por accidentes de cocinas en Restaurantes. Contiene una base especial de Acetato de Potasio, un agente de bajo ph desarrollado para el uso en sistemas de pre-ingenier\u00eda de cocinas para restaurantes.<br \/>\n\u2022Fabricados en cilindros de acero inoxidable con manguera de f\u00e1cil uso y con boquilla rociadora.<br \/>\n\u2022La superior capacidad para combatir el fuego con el agente qu\u00edmico h\u00famedo es apuntando exactamente donde lo necesite no dejando residuos para limpiar.<br \/>\n\u2022Probado en freidoras comerciales con alto contenido de grasa, usando la ansi\/ul prueba de protocolo.<br \/>\n\u2022La conexi\u00f3n de la manguera giratoria permite la orientaci\u00f3n de la boquilla para una aplicaci\u00f3n por arriba.<br \/>\n\u2022Provee una descarga de niebla fina que ayuda a prevenir el salpicado de la grasa y la re-ignici\u00f3n del fuego mientras se enfr\u00eda el aparato adem\u00e1s de ser seguro en fuegos clase C.<\/p>\n<p><strong>Caracter\u00edsticas t\u00e9cnicas  <\/strong><br \/>\nCapacidad\t10 lts.<br \/>\nRating de apague\t2:AK<br \/>\nAltura\t508 mm<br \/>\nDi\u00e1metro\t178 mm<br \/>\nDistancia\t3-4 mts.<br \/>\nTiempo de descarga\t80 seg<br \/>\nRango de temperatura\t5\u00b0C a 49\u00b0C<\/p>\n","protected":false},"excerpt":{"rendered":"<p><strong>Descripci\u00f3n<\/strong><br \/>\n\u2022Los extintores de qu\u00edmicos h\u00famedos son los mejores extintores port\u00e1tiles para aparatos de cocinas de restaurantes y aprobados por la nueva clase k enlistado por UL espec\u00edficamente por accidentes de cocinas en Restaurantes. Contiene una base especial de Acetato de Potasio, un agente de bajo ph desarrollado para el uso en sistemas de pre-ingenier\u00eda de cocinas para restaurantes.<br \/>\n\u2022Fabricados en cilindros de acero inoxidable con manguera de f\u00e1cil uso y con boquilla rociadora.<br \/>\n\u2022La superior capacidad para combatir el fuego con el agente qu\u00edmico h\u00famedo es apuntando exactamente donde lo necesite no dejando residuos para limpiar.<br \/>\n\u2022Probado en freidoras comerciales con alto contenido de grasa, usando la ansi\/ul prueba de protocolo.<br \/>\n\u2022La conexi\u00f3n de la manguera giratoria permite la orientaci\u00f3n de la boquilla para una aplicaci\u00f3n por arriba.<br \/>\n\u2022Provee una descarga de niebla fina que ayuda a prevenir el salpicado de la grasa y la re-ignici\u00f3n del fuego mientras se enfr\u00eda el aparato adem\u00e1s de ser seguro en fuegos clase C.<\/p>\n","protected":false},"featured_media":9671,"template":"","meta":[],"product_cat":[241],"product_tag":[],"acf":[],"_links":{"self":[{"href":"https:\/\/wilug.cl\/index.php\/wp-json\/wp\/v2\/product\/9616"}],"collection":[{"href":"https:\/\/wilug.cl\/index.php\/wp-json\/wp\/v2\/product"}],"about":[{"href":"https:\/\/wilug.cl\/index.php\/wp-json\/wp\/v2\/types\/product"}],"wp:featuredmedia":[{"embeddable":true,"href":"https:\/\/wilug.cl\/index.php\/wp-json\/wp\/v2\/media\/9671"}],"wp:attachment":[{"href":"https:\/\/wilug.cl\/index.php\/wp-json\/wp\/v2\/media?parent=9616"}],"wp:term":[{"taxonomy":"product_cat","embeddable":true,"href":"https:\/\/wilug.cl\/index.php\/wp-json\/wp\/v2\/product_cat?post=9616"},{"taxonomy":"product_tag","embeddable":true,"href":"https:\/\/wilug.cl\/index.php\/wp-json\/wp\/v2\/product_tag?post=9616"}],"curies":[{"name":"wp","href":"https:\/\/api.w.org\/{rel}","templated":true}]}}