{"id":9619,"date":"2021-12-01T21:42:07","date_gmt":"2021-12-01T21:42:07","guid":{"rendered":"https:\/\/wilug.srtv.cl\/?post_type=product&#038;p=9619"},"modified":"2022-09-02T13:14:34","modified_gmt":"2022-09-02T13:14:34","slug":"extintor-de-espuma-quimica-al-3-de-10lt","status":"publish","type":"product","link":"https:\/\/wilug.cl\/index.php\/producto\/extintor-de-espuma-quimica-al-3-de-10lt\/","title":{"rendered":"EXTINTOR DE ESPUMA QUIMICA AL 3% DE 10LT"},"content":{"rendered":"<p><strong>Especificaciones<\/strong><br \/>\nUsos previstos: bodegas de productos qu\u00edmicos inflamables, almacenes de combustibles y qu\u00edmicos, laboratorios, talleres mec\u00e1nicos, estaciones de combustible etc. Clasificaci\u00f3n de extinci\u00f3n sirve para los fuegos clase A (combustibles comunes; cartones, g\u00e9neros, pl\u00e1sticos, gomas, madera etc.), clase B (l\u00edquidos inflamables; di\u00e9sel, bencina, petr\u00f3leo, kerosene, diluyente, pinturas, aerosoles, etc.) y clase B (l\u00edquidos inflamables; di\u00e9sel, bencina, petr\u00f3leo, kerosene, diluyente, pinturas, aerosoles, etc.). <\/p>\n<p><strong>Caracter\u00edsticas t\u00e9cnicas:  <\/strong><br \/>\nNaturaleza del agente\tEspuma Quimica<br \/>\nNombre qu\u00edmico\tAFFF-AR<br \/>\nPara fuegos clase\tAB<br \/>\nContenido porcentual nominal del compuesto activo\t3%<br \/>\nPotencial de extinci\u00f3n\t4-A:20-B<br \/>\nMasa promedio extintor cargado<br \/>\nMasa promedio extintor descargado<br \/>\nTemperatura l\u00edmite de operaci\u00f3n\t-20\u00b0C + 60\u00b0C<br \/>\nPresi\u00f3n de trabajo\t13,7 kg\/ cm2<br \/>\nPresi\u00f3n de ensayo\t41,1 kg\/ cm2<br \/>\nGas propulsor\tNitr\u00f3geno<br \/>\nAltura del equipo<br \/>\nDi\u00e1metro del equipo<br \/>\nTiempo nominal de descarga\t<\/p>\n","protected":false},"excerpt":{"rendered":"<p><strong>Especificaciones<\/strong><br \/>\nUsos previstos: bodegas de productos qu\u00edmicos inflamables, almacenes de combustibles y qu\u00edmicos, laboratorios, talleres mec\u00e1nicos, estaciones de combustible etc. Clasificaci\u00f3n de extinci\u00f3n sirve para los fuegos clase A (combustibles comunes; cartones, g\u00e9neros, pl\u00e1sticos, gomas, madera etc.), clase B (l\u00edquidos inflamables; di\u00e9sel, bencina, petr\u00f3leo, kerosene, diluyente, pinturas, aerosoles, etc.) y clase B (l\u00edquidos inflamables; di\u00e9sel, bencina, petr\u00f3leo, kerosene, diluyente, pinturas, aerosoles, etc.). <\/p>\n","protected":false},"featured_media":9681,"template":"","meta":[],"product_cat":[242],"product_tag":[],"acf":[],"_links":{"self":[{"href":"https:\/\/wilug.cl\/index.php\/wp-json\/wp\/v2\/product\/9619"}],"collection":[{"href":"https:\/\/wilug.cl\/index.php\/wp-json\/wp\/v2\/product"}],"about":[{"href":"https:\/\/wilug.cl\/index.php\/wp-json\/wp\/v2\/types\/product"}],"wp:featuredmedia":[{"embeddable":true,"href":"https:\/\/wilug.cl\/index.php\/wp-json\/wp\/v2\/media\/9681"}],"wp:attachment":[{"href":"https:\/\/wilug.cl\/index.php\/wp-json\/wp\/v2\/media?parent=9619"}],"wp:term":[{"taxonomy":"product_cat","embeddable":true,"href":"https:\/\/wilug.cl\/index.php\/wp-json\/wp\/v2\/product_cat?post=9619"},{"taxonomy":"product_tag","embeddable":true,"href":"https:\/\/wilug.cl\/index.php\/wp-json\/wp\/v2\/product_tag?post=9619"}],"curies":[{"name":"wp","href":"https:\/\/api.w.org\/{rel}","templated":true}]}}