{"id":9625,"date":"2021-12-01T21:42:21","date_gmt":"2021-12-01T21:42:21","guid":{"rendered":"https:\/\/wilug.srtv.cl\/?post_type=product&#038;p=9625"},"modified":"2022-09-02T13:08:18","modified_gmt":"2022-09-02T13:08:18","slug":"carro-extintor-co2-bc-25-kg","status":"publish","type":"product","link":"https:\/\/wilug.cl\/index.php\/producto\/carro-extintor-co2-bc-25-kg\/","title":{"rendered":"CARRO EXTINTOR CO2 BC 25 KG"},"content":{"rendered":"<p><strong>Aplicaciones<\/strong><br \/>\nIndicado contra incendios clase B (l\u00edquidos inflamables; di\u00e9sel, bencina, petr\u00f3leo, kerosene, diluyente, pinturas, aerosoles, etc.) y clase C (equipos el\u00e9ctricos). No es conductor de electricidad, extingue el fuego desplazando el ox\u00edgeno. Se recomienda su uso en industrias, embarcaciones medianas, miner\u00eda, bodegas, oficinas, bencineras, empresas que tengan maquinas o equipos el\u00e9ctricos, etc. <\/p>\n<p><strong>Caracter\u00edsticas t\u00e9cnicas:  <\/strong><br \/>\nNaturaleza del agente\tDi\u00f3xido de Carbono<br \/>\nNombre qu\u00edmico\tCO2<br \/>\nPara fuegos clase\tBC<br \/>\nContenido porcentual nominal del compuesto activo\t100%<br \/>\nPotencial de extinci\u00f3n\t20-B:C<br \/>\nMasa promedio extintor cargado<br \/>\nMasa promedio extintor descargado<br \/>\nAislante el\u00e9ctrico\tHasta 100 Kv.<br \/>\nTemperatura l\u00edmite de operaci\u00f3n\t-20\u00b0C + 60\u00b0C<br \/>\nPresi\u00f3n de trabajo<br \/>\nPresi\u00f3n de ensayo<br \/>\nGas propulsor\tDi\u00f3xido de Carbono<br \/>\nAltura del equipo<br \/>\nDi\u00e1metro del equipo<br \/>\nTiempo nominal de descarga\t<\/p>\n","protected":false},"excerpt":{"rendered":"<p><strong>Aplicaciones<\/strong><br \/>\nIndicado contra incendios clase B (l\u00edquidos inflamables; di\u00e9sel, bencina, petr\u00f3leo, kerosene, diluyente, pinturas, aerosoles, etc.) y clase C (equipos el\u00e9ctricos). No es conductor de electricidad, extingue el fuego desplazando el ox\u00edgeno. Se recomienda su uso en industrias, embarcaciones medianas, miner\u00eda, bodegas, oficinas, bencineras, empresas que tengan maquinas o equipos el\u00e9ctricos, etc. <\/p>\n","protected":false},"featured_media":9699,"template":"","meta":[],"product_cat":[244],"product_tag":[],"acf":[],"_links":{"self":[{"href":"https:\/\/wilug.cl\/index.php\/wp-json\/wp\/v2\/product\/9625"}],"collection":[{"href":"https:\/\/wilug.cl\/index.php\/wp-json\/wp\/v2\/product"}],"about":[{"href":"https:\/\/wilug.cl\/index.php\/wp-json\/wp\/v2\/types\/product"}],"wp:featuredmedia":[{"embeddable":true,"href":"https:\/\/wilug.cl\/index.php\/wp-json\/wp\/v2\/media\/9699"}],"wp:attachment":[{"href":"https:\/\/wilug.cl\/index.php\/wp-json\/wp\/v2\/media?parent=9625"}],"wp:term":[{"taxonomy":"product_cat","embeddable":true,"href":"https:\/\/wilug.cl\/index.php\/wp-json\/wp\/v2\/product_cat?post=9625"},{"taxonomy":"product_tag","embeddable":true,"href":"https:\/\/wilug.cl\/index.php\/wp-json\/wp\/v2\/product_tag?post=9625"}],"curies":[{"name":"wp","href":"https:\/\/api.w.org\/{rel}","templated":true}]}}