{"id":9655,"date":"2021-12-01T21:44:32","date_gmt":"2021-12-01T21:44:32","guid":{"rendered":"https:\/\/wilug.srtv.cl\/?post_type=product&#038;p=9655"},"modified":"2022-09-02T12:52:34","modified_gmt":"2022-09-02T12:52:34","slug":"soporte-tripode-co2-de-5-kg","status":"publish","type":"product","link":"https:\/\/wilug.cl\/index.php\/producto\/soporte-tripode-co2-de-5-kg\/","title":{"rendered":"SOPORTE TR\u00cdPODE CO2  DE 5 KG"},"content":{"rendered":"<p><strong>Descripci\u00f3n<\/strong><br \/>\nDe gran utilidad cuando existen problemas de est\u00e9tica o falta de lugares para instalar los extintores en las murallas (muros falsos o tabiquer\u00edas). Cumple con la norma de no dejar los extintores directamente en el suelo. Quedan r\u00e1pidamente instalados sin necesidad de perforar.<\/p>\n","protected":false},"excerpt":{"rendered":"<p><strong>Descripci\u00f3n<\/strong><br \/>\nDe gran utilidad cuando existen problemas de est\u00e9tica o falta de lugares para instalar los extintores en las murallas (muros falsos o tabiquer\u00edas). Cumple con la norma de no dejar los extintores directamente en el suelo. Quedan r\u00e1pidamente instalados sin necesidad de perforar.<\/p>\n","protected":false},"featured_media":9729,"template":"","meta":[],"product_cat":[253],"product_tag":[],"acf":[],"_links":{"self":[{"href":"https:\/\/wilug.cl\/index.php\/wp-json\/wp\/v2\/product\/9655"}],"collection":[{"href":"https:\/\/wilug.cl\/index.php\/wp-json\/wp\/v2\/product"}],"about":[{"href":"https:\/\/wilug.cl\/index.php\/wp-json\/wp\/v2\/types\/product"}],"wp:featuredmedia":[{"embeddable":true,"href":"https:\/\/wilug.cl\/index.php\/wp-json\/wp\/v2\/media\/9729"}],"wp:attachment":[{"href":"https:\/\/wilug.cl\/index.php\/wp-json\/wp\/v2\/media?parent=9655"}],"wp:term":[{"taxonomy":"product_cat","embeddable":true,"href":"https:\/\/wilug.cl\/index.php\/wp-json\/wp\/v2\/product_cat?post=9655"},{"taxonomy":"product_tag","embeddable":true,"href":"https:\/\/wilug.cl\/index.php\/wp-json\/wp\/v2\/product_tag?post=9655"}],"curies":[{"name":"wp","href":"https:\/\/api.w.org\/{rel}","templated":true}]}}