{"id":9668,"date":"2021-12-01T21:45:32","date_gmt":"2021-12-01T21:45:32","guid":{"rendered":"https:\/\/wilug.srtv.cl\/?post_type=product&#038;p=9668"},"modified":"2022-09-02T12:49:03","modified_gmt":"2022-09-02T12:49:03","slug":"gabinete-metalico-con-puerta-de-vidrio-ext-pqs-6-10-kg","status":"publish","type":"product","link":"https:\/\/wilug.cl\/index.php\/producto\/gabinete-metalico-con-puerta-de-vidrio-ext-pqs-6-10-kg\/","title":{"rendered":"GABINETE MET\u00c1LICO CON PUERTA DE VIDRIO EXT. PQS 6-10 KG"},"content":{"rendered":"<p><strong>Descripci\u00f3n<\/strong><br \/>\nGabinete extintor, con cierre a presi\u00f3n. Modelo: Cierre a presi\u00f3n x 1. Uso: Extintor 6 \u2013 10 Kgs. Fabricaci\u00f3n l\u00e1mina de acero laminado en fr\u00edo de 1mm, con pintura electroest\u00e1tica roja. Gabinete con puerta vidriada. Incluye Cristal y chapa rodillo. 75 a 65cm x 35 a 30cm x 25cm.<\/p>\n","protected":false},"excerpt":{"rendered":"<p><strong>Descripci\u00f3n<\/strong><br \/>\nGabinete extintor, con cierre a presi\u00f3n. Modelo: Cierre a presi\u00f3n x 1. Uso: Extintor 6 \u2013 10 Kgs. Fabricaci\u00f3n l\u00e1mina de acero laminado en fr\u00edo de 1mm, con pintura electroest\u00e1tica roja. Gabinete con puerta vidriada. Incluye Cristal y chapa rodillo. 75 a 65cm x 35 a 30cm x 25cm.<\/p>\n","protected":false},"featured_media":9737,"template":"","meta":[],"product_cat":[254],"product_tag":[],"acf":[],"_links":{"self":[{"href":"https:\/\/wilug.cl\/index.php\/wp-json\/wp\/v2\/product\/9668"}],"collection":[{"href":"https:\/\/wilug.cl\/index.php\/wp-json\/wp\/v2\/product"}],"about":[{"href":"https:\/\/wilug.cl\/index.php\/wp-json\/wp\/v2\/types\/product"}],"wp:featuredmedia":[{"embeddable":true,"href":"https:\/\/wilug.cl\/index.php\/wp-json\/wp\/v2\/media\/9737"}],"wp:attachment":[{"href":"https:\/\/wilug.cl\/index.php\/wp-json\/wp\/v2\/media?parent=9668"}],"wp:term":[{"taxonomy":"product_cat","embeddable":true,"href":"https:\/\/wilug.cl\/index.php\/wp-json\/wp\/v2\/product_cat?post=9668"},{"taxonomy":"product_tag","embeddable":true,"href":"https:\/\/wilug.cl\/index.php\/wp-json\/wp\/v2\/product_tag?post=9668"}],"curies":[{"name":"wp","href":"https:\/\/api.w.org\/{rel}","templated":true}]}}