{"id":9673,"date":"2021-12-01T21:45:57","date_gmt":"2021-12-01T21:45:57","guid":{"rendered":"https:\/\/wilug.srtv.cl\/?post_type=product&#038;p=9673"},"modified":"2022-09-02T13:20:17","modified_gmt":"2022-09-02T13:20:17","slug":"carrete-de-ataque-rapido-25-mts-manguera-semirrigida-1-con-pinton","status":"publish","type":"product","link":"https:\/\/wilug.cl\/index.php\/producto\/carrete-de-ataque-rapido-25-mts-manguera-semirrigida-1-con-pinton\/","title":{"rendered":"CARRETE DE ATAQUE R\u00c1PIDO 25 MTS MANGUERA SEMIRR\u00cdGIDA 1\u201d CON PINTON"},"content":{"rendered":"<p><strong>Descripci\u00f3n<\/strong><\/p>\n<p>\u2022\tCarrete autom\u00e1tico con manguera semirr\u00edgida de 1\u201d x 25 mts.<br \/>\n\u2022\tIncluye pit\u00f3n bronce forrado en pl\u00e1stico<br \/>\n\u2022\tGabinete de red h\u00fameda ataque r\u00e1pido con carrete interior abatible en 180\u00b0<br \/>\n\u2022\tManguera 1&#8243; x 25, mts. semirr\u00edgida en construcci\u00f3n chaqueta de poli\u00e9ster, tejido circular con espiral r\u00edgido, con forro interno de caucho EPDM y forro externo de PVC<\/p>\n<p><strong>Caracter\u00edsticas t\u00e9cnicas<\/strong><br \/>\n     Plato        Placa de instalaci\u00f3n        Gu\u00eda de perforaci\u00f3n        Conexi\u00f3n agua<br \/>\nDi\u00e1metro Ancho   Alto\t  Ancho\t        Eje Horizontal  Eje Vertical      Di\u00e1metro<br \/>\n 55cm\t 17cm   12,5cm\t  7,5cm            5,5 cm\t   9,5 cm           1\u201d<\/p>\n","protected":false},"excerpt":{"rendered":"<p><strong>Descripci\u00f3n<\/strong><\/p>\n<p>\u2022\tCarrete autom\u00e1tico con manguera semirr\u00edgida de 1\u201d x 25 mts.<br \/>\n\u2022\tIncluye pit\u00f3n bronce forrado en pl\u00e1stico<br \/>\n\u2022\tGabinete de red h\u00fameda ataque r\u00e1pido con carrete interior abatible en 180\u00b0<br \/>\n\u2022\tManguera 1&#8243; x 25, mts. semirr\u00edgida en construcci\u00f3n chaqueta de poli\u00e9ster, tejido circular con espiral r\u00edgido, con forro interno de caucho EPDM y forro externo de PVC<\/p>\n","protected":false},"featured_media":9741,"template":"","meta":[],"product_cat":[256],"product_tag":[],"acf":[],"_links":{"self":[{"href":"https:\/\/wilug.cl\/index.php\/wp-json\/wp\/v2\/product\/9673"}],"collection":[{"href":"https:\/\/wilug.cl\/index.php\/wp-json\/wp\/v2\/product"}],"about":[{"href":"https:\/\/wilug.cl\/index.php\/wp-json\/wp\/v2\/types\/product"}],"wp:featuredmedia":[{"embeddable":true,"href":"https:\/\/wilug.cl\/index.php\/wp-json\/wp\/v2\/media\/9741"}],"wp:attachment":[{"href":"https:\/\/wilug.cl\/index.php\/wp-json\/wp\/v2\/media?parent=9673"}],"wp:term":[{"taxonomy":"product_cat","embeddable":true,"href":"https:\/\/wilug.cl\/index.php\/wp-json\/wp\/v2\/product_cat?post=9673"},{"taxonomy":"product_tag","embeddable":true,"href":"https:\/\/wilug.cl\/index.php\/wp-json\/wp\/v2\/product_tag?post=9673"}],"curies":[{"name":"wp","href":"https:\/\/api.w.org\/{rel}","templated":true}]}}