{"id":9680,"date":"2021-12-01T21:46:28","date_gmt":"2021-12-01T21:46:28","guid":{"rendered":"https:\/\/wilug.srtv.cl\/?post_type=product&#038;p=9680"},"modified":"2022-09-02T13:21:36","modified_gmt":"2022-09-02T13:21:36","slug":"gabinete-metalico-rojo-con-puerta-de-acrilico","status":"publish","type":"product","link":"https:\/\/wilug.cl\/index.php\/producto\/gabinete-metalico-rojo-con-puerta-de-acrilico\/","title":{"rendered":"GABINETE MET\u00c1LICO ROJO CON PUERTA DE ACR\u00cdLICO"},"content":{"rendered":"<p><strong>Descripci\u00f3n<\/strong><br \/>\nMedidas: 70cm de alto x70cm de ancho x 30cm de profundidad.<\/p>\n","protected":false},"excerpt":{"rendered":"<p><strong>Descripci\u00f3n<\/strong><br \/>\nMedidas: 70cm de alto x70cm de ancho x 30cm de profundidad.<\/p>\n","protected":false},"featured_media":9750,"template":"","meta":[],"product_cat":[257],"product_tag":[],"acf":[],"_links":{"self":[{"href":"https:\/\/wilug.cl\/index.php\/wp-json\/wp\/v2\/product\/9680"}],"collection":[{"href":"https:\/\/wilug.cl\/index.php\/wp-json\/wp\/v2\/product"}],"about":[{"href":"https:\/\/wilug.cl\/index.php\/wp-json\/wp\/v2\/types\/product"}],"wp:featuredmedia":[{"embeddable":true,"href":"https:\/\/wilug.cl\/index.php\/wp-json\/wp\/v2\/media\/9750"}],"wp:attachment":[{"href":"https:\/\/wilug.cl\/index.php\/wp-json\/wp\/v2\/media?parent=9680"}],"wp:term":[{"taxonomy":"product_cat","embeddable":true,"href":"https:\/\/wilug.cl\/index.php\/wp-json\/wp\/v2\/product_cat?post=9680"},{"taxonomy":"product_tag","embeddable":true,"href":"https:\/\/wilug.cl\/index.php\/wp-json\/wp\/v2\/product_tag?post=9680"}],"curies":[{"name":"wp","href":"https:\/\/api.w.org\/{rel}","templated":true}]}}