{"id":9702,"date":"2021-12-01T21:48:00","date_gmt":"2021-12-01T21:48:00","guid":{"rendered":"https:\/\/wilug.srtv.cl\/?post_type=product&#038;p=9702"},"modified":"2022-09-02T13:26:27","modified_gmt":"2022-09-02T13:26:27","slug":"piton-palanca-3-posiciones-3-c-storz","status":"publish","type":"product","link":"https:\/\/wilug.cl\/index.php\/producto\/piton-palanca-3-posiciones-3-c-storz\/","title":{"rendered":"PITON PALANCA 3 POSICIONES 3\u201d c\/ Storz"},"content":{"rendered":"<p><strong>Caracter\u00edsticas<\/strong><br \/>\nUn cl\u00e1sico de la extinci\u00f3n, usado por a\u00f1os por los departamentos de bomberos. Una boquilla tubular larga m\u00e1s una v\u00e1lvula de bola con dise\u00f1o, permite que este pit\u00f3n a pesar de su forma tubular entregue triple efecto de flujo.<\/p>\n<p><strong>Caracter\u00edsticas t\u00e9cnicas<\/strong><br \/>\n\u2022 Construido en duro aluminio. (Liviano y resistente)<br \/>\n\u2022 Tipos de chorros: directo\/cono\/neblina y corte.<br \/>\n\u2022 Mango de goma en boquilla tubular.<br \/>\n\u2022 Presi\u00f3n de trabajo m\u00e1xima 100 psi. (7 bar).<\/p>\n","protected":false},"excerpt":{"rendered":"<p><strong>Caracter\u00edsticas<\/strong><br \/>\nUn cl\u00e1sico de la extinci\u00f3n, usado por a\u00f1os por los departamentos de bomberos. Una boquilla tubular larga m\u00e1s una v\u00e1lvula de bola con dise\u00f1o, permite que este pit\u00f3n a pesar de su forma tubular entregue triple efecto de flujo.<\/p>\n","protected":false},"featured_media":9757,"template":"","meta":[],"product_cat":[260],"product_tag":[],"acf":[],"_links":{"self":[{"href":"https:\/\/wilug.cl\/index.php\/wp-json\/wp\/v2\/product\/9702"}],"collection":[{"href":"https:\/\/wilug.cl\/index.php\/wp-json\/wp\/v2\/product"}],"about":[{"href":"https:\/\/wilug.cl\/index.php\/wp-json\/wp\/v2\/types\/product"}],"wp:featuredmedia":[{"embeddable":true,"href":"https:\/\/wilug.cl\/index.php\/wp-json\/wp\/v2\/media\/9757"}],"wp:attachment":[{"href":"https:\/\/wilug.cl\/index.php\/wp-json\/wp\/v2\/media?parent=9702"}],"wp:term":[{"taxonomy":"product_cat","embeddable":true,"href":"https:\/\/wilug.cl\/index.php\/wp-json\/wp\/v2\/product_cat?post=9702"},{"taxonomy":"product_tag","embeddable":true,"href":"https:\/\/wilug.cl\/index.php\/wp-json\/wp\/v2\/product_tag?post=9702"}],"curies":[{"name":"wp","href":"https:\/\/api.w.org\/{rel}","templated":true}]}}