{"id":9713,"date":"2021-12-01T21:48:59","date_gmt":"2021-12-01T21:48:59","guid":{"rendered":"https:\/\/wilug.srtv.cl\/?post_type=product&#038;p=9713"},"modified":"2022-09-02T13:29:28","modified_gmt":"2022-09-02T13:29:28","slug":"senaletica-para-pasillo-extintor","status":"publish","type":"product","link":"https:\/\/wilug.cl\/index.php\/producto\/senaletica-para-pasillo-extintor\/","title":{"rendered":"SE\u00d1ALETICA PARA PASILLO \u201cEXTINTOR\u201d"},"content":{"rendered":"<p><strong>Descripci\u00f3n<\/strong><br \/>\nSe\u00f1al\u00e9tica de acr\u00edlico de 90\u00b0 para pasillo de 24 x 17 cm.<\/p>\n","protected":false},"excerpt":{"rendered":"<p><strong>Descripci\u00f3n<\/strong><br \/>\nSe\u00f1al\u00e9tica de acr\u00edlico de 90\u00b0 para pasillo de 24 x 17 cm.<\/p>\n","protected":false},"featured_media":9769,"template":"","meta":[],"product_cat":[263],"product_tag":[],"acf":[],"_links":{"self":[{"href":"https:\/\/wilug.cl\/index.php\/wp-json\/wp\/v2\/product\/9713"}],"collection":[{"href":"https:\/\/wilug.cl\/index.php\/wp-json\/wp\/v2\/product"}],"about":[{"href":"https:\/\/wilug.cl\/index.php\/wp-json\/wp\/v2\/types\/product"}],"wp:featuredmedia":[{"embeddable":true,"href":"https:\/\/wilug.cl\/index.php\/wp-json\/wp\/v2\/media\/9769"}],"wp:attachment":[{"href":"https:\/\/wilug.cl\/index.php\/wp-json\/wp\/v2\/media?parent=9713"}],"wp:term":[{"taxonomy":"product_cat","embeddable":true,"href":"https:\/\/wilug.cl\/index.php\/wp-json\/wp\/v2\/product_cat?post=9713"},{"taxonomy":"product_tag","embeddable":true,"href":"https:\/\/wilug.cl\/index.php\/wp-json\/wp\/v2\/product_tag?post=9713"}],"curies":[{"name":"wp","href":"https:\/\/api.w.org\/{rel}","templated":true}]}}