{"id":9714,"date":"2021-12-01T21:49:02","date_gmt":"2021-12-01T21:49:02","guid":{"rendered":"https:\/\/wilug.srtv.cl\/?post_type=product&#038;p=9714"},"modified":"2022-09-02T12:56:30","modified_gmt":"2022-09-02T12:56:30","slug":"tapa-storz-1-c-cadena","status":"publish","type":"product","link":"https:\/\/wilug.cl\/index.php\/producto\/tapa-storz-1-c-cadena\/","title":{"rendered":"TAPA STORZ 1\u201d C\/CADENA"},"content":{"rendered":"<p><strong>Aplicaciones<\/strong><br \/>\nTapa Storz fabricada en aluminio que permite sellar herm\u00e9ticamente sistemas contra incendio (redes h\u00famedas y secas), evitando la filtraci\u00f3n de agua o entrada de agentes externos.<\/p>\n","protected":false},"excerpt":{"rendered":"<p><strong>Aplicaciones<\/strong><br \/>\nTapa Storz fabricada en aluminio que permite sellar herm\u00e9ticamente sistemas contra incendio (redes h\u00famedas y secas), evitando la filtraci\u00f3n de agua o entrada de agentes externos.<\/p>\n","protected":false},"featured_media":9770,"template":"","meta":[],"product_cat":[265],"product_tag":[],"acf":[],"_links":{"self":[{"href":"https:\/\/wilug.cl\/index.php\/wp-json\/wp\/v2\/product\/9714"}],"collection":[{"href":"https:\/\/wilug.cl\/index.php\/wp-json\/wp\/v2\/product"}],"about":[{"href":"https:\/\/wilug.cl\/index.php\/wp-json\/wp\/v2\/types\/product"}],"wp:featuredmedia":[{"embeddable":true,"href":"https:\/\/wilug.cl\/index.php\/wp-json\/wp\/v2\/media\/9770"}],"wp:attachment":[{"href":"https:\/\/wilug.cl\/index.php\/wp-json\/wp\/v2\/media?parent=9714"}],"wp:term":[{"taxonomy":"product_cat","embeddable":true,"href":"https:\/\/wilug.cl\/index.php\/wp-json\/wp\/v2\/product_cat?post=9714"},{"taxonomy":"product_tag","embeddable":true,"href":"https:\/\/wilug.cl\/index.php\/wp-json\/wp\/v2\/product_tag?post=9714"}],"curies":[{"name":"wp","href":"https:\/\/api.w.org\/{rel}","templated":true}]}}