{"id":9755,"date":"2021-12-01T21:52:26","date_gmt":"2021-12-01T21:52:26","guid":{"rendered":"https:\/\/wilug.srtv.cl\/?post_type=product&#038;p=9755"},"modified":"2022-12-29T18:29:42","modified_gmt":"2022-12-29T18:29:42","slug":"sprinkler-pendent-de-bronce-1-2-pulgada-68c","status":"publish","type":"product","link":"https:\/\/wilug.cl\/index.php\/producto\/sprinkler-pendent-de-bronce-1-2-pulgada-68c\/","title":{"rendered":"SPRINKLER PENDENT DE BRONCE \u00bd PULGADA 68\u00b0C"},"content":{"rendered":"<p><strong>Descripci\u00f3n<\/strong><br \/>\nRociador de agua con tap\u00f3n termo sensible que est\u00e1 dise\u00f1ado para accionarse al alcanzar cierta temperatura dependiendo del sprinkler.<br \/>\nEstos rociadores forman parte de un sistema autom\u00e1tico.  <\/p>\n<p><strong>Especificaciones t\u00e9cnicas<\/strong><br \/>\nOrificio nominal: 15 mm<br \/>\nHilo conexi\u00f3n: \u00bd pulgada<br \/>\nAcabado: Bronce<br \/>\nFactor de descarga: K 5,6<br \/>\nSuperficie de acci\u00f3n aprox.: 9 m2 a 12 m2 aprox.<br \/>\nTemperatura de accionamiento: 68\u00b0C<\/p>\n","protected":false},"excerpt":{"rendered":"<p><strong>Descripci\u00f3n<\/strong><br \/>\nRociador de agua con tap\u00f3n termo sensible que est\u00e1 dise\u00f1ado para accionarse al alcanzar cierta temperatura dependiendo del sprinkler.<br \/>\nEstos rociadores forman parte de un sistema autom\u00e1tico.<\/p>\n","protected":false},"featured_media":9778,"template":"","meta":[],"product_cat":[269],"product_tag":[],"acf":[],"_links":{"self":[{"href":"https:\/\/wilug.cl\/index.php\/wp-json\/wp\/v2\/product\/9755"}],"collection":[{"href":"https:\/\/wilug.cl\/index.php\/wp-json\/wp\/v2\/product"}],"about":[{"href":"https:\/\/wilug.cl\/index.php\/wp-json\/wp\/v2\/types\/product"}],"wp:featuredmedia":[{"embeddable":true,"href":"https:\/\/wilug.cl\/index.php\/wp-json\/wp\/v2\/media\/9778"}],"wp:attachment":[{"href":"https:\/\/wilug.cl\/index.php\/wp-json\/wp\/v2\/media?parent=9755"}],"wp:term":[{"taxonomy":"product_cat","embeddable":true,"href":"https:\/\/wilug.cl\/index.php\/wp-json\/wp\/v2\/product_cat?post=9755"},{"taxonomy":"product_tag","embeddable":true,"href":"https:\/\/wilug.cl\/index.php\/wp-json\/wp\/v2\/product_tag?post=9755"}],"curies":[{"name":"wp","href":"https:\/\/api.w.org\/{rel}","templated":true}]}}