{"id":9760,"date":"2021-12-01T21:52:57","date_gmt":"2021-12-01T21:52:57","guid":{"rendered":"https:\/\/wilug.srtv.cl\/?post_type=product&#038;p=9760"},"modified":"2022-09-02T13:06:13","modified_gmt":"2022-09-02T13:06:13","slug":"valvula-angular-90-1-hi-hi-npt","status":"publish","type":"product","link":"https:\/\/wilug.cl\/index.php\/producto\/valvula-angular-90-1-hi-hi-npt\/","title":{"rendered":"V\u00c1LVULA ANGULAR 90\u00b0 1\u201d HI-HI NPT"},"content":{"rendered":"<p><strong>Aplicaciones<\/strong><br \/>\nV\u00e1lvula de globo fabricada en bronce est\u00e1 compuesta del cuerpo con entrada y salida, el mecanismo de la v\u00e1lvula (bronce, aluminio), empaquetaduras. Normalmente usadas en redes secas de edificios dentro o fuera de un gabinete.<\/p>\n","protected":false},"excerpt":{"rendered":"<p><strong>Aplicaciones<\/strong><br \/>\nV\u00e1lvula de globo fabricada en bronce est\u00e1 compuesta del cuerpo con entrada y salida, el mecanismo de la v\u00e1lvula (bronce, aluminio), empaquetaduras. Normalmente usadas en redes secas de edificios dentro o fuera de un gabinete.<\/p>\n","protected":false},"featured_media":9780,"template":"","meta":[],"product_cat":[270],"product_tag":[],"acf":[],"_links":{"self":[{"href":"https:\/\/wilug.cl\/index.php\/wp-json\/wp\/v2\/product\/9760"}],"collection":[{"href":"https:\/\/wilug.cl\/index.php\/wp-json\/wp\/v2\/product"}],"about":[{"href":"https:\/\/wilug.cl\/index.php\/wp-json\/wp\/v2\/types\/product"}],"wp:featuredmedia":[{"embeddable":true,"href":"https:\/\/wilug.cl\/index.php\/wp-json\/wp\/v2\/media\/9780"}],"wp:attachment":[{"href":"https:\/\/wilug.cl\/index.php\/wp-json\/wp\/v2\/media?parent=9760"}],"wp:term":[{"taxonomy":"product_cat","embeddable":true,"href":"https:\/\/wilug.cl\/index.php\/wp-json\/wp\/v2\/product_cat?post=9760"},{"taxonomy":"product_tag","embeddable":true,"href":"https:\/\/wilug.cl\/index.php\/wp-json\/wp\/v2\/product_tag?post=9760"}],"curies":[{"name":"wp","href":"https:\/\/api.w.org\/{rel}","templated":true}]}}